{"id":245138,"date":"2025-03-20T14:30:57","date_gmt":"2025-03-20T14:30:57","guid":{"rendered":"https:\/\/aromasentia.com\/product\/tangerine-ylang-patchouli-hand-body-lotion-250ml-unlabelled\/"},"modified":"2025-06-28T22:25:09","modified_gmt":"2025-06-28T22:25:09","slug":"mandarina-ylang-y-pachuli-locion-corporal-y-para-manos-250ml-sin-etiqueta","status":"publish","type":"product","link":"https:\/\/aromasentia.com\/es\/mandarina-ylang-y-pachuli-locion-corporal-y-para-manos-250ml-sin-etiqueta\/","title":{"rendered":"Mandarina, Ylang y Pachul\u00ed Loci\u00f3n corporal y para Manos 250ml &#8211; Sin Etiqueta"},"content":{"rendered":"<p>Encuentra el equilibrio con nuestra Loci\u00f3n para Manos y Cuerpo de Mandarina, Ylang Ylang y Pachul\u00ed. Esta loci\u00f3n sin etiquetar de 250 ml presenta una mezcla compleja y armoniosa: la dulce y estimulante mandarina se funde con la riqueza ex\u00f3tica y floral del ylang ylang, todo ello cimentado por las notas profundas y terrosas del pachul\u00ed. Este cautivador aroma calma la mente, mientras que la loci\u00f3n nutre en profundidad la piel, dej\u00e1ndola suave, hidratada y maravillosamente perfumada. Una hidratante diaria perfecta para crear una sensaci\u00f3n de calma y bienestar sensual.<\/p>\n","protected":false},"excerpt":{"rendered":"<p>Encuentra el equilibrio con nuestra Loci\u00f3n para Manos y Cuerpo de Mandarina, Ylang Ylang y Pachul\u00ed. Esta loci\u00f3n sin etiquetar de 250 ml presenta una mezcla compleja y armoniosa: la dulce y estimulante mandarina se funde con la riqueza ex\u00f3tica y floral del ylang ylang, todo ello cimentado por las notas profundas y terrosas del [&hellip;]<\/p>\n","protected":false},"featured_media":255327,"comment_status":"closed","ping_status":"open","template":"","meta":{"_angie_page":false},"product_brand":[],"product_cat":[25844,16460,26835,26332,26403,26828,26442],"product_tag":[],"class_list":{"0":"post-245138","1":"product","2":"type-product","3":"status-publish","4":"has-post-thumbnail","6":"product_cat-aromas","7":"product_cat-aromaterapia-y-fragancias-para-hogar","8":"product_cat-floral","9":"product_cat-pachuli","10":"product_cat-tangerina","11":"product_cat-terroso-verde","12":"product_cat-ylang-ylang","13":"pa_collection-aromatherapy-hand-body-lotion-unlabeled-es","14":"pa_made-in-reino-unido","15":"pa_size-250ml","17":"first","18":"outofstock","19":"purchasable","20":"product-type-simple"},"supplier_id":null,"supplier_sku":"AHBLUL-02DS","barcode":null,"atum_controlled":true,"out_stock_date":"2026-04-25 15:11:39","out_stock_threshold":null,"inheritable":false,"inbound_stock":null,"stock_on_hold":0,"sold_today":0,"sales_last_days":0,"reserved_stock":null,"customer_returns":null,"warehouse_damage":null,"lost_in_post":null,"other_logs":null,"out_stock_days":0,"lost_sales":0,"has_location":null,"update_date":"2026-04-27T06:50:01","atum_locations":[],"atum_stock_status":"outofstock","restock_status":false,"low_stock_amount":"","sales_update_date":"2026-02-06T00:01:18","calc_backorders":null,"_links":{"self":[{"href":"https:\/\/aromasentia.com\/es\/wp-json\/wp\/v2\/product\/245138","targetHints":{"allow":["GET"]}}],"collection":[{"href":"https:\/\/aromasentia.com\/es\/wp-json\/wp\/v2\/product"}],"about":[{"href":"https:\/\/aromasentia.com\/es\/wp-json\/wp\/v2\/types\/product"}],"replies":[{"embeddable":true,"href":"https:\/\/aromasentia.com\/es\/wp-json\/wp\/v2\/comments?post=245138"}],"version-history":[{"count":0,"href":"https:\/\/aromasentia.com\/es\/wp-json\/wp\/v2\/product\/245138\/revisions"}],"wp:featuredmedia":[{"embeddable":true,"href":"https:\/\/aromasentia.com\/es\/wp-json\/wp\/v2\/media\/255327"}],"wp:attachment":[{"href":"https:\/\/aromasentia.com\/es\/wp-json\/wp\/v2\/media?parent=245138"}],"wp:term":[{"taxonomy":"product_brand","embeddable":true,"href":"https:\/\/aromasentia.com\/es\/wp-json\/wp\/v2\/product_brand?post=245138"},{"taxonomy":"product_cat","embeddable":true,"href":"https:\/\/aromasentia.com\/es\/wp-json\/wp\/v2\/product_cat?post=245138"},{"taxonomy":"product_tag","embeddable":true,"href":"https:\/\/aromasentia.com\/es\/wp-json\/wp\/v2\/product_tag?post=245138"}],"curies":[{"name":"wp","href":"https:\/\/api.w.org\/{rel}","templated":true}]}}