{"id":245082,"date":"2025-03-20T14:30:57","date_gmt":"2025-03-20T14:30:57","guid":{"rendered":"https:\/\/aromasentia.com\/product\/car-diffuser-kit-pewter-yoga-chakra-30mm\/"},"modified":"2025-05-31T21:10:05","modified_gmt":"2025-05-31T21:10:05","slug":"kit-difusor-para-coche-estano-yoga-chakra-30mm","status":"publish","type":"product","link":"https:\/\/aromasentia.com\/es\/kit-difusor-para-coche-estano-yoga-chakra-30mm\/","title":{"rendered":"Kit difusor para coche &#8211; Esta\u00f1o yoga chakra &#8211; 30mm"},"content":{"rendered":"<p>Aroma Sentia Espa\u00f1a Mayorista de Difusores. Mejore su viaje con este difusor de aromaterapia \u00fanico. Puede seleccionar sus aceites esenciales o mezclas favoritos y experimentar los beneficios positivos para la salud que brindan mientras conduce.<\/p>\n<p><\/p>\n<p>El medall\u00f3n de dise\u00f1o contiene una almohadilla de fieltro que puede contener unas gotas de aceite. Enganche al panel de ventilaci\u00f3n de su autom\u00f3vil para permitir que la fragancia fluya. El medall\u00f3n est\u00e1 hecho de acero inoxidable de alta calidad y se suministra con 10 almohadillas de fieltro absorbentes y reutilizables lavables en una variedad de colores. Ahora puedes controlar la fragancia en tu coche.<\/p>\n<p><\/p>\n<p>Complementa tu coche con joyas \u00fanicas. Elige tu propio aroma para adaptarse a tu estado de \u00e1nimo. Incluye 10 almohadillas de fieltro de fragancia de color Recomendamos nuestros aceites esenciales puros o mezclas. El kit del difusor de autom\u00f3vil contiene espacio para 10 ml de aceite esencial, aumentar las ventas al vender un juego junto con el aceite.<\/p>\n","protected":false},"excerpt":{"rendered":"<p>Aroma Sentia Espa\u00f1a Mayorista de Difusores. Mejore su viaje con este difusor de aromaterapia \u00fanico. Puede seleccionar sus aceites esenciales o mezclas favoritos y experimentar los beneficios positivos para la salud que brindan mientras conduce. El medall\u00f3n de dise\u00f1o contiene una almohadilla de fieltro que puede contener unas gotas de aceite. Enganche al panel de [&hellip;]<\/p>\n","protected":false},"featured_media":256490,"comment_status":"closed","ping_status":"open","template":"","meta":{"_angie_page":false},"product_brand":[],"product_cat":[24885,16524],"product_tag":[],"class_list":{"0":"post-245082","1":"product","2":"type-product","3":"status-publish","4":"has-post-thumbnail","6":"product_cat-ambientador-de-coche","7":"product_cat-difusores-de-aroma-y-barritas-aromaticas","8":"pa_collection-aromatherapy-car-diffuser-kit-es","9":"pa_made-in-china","11":"first","12":"instock","13":"purchasable","14":"product-type-simple"},"supplier_id":null,"supplier_sku":"AromaC-10","barcode":null,"atum_controlled":true,"out_stock_date":null,"out_stock_threshold":null,"inheritable":false,"inbound_stock":null,"stock_on_hold":0,"sold_today":0,"sales_last_days":0,"reserved_stock":null,"customer_returns":null,"warehouse_damage":null,"lost_in_post":null,"other_logs":null,"out_stock_days":0,"lost_sales":0,"has_location":null,"update_date":"2026-05-08T05:02:37","atum_locations":[],"atum_stock_status":"instock","restock_status":false,"low_stock_amount":"","sales_update_date":"2025-10-09T03:23:22","calc_backorders":null,"_links":{"self":[{"href":"https:\/\/aromasentia.com\/es\/wp-json\/wp\/v2\/product\/245082","targetHints":{"allow":["GET"]}}],"collection":[{"href":"https:\/\/aromasentia.com\/es\/wp-json\/wp\/v2\/product"}],"about":[{"href":"https:\/\/aromasentia.com\/es\/wp-json\/wp\/v2\/types\/product"}],"replies":[{"embeddable":true,"href":"https:\/\/aromasentia.com\/es\/wp-json\/wp\/v2\/comments?post=245082"}],"version-history":[{"count":0,"href":"https:\/\/aromasentia.com\/es\/wp-json\/wp\/v2\/product\/245082\/revisions"}],"wp:featuredmedia":[{"embeddable":true,"href":"https:\/\/aromasentia.com\/es\/wp-json\/wp\/v2\/media\/256490"}],"wp:attachment":[{"href":"https:\/\/aromasentia.com\/es\/wp-json\/wp\/v2\/media?parent=245082"}],"wp:term":[{"taxonomy":"product_brand","embeddable":true,"href":"https:\/\/aromasentia.com\/es\/wp-json\/wp\/v2\/product_brand?post=245082"},{"taxonomy":"product_cat","embeddable":true,"href":"https:\/\/aromasentia.com\/es\/wp-json\/wp\/v2\/product_cat?post=245082"},{"taxonomy":"product_tag","embeddable":true,"href":"https:\/\/aromasentia.com\/es\/wp-json\/wp\/v2\/product_tag?post=245082"}],"curies":[{"name":"wp","href":"https:\/\/api.w.org\/{rel}","templated":true}]}}