{"id":245042,"date":"2025-03-20T14:33:05","date_gmt":"2025-03-20T14:33:05","guid":{"rendered":"https:\/\/aromasentia.com\/product\/energising-essential-oil-blend-boxed-10ml\/"},"modified":"2025-05-31T21:09:35","modified_gmt":"2025-05-31T21:09:35","slug":"mezcla-aceites-esenciales-10ml-caja-energizante","status":"publish","type":"product","link":"https:\/\/aromasentia.com\/es\/mezcla-aceites-esenciales-10ml-caja-energizante\/","title":{"rendered":"Mezcla Aceites Esenciales 10ml &#8211; Caja &#8211; Energizante"},"content":{"rendered":"<h1 style=\"text-align: center;\"><strong>Menta, Incienso y Limon<\/strong><\/h1>\n<p><strong>Beneficios energizantes de la mezcla de aceites esenciales<\/strong><\/p>\n<p>&#8211; revitaliza los niveles de energ\u00eda<\/p>\n<p>&#8211; Lo mantiene alerta y puede aliviar la fatiga.<\/p>\n<p>&#8211; eleva el estado de \u00e1nimo<\/p>\n<p style=\"text-align: justify;\"><strong><br \/><\/strong><\/p>\n<p style=\"text-align: justify;\"><strong>Podr\u00e1 hacer un ba\u00f1o relajante con estas mezclas de aceites<\/strong> esenciales, ya sea que quiera relajarse o sentirse con energ\u00eda. Imagine que puede agregar unas gotas de aceite esencial en la mano o en los pies despu\u00e9s de un largo d\u00eda de trabajo y relajaci\u00f3n, tambi\u00e9n puede usarlo en las mu\u00f1ecas o en la parte posterior del cuello, seg\u00fan lo desee.<\/p>\n<p style=\"text-align: justify;\"><\/p>\n<p style=\"text-align: justify;\">Como esta gama de productos est\u00e1 hecha de mezclas de aceites esenciales puros, recomendamos diluirlos con nuestros aceites base antes de aplicarlos sobre la piel.<\/p>\n","protected":false},"excerpt":{"rendered":"<p>Menta, Incienso y Limon Beneficios energizantes de la mezcla de aceites esenciales &#8211; revitaliza los niveles de energ\u00eda &#8211; Lo mantiene alerta y puede aliviar la fatiga. &#8211; eleva el estado de \u00e1nimo Podr\u00e1 hacer un ba\u00f1o relajante con estas mezclas de aceites esenciales, ya sea que quiera relajarse o sentirse con energ\u00eda. Imagine que [&hellip;]<\/p>\n","protected":false},"featured_media":257691,"comment_status":"closed","ping_status":"open","template":"","meta":{"_angie_page":false},"product_brand":[],"product_cat":[23652,16460,26652],"product_tag":[],"class_list":{"0":"post-245042","1":"product","2":"type-product","3":"status-publish","4":"has-post-thumbnail","6":"product_cat-aceites-esenciales","7":"product_cat-aromaterapia-y-fragancias-para-hogar","8":"product_cat-mezclas-aceites-esenciales","9":"pa_collection-premium-essential-oil-blends-es","10":"pa_made-in-estados-unidos","11":"pa_size-10ml","13":"first","14":"instock","15":"purchasable","16":"product-type-simple"},"supplier_id":null,"supplier_sku":"AWEBL-01","barcode":null,"atum_controlled":true,"out_stock_date":null,"out_stock_threshold":null,"inheritable":false,"inbound_stock":null,"stock_on_hold":0,"sold_today":0,"sales_last_days":0,"reserved_stock":null,"customer_returns":null,"warehouse_damage":null,"lost_in_post":null,"other_logs":null,"out_stock_days":0,"lost_sales":0,"has_location":null,"update_date":"2026-04-30T19:05:59","atum_locations":[],"atum_stock_status":"instock","restock_status":false,"low_stock_amount":"","sales_update_date":"2025-10-09T03:24:14","calc_backorders":null,"_links":{"self":[{"href":"https:\/\/aromasentia.com\/es\/wp-json\/wp\/v2\/product\/245042","targetHints":{"allow":["GET"]}}],"collection":[{"href":"https:\/\/aromasentia.com\/es\/wp-json\/wp\/v2\/product"}],"about":[{"href":"https:\/\/aromasentia.com\/es\/wp-json\/wp\/v2\/types\/product"}],"replies":[{"embeddable":true,"href":"https:\/\/aromasentia.com\/es\/wp-json\/wp\/v2\/comments?post=245042"}],"version-history":[{"count":0,"href":"https:\/\/aromasentia.com\/es\/wp-json\/wp\/v2\/product\/245042\/revisions"}],"wp:featuredmedia":[{"embeddable":true,"href":"https:\/\/aromasentia.com\/es\/wp-json\/wp\/v2\/media\/257691"}],"wp:attachment":[{"href":"https:\/\/aromasentia.com\/es\/wp-json\/wp\/v2\/media?parent=245042"}],"wp:term":[{"taxonomy":"product_brand","embeddable":true,"href":"https:\/\/aromasentia.com\/es\/wp-json\/wp\/v2\/product_brand?post=245042"},{"taxonomy":"product_cat","embeddable":true,"href":"https:\/\/aromasentia.com\/es\/wp-json\/wp\/v2\/product_cat?post=245042"},{"taxonomy":"product_tag","embeddable":true,"href":"https:\/\/aromasentia.com\/es\/wp-json\/wp\/v2\/product_tag?post=245042"}],"curies":[{"name":"wp","href":"https:\/\/api.w.org\/{rel}","templated":true}]}}