{"id":245010,"date":"2025-03-20T14:33:05","date_gmt":"2025-03-20T14:33:05","guid":{"rendered":"https:\/\/aromasentia.com\/product\/aromatherapy-jewellery-necklace-hamsa-chakra-30mm\/"},"modified":"2025-05-31T21:09:11","modified_gmt":"2025-05-31T21:09:11","slug":"collar-de-joyeria-de-aromaterapia-hamsa-chakra-30mm","status":"publish","type":"product","link":"https:\/\/aromasentia.com\/es\/collar-de-joyeria-de-aromaterapia-hamsa-chakra-30mm\/","title":{"rendered":"Collar de Joyer\u00eda de Aromaterapia &#8211; Hamsa Chakra &#8211; 30mm"},"content":{"rendered":"<p>Collares difusores de aromaterapia<\/p>\n<p>Estos collares difusores de aromaterapia al por mayor permitir\u00e1n que sus clientes usen su aceite esencial favorito o una de nuestras mezclas especiales dondequiera que vayan, al mismo tiempo que experimentan los beneficios de salud positivos que brindan. Cada medall\u00f3n contiene una peque\u00f1a pieza de almohadilla que contiene unas gotas de aceite que se difunde lentamente a trav\u00e9s de los orificios de ventilaci\u00f3n en la parte frontal. El olor de su aceite puede durar varios d\u00edas, pero siempre puede agregar m\u00e1s aceite a la almohadilla despu\u00e9s de que el aceite se haya difundido por completo.<\/p>\n<p><\/p>\n<p>Los medallones est\u00e1n disponibles en dos tama\u00f1os de 25 mm y 30 mm de di\u00e1metro y 5 mm de grosor y est\u00e1n hechos de acero inoxidable para garantizar que los aceites no pierdan el brillo ni rompan el metal con el tiempo. Cada collar viene con 10 almohadillas de colores surtidos.<\/p>\n<p><\/p>\n<p>La parte posterior del medall\u00f3n es s\u00f3lida y ofrecemos una selecci\u00f3n de 12 hermosos dise\u00f1os de corte l\u00e1ser para elegir. Los medallones se pueden abrir a trav\u00e9s de una peque\u00f1a hendidura a la derecha que se mantiene unida con un fuerte cierre magn\u00e9tico.<\/p>\n<p><\/p>\n<p>As\u00ed que apresure el pedido hoy mismo de esta impresionante gama de collares, elija sus aceites esenciales o mezclas y ofrezca a sus clientes la mejor aromaterapia port\u00e1til.<\/p>\n","protected":false},"excerpt":{"rendered":"<p>Collares difusores de aromaterapia Estos collares difusores de aromaterapia al por mayor permitir\u00e1n que sus clientes usen su aceite esencial favorito o una de nuestras mezclas especiales dondequiera que vayan, al mismo tiempo que experimentan los beneficios de salud positivos que brindan. Cada medall\u00f3n contiene una peque\u00f1a pieza de almohadilla que contiene unas gotas de [&hellip;]<\/p>\n","protected":false},"featured_media":257291,"comment_status":"closed","ping_status":"open","template":"","meta":{"_angie_page":false},"product_brand":[],"product_cat":[16460,25215],"product_tag":[],"class_list":{"0":"post-245010","1":"product","2":"type-product","3":"status-publish","4":"has-post-thumbnail","6":"product_cat-aromaterapia-y-fragancias-para-hogar","7":"product_cat-collares-y-colgantes","8":"pa_collection-aromatherapy-jewellery-necklaces-and-bracelets-es","9":"pa_made-in-china","11":"first","12":"instock","13":"purchasable","14":"product-type-simple"},"supplier_id":null,"supplier_sku":"AromaJ-18","barcode":null,"atum_controlled":true,"out_stock_date":null,"out_stock_threshold":null,"inheritable":false,"inbound_stock":null,"stock_on_hold":0,"sold_today":0,"sales_last_days":0,"reserved_stock":null,"customer_returns":null,"warehouse_damage":null,"lost_in_post":null,"other_logs":null,"out_stock_days":0,"lost_sales":0,"has_location":null,"update_date":"2026-04-27T06:50:34","atum_locations":[],"atum_stock_status":"instock","restock_status":false,"low_stock_amount":"","sales_update_date":"2026-01-30T01:25:57","calc_backorders":null,"_links":{"self":[{"href":"https:\/\/aromasentia.com\/es\/wp-json\/wp\/v2\/product\/245010","targetHints":{"allow":["GET"]}}],"collection":[{"href":"https:\/\/aromasentia.com\/es\/wp-json\/wp\/v2\/product"}],"about":[{"href":"https:\/\/aromasentia.com\/es\/wp-json\/wp\/v2\/types\/product"}],"replies":[{"embeddable":true,"href":"https:\/\/aromasentia.com\/es\/wp-json\/wp\/v2\/comments?post=245010"}],"version-history":[{"count":0,"href":"https:\/\/aromasentia.com\/es\/wp-json\/wp\/v2\/product\/245010\/revisions"}],"wp:featuredmedia":[{"embeddable":true,"href":"https:\/\/aromasentia.com\/es\/wp-json\/wp\/v2\/media\/257291"}],"wp:attachment":[{"href":"https:\/\/aromasentia.com\/es\/wp-json\/wp\/v2\/media?parent=245010"}],"wp:term":[{"taxonomy":"product_brand","embeddable":true,"href":"https:\/\/aromasentia.com\/es\/wp-json\/wp\/v2\/product_brand?post=245010"},{"taxonomy":"product_cat","embeddable":true,"href":"https:\/\/aromasentia.com\/es\/wp-json\/wp\/v2\/product_cat?post=245010"},{"taxonomy":"product_tag","embeddable":true,"href":"https:\/\/aromasentia.com\/es\/wp-json\/wp\/v2\/product_tag?post=245010"}],"curies":[{"name":"wp","href":"https:\/\/api.w.org\/{rel}","templated":true}]}}