{"id":244954,"date":"2025-03-20T14:35:19","date_gmt":"2025-03-20T14:35:19","guid":{"rendered":"https:\/\/aromasentia.com\/product\/1-litre-beard-oil-roman-gladiator-enhance\/"},"modified":"2025-05-31T21:08:17","modified_gmt":"2025-05-31T21:08:17","slug":"aceite-para-barba-roman-gladiator-enhance-1-litro","status":"publish","type":"product","link":"https:\/\/aromasentia.com\/es\/aceite-para-barba-roman-gladiator-enhance-1-litro\/","title":{"rendered":"\u00a1Aceite para Barba &#8211; Roman Gladiator &#8211; Enhance! 1 Litro"},"content":{"rendered":"<p>Hemos mezclado cuidadosamente cuatro tipos para ayudar a limpiar, acondicionar, regenerar y mejorar cualquier barba o barba incipiente (ver m\u00e1s abajo). A partir de una demanda de sus clientes hemos creado para usted una&nbsp;gama a granel de Aceites para Barba, ahora puede comprarlos&nbsp;en unas peque\u00f1as botellas de aluminio de aceites esenciales puros&nbsp;y aceites de Coco, Albaricoque, Aguacate, Arg\u00e1n, Vitamina E y Jojoba Dorada.&nbsp;Esta es una gran oportunidad para etiquetar y crear su propia marca de Aceite para Barba.<\/p>\n<p>Las propiedades acondicionadoras de un buen aceite para barba son indispensables. El aceite para barba no s\u00f3lo ayudar\u00e1 a que crezca mejor, sino que la har\u00e1 m\u00e1s c\u00f3moda, sana y con un olor dulce en el proceso.<\/p>\n<p>\u00bfQu\u00e9 significa esto exactamente? Todos esos aceites ricos en vitaminas suavizar\u00e1n el pelo \u00e1spero y ayudar\u00e1n a que sea flexible y m\u00e1s f\u00e1cil de peinar. Y, entre bastidores, ayudar\u00e1n a acondicionar la piel que hay debajo, reduciendo las posibilidades de que aparezcan picores o escamas. Tenga la seguridad de que sus clientes se lo agradecer\u00e1n.<\/p>\n<p>Todo es bueno y natural, as\u00ed que sea un H\u00e9roe Espartano y pida hoy mismo la nueva gama de aceites para barba al por mayor.<\/p>\n<p>\n","protected":false},"excerpt":{"rendered":"<p>Hemos mezclado cuidadosamente cuatro tipos para ayudar a limpiar, acondicionar, regenerar y mejorar cualquier barba o barba incipiente (ver m\u00e1s abajo). A partir de una demanda de sus clientes hemos creado para usted una&nbsp;gama a granel de Aceites para Barba, ahora puede comprarlos&nbsp;en unas peque\u00f1as botellas de aluminio de aceites esenciales puros&nbsp;y aceites de Coco, [&hellip;]<\/p>\n","protected":false},"featured_media":258943,"comment_status":"closed","ping_status":"open","template":"","meta":{"_angie_page":false},"product_brand":[],"product_cat":[25812,19453,20556],"product_tag":[],"class_list":{"0":"post-244954","1":"product","2":"type-product","3":"status-publish","4":"has-post-thumbnail","6":"product_cat-aceites-para-barba","7":"product_cat-bano-y-ducha","8":"product_cat-cuidado-del-cabello","9":"pa_collection-pure-and-natural-beard-oils-1-litre-es","10":"pa_made-in-reino-unido","12":"first","13":"instock","14":"purchasable","15":"product-type-simple"},"supplier_id":null,"supplier_sku":"BeardoB-04","barcode":null,"atum_controlled":true,"out_stock_date":null,"out_stock_threshold":null,"inheritable":false,"inbound_stock":null,"stock_on_hold":0,"sold_today":0,"sales_last_days":0,"reserved_stock":null,"customer_returns":null,"warehouse_damage":null,"lost_in_post":null,"other_logs":null,"out_stock_days":0,"lost_sales":0,"has_location":null,"update_date":"2026-04-27T06:54:47","atum_locations":[],"atum_stock_status":"instock","restock_status":false,"low_stock_amount":"","sales_update_date":"2026-01-30T01:25:23","calc_backorders":null,"_links":{"self":[{"href":"https:\/\/aromasentia.com\/es\/wp-json\/wp\/v2\/product\/244954","targetHints":{"allow":["GET"]}}],"collection":[{"href":"https:\/\/aromasentia.com\/es\/wp-json\/wp\/v2\/product"}],"about":[{"href":"https:\/\/aromasentia.com\/es\/wp-json\/wp\/v2\/types\/product"}],"replies":[{"embeddable":true,"href":"https:\/\/aromasentia.com\/es\/wp-json\/wp\/v2\/comments?post=244954"}],"version-history":[{"count":0,"href":"https:\/\/aromasentia.com\/es\/wp-json\/wp\/v2\/product\/244954\/revisions"}],"wp:featuredmedia":[{"embeddable":true,"href":"https:\/\/aromasentia.com\/es\/wp-json\/wp\/v2\/media\/258943"}],"wp:attachment":[{"href":"https:\/\/aromasentia.com\/es\/wp-json\/wp\/v2\/media?parent=244954"}],"wp:term":[{"taxonomy":"product_brand","embeddable":true,"href":"https:\/\/aromasentia.com\/es\/wp-json\/wp\/v2\/product_brand?post=244954"},{"taxonomy":"product_cat","embeddable":true,"href":"https:\/\/aromasentia.com\/es\/wp-json\/wp\/v2\/product_cat?post=244954"},{"taxonomy":"product_tag","embeddable":true,"href":"https:\/\/aromasentia.com\/es\/wp-json\/wp\/v2\/product_tag?post=244954"}],"curies":[{"name":"wp","href":"https:\/\/api.w.org\/{rel}","templated":true}]}}