{"id":244938,"date":"2025-03-20T14:35:19","date_gmt":"2025-03-20T14:35:19","guid":{"rendered":"https:\/\/aromasentia.com\/product\/50ml-beard-oil-roman-gladiator-enhance\/"},"modified":"2025-05-31T21:08:07","modified_gmt":"2025-05-31T21:08:07","slug":"aceite-para-la-barba-50ml-roman-gladiator-mejora","status":"publish","type":"product","link":"https:\/\/aromasentia.com\/es\/aceite-para-la-barba-50ml-roman-gladiator-mejora\/","title":{"rendered":"Aceite para la Barba 50ml &#8211; Roman Gladiator &#8211; \u00a1Mejora!"},"content":{"rendered":"<p style=\"text-align: justify;\">T\u00f3mese un descanso de lo frutal y floral, para probar este aroma limpio y ex\u00f3tico de Black Pepper y Bergamot Beard Oil, cuidadosamente mezclado en aceite de albaricoque, arg\u00e1n y vitamina E para uso diario.<\/p>\n<p style=\"text-align: justify;\">Hecho en peque\u00f1os lotes y dise\u00f1ado para mejorar el crecimiento de cualquier rastrojo o barba.<\/p>\n<p style=\"text-align: justify;\">El aceite de barba suavizar\u00e1 el cabello grueso y lo har\u00e1 m\u00e1s flexible y f\u00e1cil de peinar.&nbsp;<\/p>\n<p style=\"text-align: justify;\">Y, detr\u00e1s de las escenas, ayudar\u00e1 a acondicionar la piel debajo, reduciendo las posibilidades de que se vuelva picaz\u00f3n o escamas. Descansa tranquilo, tu barba te lo agradecer\u00e1.<\/p>\n<p style=\"text-align: justify;\">Se dice que Blackpepper es rico en vitaminas A y C, flavonoides, carotenoides y otros antioxidantes, esto ayuda a estimular el crecimiento de la barba mientras se beneficia de los tonos picantes y ex\u00f3ticos de este aceite de barba m\u00e1s vendido.<\/p>\n<p style=\"text-align: justify;\"><strong>Todo es bueno y natural, as\u00ed que s\u00e9 un Gladiador romano y mejora tu barba o rastrojo.<\/strong><\/p>\n","protected":false},"excerpt":{"rendered":"<p>T\u00f3mese un descanso de lo frutal y floral, para probar este aroma limpio y ex\u00f3tico de Black Pepper y Bergamot Beard Oil, cuidadosamente mezclado en aceite de albaricoque, arg\u00e1n y vitamina E para uso diario. Hecho en peque\u00f1os lotes y dise\u00f1ado para mejorar el crecimiento de cualquier rastrojo o barba. El aceite de barba suavizar\u00e1 [&hellip;]<\/p>\n","protected":false},"featured_media":258835,"comment_status":"closed","ping_status":"open","template":"","meta":{"_angie_page":false},"product_brand":[],"product_cat":[25812,19453,20556],"product_tag":[],"class_list":{"0":"post-244938","1":"product","2":"type-product","3":"status-publish","4":"has-post-thumbnail","6":"product_cat-aceites-para-barba","7":"product_cat-bano-y-ducha","8":"product_cat-cuidado-del-cabello","9":"pa_collection-pure-and-natural-beard-oils-es","10":"pa_made-in-reino-unido","11":"pa_size-50ml","13":"first","14":"instock","15":"purchasable","16":"product-type-simple"},"supplier_id":null,"supplier_sku":"BeardO-04","barcode":null,"atum_controlled":true,"out_stock_date":null,"out_stock_threshold":null,"inheritable":false,"inbound_stock":0,"stock_on_hold":0,"sold_today":0,"sales_last_days":0,"reserved_stock":0,"customer_returns":0,"warehouse_damage":0,"lost_in_post":0,"other_logs":0,"out_stock_days":0,"lost_sales":0,"has_location":false,"update_date":"2026-05-08T05:05:00","atum_locations":[],"atum_stock_status":"instock","restock_status":false,"low_stock_amount":"","sales_update_date":"2025-10-09T03:26:18","calc_backorders":null,"_links":{"self":[{"href":"https:\/\/aromasentia.com\/es\/wp-json\/wp\/v2\/product\/244938","targetHints":{"allow":["GET"]}}],"collection":[{"href":"https:\/\/aromasentia.com\/es\/wp-json\/wp\/v2\/product"}],"about":[{"href":"https:\/\/aromasentia.com\/es\/wp-json\/wp\/v2\/types\/product"}],"replies":[{"embeddable":true,"href":"https:\/\/aromasentia.com\/es\/wp-json\/wp\/v2\/comments?post=244938"}],"version-history":[{"count":0,"href":"https:\/\/aromasentia.com\/es\/wp-json\/wp\/v2\/product\/244938\/revisions"}],"wp:featuredmedia":[{"embeddable":true,"href":"https:\/\/aromasentia.com\/es\/wp-json\/wp\/v2\/media\/258835"}],"wp:attachment":[{"href":"https:\/\/aromasentia.com\/es\/wp-json\/wp\/v2\/media?parent=244938"}],"wp:term":[{"taxonomy":"product_brand","embeddable":true,"href":"https:\/\/aromasentia.com\/es\/wp-json\/wp\/v2\/product_brand?post=244938"},{"taxonomy":"product_cat","embeddable":true,"href":"https:\/\/aromasentia.com\/es\/wp-json\/wp\/v2\/product_cat?post=244938"},{"taxonomy":"product_tag","embeddable":true,"href":"https:\/\/aromasentia.com\/es\/wp-json\/wp\/v2\/product_tag?post=244938"}],"curies":[{"name":"wp","href":"https:\/\/api.w.org\/{rel}","templated":true}]}}