{"id":244934,"date":"2025-03-20T14:35:19","date_gmt":"2025-03-20T14:35:19","guid":{"rendered":"https:\/\/aromasentia.com\/product\/50ml-beard-oil-spartan-hero-condition\/"},"modified":"2025-05-31T21:08:04","modified_gmt":"2025-05-31T21:08:04","slug":"aceite-para-la-barba-50ml-spartan-hero-estado","status":"publish","type":"product","link":"https:\/\/aromasentia.com\/es\/aceite-para-la-barba-50ml-spartan-hero-estado\/","title":{"rendered":"Aceite para la Barba 50ml- Spartan Hero &#8211; \u00a1Estado!"},"content":{"rendered":"<p style=\"text-align: justify;\">Sencillo y natural, este es un aceite de barba s\u00faper fino hecho con aceites esenciales de pachul\u00ed, lima y madera de cedro y se mezcla cuidadosamente en aceite de coco, aguacate y jojoba dorada para el uso diario.<\/p>\n<p>Hecho en peque\u00f1os lotes y dise\u00f1ado para acondicionar cualquier rastrojo o barba.<\/p>\n<p>El aceite de barba suavizar\u00e1 el cabello grueso y lo har\u00e1 m\u00e1s flexible y f\u00e1cil de peinar. Y, detr\u00e1s de las escenas, ayudar\u00e1 a acondicionar la piel debajo, reduciendo las posibilidades de que se vuelva picaz\u00f3n o escamas. Descansa tranquilo, tu barba te lo agradecer\u00e1.<\/p>\n<p>Patchouli ligero de madera, dulce y picante con un poco de c\u00edtricos, que se mezcla en una base suave de madera de cedro. \u00a1Bonito!<\/p>\n<p>Esta mezcla de aceites tiene como objetivo suavizar y acondicionar los fol\u00edculos pilosos para mejorar ese rastrojo y barba perfectos<\/p>\n<p><strong>Todo es bueno y natural, as\u00ed que s\u00e9 un h\u00e9roe espartano y acondiciona tu barba o rastrojo.<\/strong><\/p>\n","protected":false},"excerpt":{"rendered":"<p>Sencillo y natural, este es un aceite de barba s\u00faper fino hecho con aceites esenciales de pachul\u00ed, lima y madera de cedro y se mezcla cuidadosamente en aceite de coco, aguacate y jojoba dorada para el uso diario. Hecho en peque\u00f1os lotes y dise\u00f1ado para acondicionar cualquier rastrojo o barba. El aceite de barba suavizar\u00e1 [&hellip;]<\/p>\n","protected":false},"featured_media":258778,"comment_status":"closed","ping_status":"open","template":"","meta":{"_angie_page":false},"product_brand":[],"product_cat":[25812,19453,20556],"product_tag":[],"class_list":{"0":"post-244934","1":"product","2":"type-product","3":"status-publish","4":"has-post-thumbnail","6":"product_cat-aceites-para-barba","7":"product_cat-bano-y-ducha","8":"product_cat-cuidado-del-cabello","9":"pa_collection-pure-and-natural-beard-oils-es","10":"pa_made-in-reino-unido","11":"pa_size-50ml","13":"first","14":"instock","15":"purchasable","16":"product-type-simple"},"supplier_id":null,"supplier_sku":"BeardO-03","barcode":null,"atum_controlled":true,"out_stock_date":null,"out_stock_threshold":null,"inheritable":false,"inbound_stock":null,"stock_on_hold":0,"sold_today":0,"sales_last_days":0,"reserved_stock":null,"customer_returns":null,"warehouse_damage":null,"lost_in_post":null,"other_logs":null,"out_stock_days":0,"lost_sales":0,"has_location":null,"update_date":"2026-05-04T00:02:50","atum_locations":[],"atum_stock_status":"instock","restock_status":false,"low_stock_amount":"","sales_update_date":"2026-01-30T01:24:51","calc_backorders":null,"_links":{"self":[{"href":"https:\/\/aromasentia.com\/es\/wp-json\/wp\/v2\/product\/244934","targetHints":{"allow":["GET"]}}],"collection":[{"href":"https:\/\/aromasentia.com\/es\/wp-json\/wp\/v2\/product"}],"about":[{"href":"https:\/\/aromasentia.com\/es\/wp-json\/wp\/v2\/types\/product"}],"replies":[{"embeddable":true,"href":"https:\/\/aromasentia.com\/es\/wp-json\/wp\/v2\/comments?post=244934"}],"version-history":[{"count":0,"href":"https:\/\/aromasentia.com\/es\/wp-json\/wp\/v2\/product\/244934\/revisions"}],"wp:featuredmedia":[{"embeddable":true,"href":"https:\/\/aromasentia.com\/es\/wp-json\/wp\/v2\/media\/258778"}],"wp:attachment":[{"href":"https:\/\/aromasentia.com\/es\/wp-json\/wp\/v2\/media?parent=244934"}],"wp:term":[{"taxonomy":"product_brand","embeddable":true,"href":"https:\/\/aromasentia.com\/es\/wp-json\/wp\/v2\/product_brand?post=244934"},{"taxonomy":"product_cat","embeddable":true,"href":"https:\/\/aromasentia.com\/es\/wp-json\/wp\/v2\/product_cat?post=244934"},{"taxonomy":"product_tag","embeddable":true,"href":"https:\/\/aromasentia.com\/es\/wp-json\/wp\/v2\/product_tag?post=244934"}],"curies":[{"name":"wp","href":"https:\/\/api.w.org\/{rel}","templated":true}]}}