{"id":244930,"date":"2025-03-20T14:35:19","date_gmt":"2025-03-20T14:35:19","guid":{"rendered":"https:\/\/aromasentia.com\/product\/50ml-beard-oil-nordic-spruce-regenerate\/"},"modified":"2025-05-31T21:08:01","modified_gmt":"2025-05-31T21:08:01","slug":"aceite-para-la-barba-50ml-nordic-spruce-regenerate","status":"publish","type":"product","link":"https:\/\/aromasentia.com\/es\/aceite-para-la-barba-50ml-nordic-spruce-regenerate\/","title":{"rendered":"Aceite para la Barba 50ml &#8211; Nordic Spruce  &#8211; \u00a1Regen\u00e9rate!"},"content":{"rendered":"<p style=\"text-align: justify;\">Nordic Spruce Beard Oil se elabora con aceites de incienso y Spruce Essential y se mezcla cuidadosamente con aceite de albaricoque, arg\u00e1n y jojoba dorada para el uso diario.<\/p>\n<p style=\"text-align: justify;\">Hecho en peque\u00f1os lotes con la intenci\u00f3n de ayudar a regenerar cualquier rastrojo o barba para combatir el envejecimiento de la piel.<\/p>\n<p style=\"text-align: justify;\">El aceite de barba suavizar\u00e1 el cabello grueso y lo har\u00e1 m\u00e1s flexible y f\u00e1cil de peinar. Y, detr\u00e1s de las escenas, ayudar\u00e1 a acondicionar la piel debajo, reduciendo las posibilidades de que se vuelva picaz\u00f3n o escamas.&nbsp;<\/p>\n<p style=\"text-align: justify;\">Descansa tranquilo, tu barba te lo agradecer\u00e1. La mezcla de aceites esenciales de incienso y abeto tiene propiedades rejuvenecedoras y con la mezcla de albaricoque, arg\u00e1n y jojoba dorada es una manera perfecta de comenzar su d\u00eda sinti\u00e9ndose agradable y regenerada.<\/p>\n","protected":false},"excerpt":{"rendered":"<p>Nordic Spruce Beard Oil se elabora con aceites de incienso y Spruce Essential y se mezcla cuidadosamente con aceite de albaricoque, arg\u00e1n y jojoba dorada para el uso diario. Hecho en peque\u00f1os lotes con la intenci\u00f3n de ayudar a regenerar cualquier rastrojo o barba para combatir el envejecimiento de la piel. El aceite de barba [&hellip;]<\/p>\n","protected":false},"featured_media":258721,"comment_status":"closed","ping_status":"open","template":"","meta":[],"product_brand":[],"product_cat":[25812,26898,25844,19453,20556,26397],"product_tag":[],"class_list":{"0":"post-244930","1":"product","2":"type-product","3":"status-publish","4":"has-post-thumbnail","6":"product_cat-aceites-para-barba","7":"product_cat-amaderado","8":"product_cat-aromas","9":"product_cat-bano-y-ducha","10":"product_cat-cuidado-del-cabello","11":"product_cat-picea","12":"pa_collection-pure-and-natural-beard-oils-es","13":"pa_made-in-reino-unido","14":"pa_size-50ml","16":"first","17":"instock","18":"purchasable","19":"product-type-simple"},"supplier_id":null,"supplier_sku":"BeardO-02","barcode":null,"atum_controlled":true,"out_stock_date":null,"out_stock_threshold":null,"inheritable":false,"inbound_stock":null,"stock_on_hold":0,"sold_today":0,"sales_last_days":0,"reserved_stock":null,"customer_returns":null,"warehouse_damage":null,"lost_in_post":null,"other_logs":null,"out_stock_days":0,"lost_sales":0,"has_location":null,"update_date":"2026-02-10T05:09:07","atum_locations":[],"atum_stock_status":"instock","restock_status":false,"low_stock_amount":"","sales_update_date":"2025-10-09T03:26:18","calc_backorders":null,"_links":{"self":[{"href":"https:\/\/aromasentia.com\/es\/wp-json\/wp\/v2\/product\/244930","targetHints":{"allow":["GET"]}}],"collection":[{"href":"https:\/\/aromasentia.com\/es\/wp-json\/wp\/v2\/product"}],"about":[{"href":"https:\/\/aromasentia.com\/es\/wp-json\/wp\/v2\/types\/product"}],"replies":[{"embeddable":true,"href":"https:\/\/aromasentia.com\/es\/wp-json\/wp\/v2\/comments?post=244930"}],"version-history":[{"count":0,"href":"https:\/\/aromasentia.com\/es\/wp-json\/wp\/v2\/product\/244930\/revisions"}],"wp:featuredmedia":[{"embeddable":true,"href":"https:\/\/aromasentia.com\/es\/wp-json\/wp\/v2\/media\/258721"}],"wp:attachment":[{"href":"https:\/\/aromasentia.com\/es\/wp-json\/wp\/v2\/media?parent=244930"}],"wp:term":[{"taxonomy":"product_brand","embeddable":true,"href":"https:\/\/aromasentia.com\/es\/wp-json\/wp\/v2\/product_brand?post=244930"},{"taxonomy":"product_cat","embeddable":true,"href":"https:\/\/aromasentia.com\/es\/wp-json\/wp\/v2\/product_cat?post=244930"},{"taxonomy":"product_tag","embeddable":true,"href":"https:\/\/aromasentia.com\/es\/wp-json\/wp\/v2\/product_tag?post=244930"}],"curies":[{"name":"wp","href":"https:\/\/api.w.org\/{rel}","templated":true}]}}