{"id":244858,"date":"2025-03-20T14:36:59","date_gmt":"2025-03-20T14:36:59","guid":{"rendered":"https:\/\/aromasentia.com\/product\/peach-kernel-oil-50ml\/"},"modified":"2025-05-31T21:07:01","modified_gmt":"2025-05-31T21:07:01","slug":"aceites-base-50ml-semilla-de-melocoton","status":"publish","type":"product","link":"https:\/\/aromasentia.com\/es\/aceites-base-50ml-semilla-de-melocoton\/","title":{"rendered":"Aceites Base 50ml &#8211; Semilla de melocoton"},"content":{"rendered":"<p><strong>Nombre bot\u00e1nico<\/strong>: Prunus Persica<\/p>\n<p><strong>Otros nombres:<\/strong> aceite de durazno<\/p>\n<p><strong>Origen:<\/strong> espa\u00f1a<\/p>\n<p><strong>Color y olor:<\/strong> amarillo claro claro con un ligero olor y sabor suave<\/p>\n<p><\/p>\n<p style=\"text-align: justify;\">Textura: el aceite de almendra de durazno tiene una textura ligera y se absorbe f\u00e1cilmente<\/p>\n<p style=\"text-align: justify;\"><\/p>\n<p style=\"text-align: justify;\">El aceite de almendra de durazno se puede usar para crear lociones y cremas que son perfectas para la piel del verano. Este aceite hidratante es excelente para nutrir la piel sin dejar una sensaci\u00f3n grasosa.<\/p>\n<p style=\"text-align: justify;\"><\/p>\n<p style=\"text-align: justify;\">Nuestro aceite base de durazno se selecciona cuidadosamente, se compra con mayor frecuencia no de fuentes primarias, se prueba su pureza y se somete a rigurosos est\u00e1ndares de control de calidad.<\/p>\n<p style=\"text-align: justify;\">Procedente de todo el mundo, este aceite base de durazno se obtiene de Espa\u00f1a y se hace con un m\u00e9todo de extracci\u00f3n prensado en fr\u00edo.<\/p>\n","protected":false},"excerpt":{"rendered":"<p>Nombre bot\u00e1nico: Prunus Persica Otros nombres: aceite de durazno Origen: espa\u00f1a Color y olor: amarillo claro claro con un ligero olor y sabor suave Textura: el aceite de almendra de durazno tiene una textura ligera y se absorbe f\u00e1cilmente El aceite de almendra de durazno se puede usar para crear lociones y cremas que son [&hellip;]<\/p>\n","protected":false},"featured_media":259193,"comment_status":"closed","ping_status":"open","template":"","meta":{"_angie_page":false},"product_brand":[27095],"product_cat":[23932,16460],"product_tag":[],"class_list":{"0":"post-244858","1":"product","2":"type-product","3":"status-publish","4":"has-post-thumbnail","6":"product_brand-ancient-wisdom","7":"product_cat-aceites-base","8":"product_cat-aromaterapia-y-fragancias-para-hogar","9":"pa_made-in-italia","10":"pa_size-50ml","12":"first","13":"instock","14":"purchasable","15":"product-type-simple"},"supplier_id":null,"supplier_sku":"BOa-04","barcode":null,"atum_controlled":true,"out_stock_date":null,"out_stock_threshold":null,"inheritable":false,"inbound_stock":null,"stock_on_hold":0,"sold_today":0,"sales_last_days":0,"reserved_stock":null,"customer_returns":null,"warehouse_damage":null,"lost_in_post":null,"other_logs":null,"out_stock_days":0,"lost_sales":0,"has_location":null,"update_date":"2026-04-27T06:55:20","atum_locations":[],"atum_stock_status":"instock","restock_status":false,"low_stock_amount":"","sales_update_date":"2026-01-20T05:13:28","calc_backorders":null,"_links":{"self":[{"href":"https:\/\/aromasentia.com\/es\/wp-json\/wp\/v2\/product\/244858","targetHints":{"allow":["GET"]}}],"collection":[{"href":"https:\/\/aromasentia.com\/es\/wp-json\/wp\/v2\/product"}],"about":[{"href":"https:\/\/aromasentia.com\/es\/wp-json\/wp\/v2\/types\/product"}],"replies":[{"embeddable":true,"href":"https:\/\/aromasentia.com\/es\/wp-json\/wp\/v2\/comments?post=244858"}],"version-history":[{"count":0,"href":"https:\/\/aromasentia.com\/es\/wp-json\/wp\/v2\/product\/244858\/revisions"}],"wp:featuredmedia":[{"embeddable":true,"href":"https:\/\/aromasentia.com\/es\/wp-json\/wp\/v2\/media\/259193"}],"wp:attachment":[{"href":"https:\/\/aromasentia.com\/es\/wp-json\/wp\/v2\/media?parent=244858"}],"wp:term":[{"taxonomy":"product_brand","embeddable":true,"href":"https:\/\/aromasentia.com\/es\/wp-json\/wp\/v2\/product_brand?post=244858"},{"taxonomy":"product_cat","embeddable":true,"href":"https:\/\/aromasentia.com\/es\/wp-json\/wp\/v2\/product_cat?post=244858"},{"taxonomy":"product_tag","embeddable":true,"href":"https:\/\/aromasentia.com\/es\/wp-json\/wp\/v2\/product_tag?post=244858"}],"curies":[{"name":"wp","href":"https:\/\/api.w.org\/{rel}","templated":true}]}}