{"id":244710,"date":"2025-03-20T14:37:35","date_gmt":"2025-03-20T14:37:35","guid":{"rendered":"https:\/\/aromasentia.com\/product\/olive-oil-50ml\/"},"modified":"2025-05-31T21:04:48","modified_gmt":"2025-05-31T21:04:48","slug":"aceites-base-50ml-oliva","status":"publish","type":"product","link":"https:\/\/aromasentia.com\/es\/aceites-base-50ml-oliva\/","title":{"rendered":"Aceites Base 50ml &#8211; Oliva"},"content":{"rendered":"<p style=\"text-align: justify;\"><strong>Nombre&nbsp;<\/strong>Cient\u00edfico: Olea Europaea<\/p>\n<p style=\"text-align: justify;\"><\/p>\n<p style=\"text-align: justify;\"><strong>Origen:<\/strong> el aceite de oliva se origin\u00f3 en las zonas del este del Mediterr\u00e1neo y se utiliz\u00f3 para diversos fines, como rituales, ung\u00fcentos m\u00e9dicos y combustible para l\u00e1mparas. Uno de los mayores productores actuales de aceite de oliva es Espa\u00f1a, seguido de Italia y Grecia. El aceite se obtiene triturando las aceitunas en una pasta, luego presionando para extraer el aceite.<\/p>\n<p style=\"text-align: justify;\"><\/p>\n<p style=\"text-align: justify;\">El aceite de oliva es rico en antioxidantes y tiene excelentes propiedades antibacterianas e hidratantes, que pueden ayudar a prevenir los signos prematuros de envejecimiento y reducir la inflamaci\u00f3n. Es un ingrediente muy com\u00fan en el cuidado de la piel y la aromaterapia, se usa en jabones, jabones y lociones.<\/p>\n<p style=\"text-align: justify;\"><\/p>\n<p style=\"text-align: justify;\"><strong>Color y olor:<\/strong> color dorado amarillento con olor leve distintivo<\/p>\n<p style=\"text-align: justify;\"><\/p>\n<p style=\"text-align: justify;\"><strong>Textura:<\/strong> viscosidad pesada, textura aceitosa<\/p>\n<p style=\"text-align: justify;\"><\/p>\n<p style=\"text-align: justify;\">Procedente de todo el mundo, este aceite de oliva proviene de Espa\u00f1a y se hace mediante un m\u00e9todo de extracci\u00f3n prensado en fr\u00edo.<\/p>\n","protected":false},"excerpt":{"rendered":"<p>Nombre&nbsp;Cient\u00edfico: Olea Europaea Origen: el aceite de oliva se origin\u00f3 en las zonas del este del Mediterr\u00e1neo y se utiliz\u00f3 para diversos fines, como rituales, ung\u00fcentos m\u00e9dicos y combustible para l\u00e1mparas. Uno de los mayores productores actuales de aceite de oliva es Espa\u00f1a, seguido de Italia y Grecia. El aceite se obtiene triturando las aceitunas [&hellip;]<\/p>\n","protected":false},"featured_media":259274,"comment_status":"closed","ping_status":"open","template":"","meta":{"_angie_page":false},"product_brand":[27095],"product_cat":[23932,16460],"product_tag":[],"class_list":{"0":"post-244710","1":"product","2":"type-product","3":"status-publish","4":"has-post-thumbnail","6":"product_brand-ancient-wisdom","7":"product_cat-aceites-base","8":"product_cat-aromaterapia-y-fragancias-para-hogar","9":"pa_made-in-espana","10":"pa_size-50ml","12":"first","13":"instock","14":"purchasable","15":"product-type-simple"},"supplier_id":null,"supplier_sku":"BOa-14","barcode":null,"atum_controlled":true,"out_stock_date":null,"out_stock_threshold":null,"inheritable":false,"inbound_stock":null,"stock_on_hold":0,"sold_today":0,"sales_last_days":0,"reserved_stock":null,"customer_returns":null,"warehouse_damage":null,"lost_in_post":null,"other_logs":null,"out_stock_days":0,"lost_sales":0,"has_location":null,"update_date":"2026-04-27T06:55:20","atum_locations":[],"atum_stock_status":"instock","restock_status":false,"low_stock_amount":"","sales_update_date":"2026-01-20T05:14:03","calc_backorders":null,"_links":{"self":[{"href":"https:\/\/aromasentia.com\/es\/wp-json\/wp\/v2\/product\/244710","targetHints":{"allow":["GET"]}}],"collection":[{"href":"https:\/\/aromasentia.com\/es\/wp-json\/wp\/v2\/product"}],"about":[{"href":"https:\/\/aromasentia.com\/es\/wp-json\/wp\/v2\/types\/product"}],"replies":[{"embeddable":true,"href":"https:\/\/aromasentia.com\/es\/wp-json\/wp\/v2\/comments?post=244710"}],"version-history":[{"count":0,"href":"https:\/\/aromasentia.com\/es\/wp-json\/wp\/v2\/product\/244710\/revisions"}],"wp:featuredmedia":[{"embeddable":true,"href":"https:\/\/aromasentia.com\/es\/wp-json\/wp\/v2\/media\/259274"}],"wp:attachment":[{"href":"https:\/\/aromasentia.com\/es\/wp-json\/wp\/v2\/media?parent=244710"}],"wp:term":[{"taxonomy":"product_brand","embeddable":true,"href":"https:\/\/aromasentia.com\/es\/wp-json\/wp\/v2\/product_brand?post=244710"},{"taxonomy":"product_cat","embeddable":true,"href":"https:\/\/aromasentia.com\/es\/wp-json\/wp\/v2\/product_cat?post=244710"},{"taxonomy":"product_tag","embeddable":true,"href":"https:\/\/aromasentia.com\/es\/wp-json\/wp\/v2\/product_tag?post=244710"}],"curies":[{"name":"wp","href":"https:\/\/api.w.org\/{rel}","templated":true}]}}