{"id":244706,"date":"2025-03-20T14:37:35","date_gmt":"2025-03-20T14:37:35","guid":{"rendered":"https:\/\/aromasentia.com\/product\/borage-oil-50ml\/"},"modified":"2025-05-31T21:04:45","modified_gmt":"2025-05-31T21:04:45","slug":"aceites-base-50ml-borraja","status":"publish","type":"product","link":"https:\/\/aromasentia.com\/es\/aceites-base-50ml-borraja\/","title":{"rendered":"Aceites Base 50ml &#8211; Borraja"},"content":{"rendered":"<p><strong>Nombre bot\u00e1nico: <\/strong>Borago Officinalis.<\/p>\n<p><\/p>\n<p style=\"text-align: justify;\"><strong>Origen:<\/strong> la planta Borago, tambi\u00e9n conocida como Starflower, es originaria de la regi\u00f3n del Mediterr\u00e1neo oriental. La planta se cultiva en muchas partes del mundo, principalmente en Europa y Am\u00e9rica del Norte. El aceite se obtiene de las semillas de las plantas de Borago.<\/p>\n<p style=\"text-align: justify;\"><\/p>\n<p style=\"text-align: justify;\">El aceite de borraja es muy rico en Omega 6 y se cree que es beneficioso para la piel seca y da\u00f1ada y puede proporcionar alivio de varios trastornos cr\u00f3nicos de la piel. Es ideal para usar con aceites esenciales y otros aceites transportadores. Utilizado como ingrediente en productos cosm\u00e9ticos como sueros faciales e hidratantes.<\/p>\n<p style=\"text-align: justify;\"><\/p>\n<p style=\"text-align: justify;\"><strong>Color y olor: <\/strong>color amarillo dorado con muy poco olor.<\/p>\n<p style=\"text-align: justify;\"><\/p>\n<p style=\"text-align: justify;\"><strong>Textura:<\/strong> textura ligeramente gruesa<\/p>\n<p style=\"text-align: justify;\"><\/p>\n<p style=\"text-align: justify;\">Nuestro aceite base de borraja se selecciona cuidadosamente, se compra con mayor frecuencia no de fuentes primarias, se prueba su pureza y se somete a rigurosos est\u00e1ndares de control de calidad.<\/p>\n<p style=\"text-align: justify;\"><\/p>\n<p style=\"text-align: justify;\">Procedente de todo el mundo, este aceite de borraja proviene de Europa y se hace mediante un m\u00e9todo de extracci\u00f3n prensado en fr\u00edo.<\/p>\n","protected":false},"excerpt":{"rendered":"<p>Nombre bot\u00e1nico: Borago Officinalis. Origen: la planta Borago, tambi\u00e9n conocida como Starflower, es originaria de la regi\u00f3n del Mediterr\u00e1neo oriental. La planta se cultiva en muchas partes del mundo, principalmente en Europa y Am\u00e9rica del Norte. El aceite se obtiene de las semillas de las plantas de Borago. El aceite de borraja es muy rico [&hellip;]<\/p>\n","protected":false},"featured_media":259265,"comment_status":"closed","ping_status":"open","template":"","meta":{"_angie_page":false},"product_brand":[27095],"product_cat":[23932,16460],"product_tag":[],"class_list":{"0":"post-244706","1":"product","2":"type-product","3":"status-publish","4":"has-post-thumbnail","6":"product_brand-ancient-wisdom","7":"product_cat-aceites-base","8":"product_cat-aromaterapia-y-fragancias-para-hogar","9":"pa_made-in-china","10":"pa_size-50ml","12":"first","13":"instock","14":"purchasable","15":"product-type-simple"},"supplier_id":null,"supplier_sku":"BOa-13","barcode":null,"atum_controlled":true,"out_stock_date":null,"out_stock_threshold":null,"inheritable":false,"inbound_stock":null,"stock_on_hold":0,"sold_today":0,"sales_last_days":0,"reserved_stock":null,"customer_returns":null,"warehouse_damage":null,"lost_in_post":null,"other_logs":null,"out_stock_days":0,"lost_sales":0,"has_location":null,"update_date":"2026-05-08T05:06:06","atum_locations":[],"atum_stock_status":"instock","restock_status":false,"low_stock_amount":"","sales_update_date":"2026-01-30T01:25:58","calc_backorders":null,"_links":{"self":[{"href":"https:\/\/aromasentia.com\/es\/wp-json\/wp\/v2\/product\/244706","targetHints":{"allow":["GET"]}}],"collection":[{"href":"https:\/\/aromasentia.com\/es\/wp-json\/wp\/v2\/product"}],"about":[{"href":"https:\/\/aromasentia.com\/es\/wp-json\/wp\/v2\/types\/product"}],"replies":[{"embeddable":true,"href":"https:\/\/aromasentia.com\/es\/wp-json\/wp\/v2\/comments?post=244706"}],"version-history":[{"count":0,"href":"https:\/\/aromasentia.com\/es\/wp-json\/wp\/v2\/product\/244706\/revisions"}],"wp:featuredmedia":[{"embeddable":true,"href":"https:\/\/aromasentia.com\/es\/wp-json\/wp\/v2\/media\/259265"}],"wp:attachment":[{"href":"https:\/\/aromasentia.com\/es\/wp-json\/wp\/v2\/media?parent=244706"}],"wp:term":[{"taxonomy":"product_brand","embeddable":true,"href":"https:\/\/aromasentia.com\/es\/wp-json\/wp\/v2\/product_brand?post=244706"},{"taxonomy":"product_cat","embeddable":true,"href":"https:\/\/aromasentia.com\/es\/wp-json\/wp\/v2\/product_cat?post=244706"},{"taxonomy":"product_tag","embeddable":true,"href":"https:\/\/aromasentia.com\/es\/wp-json\/wp\/v2\/product_tag?post=244706"}],"curies":[{"name":"wp","href":"https:\/\/api.w.org\/{rel}","templated":true}]}}