{"id":244702,"date":"2025-03-20T14:37:35","date_gmt":"2025-03-20T14:37:35","guid":{"rendered":"https:\/\/aromasentia.com\/product\/macadamia-oil-50ml\/"},"modified":"2025-05-31T21:04:42","modified_gmt":"2025-05-31T21:04:42","slug":"aceites-base-50ml-macadamia","status":"publish","type":"product","link":"https:\/\/aromasentia.com\/es\/aceites-base-50ml-macadamia\/","title":{"rendered":"Aceites Base 50ml &#8211; Macadamia"},"content":{"rendered":"<p><strong>Nombre bot\u00e1nico: <\/strong>Macadamia Integrifolia.<\/p>\n<p style=\"text-align: justify;\"><\/p>\n<p style=\"text-align: justify;\"><strong>Origen:<\/strong> la planta de macadamia se origin\u00f3 en Australia y ha sido consumida y procesada por los australianos ind\u00edgenas durante muchos a\u00f1os. El aceite de macadamia se obtiene de las nueces maduras del \u00e1rbol de macadamia.<\/p>\n<p style=\"text-align: justify;\"><\/p>\n<p style=\"text-align: justify;\">El aceite de macadamia tiene propiedades antiinflamatorias y antienvejecimiento que pueden calmar y proteger su piel. Rico en \u00e1cido oleico y otros nutrientes saludables, se cree que el aceite es incre\u00edblemente beneficioso para la piel seca y envejecida. Se utiliza para una variedad de productos en la industria cosm\u00e9tica, como cremas, cremas solares, lociones, champ\u00fas y acondicionadores. Es perfecto para usar con cualquier aceite esencial y para masajes y aromaterapia.<\/p>\n<p style=\"text-align: justify;\"><\/p>\n<p style=\"text-align: justify;\"><strong>Color y olor:<\/strong> color amarillo dorado claro y olor suave a nuez<\/p>\n<p style=\"text-align: justify;\"><\/p>\n<p style=\"text-align: justify;\"><strong>Textura:<\/strong> tiene una consistencia ligera pero rica<\/p>\n<p style=\"text-align: justify;\"><\/p>\n<p style=\"text-align: justify;\">Nuestro aceite base de macadamia proviene de Australia y est\u00e1 hecho con un m\u00e9todo de extracci\u00f3n prensado en fr\u00edo.<\/p>\n","protected":false},"excerpt":{"rendered":"<p>Nombre bot\u00e1nico: Macadamia Integrifolia. Origen: la planta de macadamia se origin\u00f3 en Australia y ha sido consumida y procesada por los australianos ind\u00edgenas durante muchos a\u00f1os. El aceite de macadamia se obtiene de las nueces maduras del \u00e1rbol de macadamia. El aceite de macadamia tiene propiedades antiinflamatorias y antienvejecimiento que pueden calmar y proteger su [&hellip;]<\/p>\n","protected":false},"featured_media":259256,"comment_status":"closed","ping_status":"open","template":"","meta":{"_angie_page":false},"product_brand":[27095],"product_cat":[23932,16460],"product_tag":[],"class_list":{"0":"post-244702","1":"product","2":"type-product","3":"status-publish","4":"has-post-thumbnail","6":"product_brand-ancient-wisdom","7":"product_cat-aceites-base","8":"product_cat-aromaterapia-y-fragancias-para-hogar","9":"pa_made-in-australia","10":"pa_size-50ml","12":"first","13":"outofstock","14":"purchasable","15":"product-type-simple"},"supplier_id":null,"supplier_sku":"BOa-11","barcode":null,"atum_controlled":true,"out_stock_date":"2026-04-25 15:11:50","out_stock_threshold":null,"inheritable":false,"inbound_stock":null,"stock_on_hold":0,"sold_today":0,"sales_last_days":0,"reserved_stock":null,"customer_returns":null,"warehouse_damage":null,"lost_in_post":null,"other_logs":null,"out_stock_days":0,"lost_sales":0,"has_location":null,"update_date":"2026-04-27T06:55:20","atum_locations":[],"atum_stock_status":"outofstock","restock_status":false,"low_stock_amount":"","sales_update_date":"2026-01-30T01:25:57","calc_backorders":null,"_links":{"self":[{"href":"https:\/\/aromasentia.com\/es\/wp-json\/wp\/v2\/product\/244702","targetHints":{"allow":["GET"]}}],"collection":[{"href":"https:\/\/aromasentia.com\/es\/wp-json\/wp\/v2\/product"}],"about":[{"href":"https:\/\/aromasentia.com\/es\/wp-json\/wp\/v2\/types\/product"}],"replies":[{"embeddable":true,"href":"https:\/\/aromasentia.com\/es\/wp-json\/wp\/v2\/comments?post=244702"}],"version-history":[{"count":0,"href":"https:\/\/aromasentia.com\/es\/wp-json\/wp\/v2\/product\/244702\/revisions"}],"wp:featuredmedia":[{"embeddable":true,"href":"https:\/\/aromasentia.com\/es\/wp-json\/wp\/v2\/media\/259256"}],"wp:attachment":[{"href":"https:\/\/aromasentia.com\/es\/wp-json\/wp\/v2\/media?parent=244702"}],"wp:term":[{"taxonomy":"product_brand","embeddable":true,"href":"https:\/\/aromasentia.com\/es\/wp-json\/wp\/v2\/product_brand?post=244702"},{"taxonomy":"product_cat","embeddable":true,"href":"https:\/\/aromasentia.com\/es\/wp-json\/wp\/v2\/product_cat?post=244702"},{"taxonomy":"product_tag","embeddable":true,"href":"https:\/\/aromasentia.com\/es\/wp-json\/wp\/v2\/product_tag?post=244702"}],"curies":[{"name":"wp","href":"https:\/\/api.w.org\/{rel}","templated":true}]}}