{"id":244662,"date":"2025-03-20T14:38:14","date_gmt":"2025-03-20T14:38:14","guid":{"rendered":"https:\/\/aromasentia.com\/product\/argan-oil-1-litre\/"},"modified":"2025-05-31T21:03:49","modified_gmt":"2025-05-31T21:03:49","slug":"aceites-base-1l-argan","status":"publish","type":"product","link":"https:\/\/aromasentia.com\/es\/aceites-base-1l-argan\/","title":{"rendered":"Aceites Base &#8211; 1L &#8211; Argan"},"content":{"rendered":"<p style=\"text-align: justify;\"><strong>Nuestros aceites base de arg\u00e1n son ideales para diluir aceites esenciales antes de usarlos en la piel.<\/strong> Todos nuestros aceites base son 100% de aceite puro natural.<\/p>\n<p style=\"text-align: justify;\"><\/p>\n<p style=\"text-align: justify;\">Se cree que es uno de los aceites m\u00e1s raros del mundo, el aceite de arg\u00e1n es un aceite de nuez robusto hecho en gran parte en Marruecos a partir de las nueces del \u00e1rbol de arg\u00e1n. Los \u00e1rboles de arg\u00e1n sol\u00edan cubrir gran parte del norte de \u00e1frica, pero ahora est\u00e1n muy reducidos en n\u00famero, de ah\u00ed el alto precio del aceite de arg\u00e1n.<\/p>\n<p style=\"text-align: justify;\"><\/p>\n<p style=\"text-align: justify;\">La nuez es muy dif\u00edcil de quitar de su fruto robusto y las nueces fueron cosechadas originalmente, no del \u00e1rbol, sino de los excrementos de las cabras que treparon a los \u00e1rboles y comieron la fruta. La nuez est\u00e1 relacionada con la aceituna pero tiene un sabor distintivo propio; su aceite se usa principalmente como tratamiento para el cabello y la piel.<\/p>\n<p style=\"text-align: justify;\"><\/p>\n<p style=\"text-align: justify;\">El aceite de arg\u00e1n puede convertirse en elixir de belleza de la cabeza a los pies. Est\u00e1 repleto de \u00e1cidos grasos esenciales, antioxidantes, vitaminas y minerales que promueven la salud en general al hidratar, suavizar y proteger la piel y el cabello del da\u00f1o solar sin toxinas da\u00f1inas y parabenos.<\/p>\n","protected":false},"excerpt":{"rendered":"<p>Nuestros aceites base de arg\u00e1n son ideales para diluir aceites esenciales antes de usarlos en la piel. Todos nuestros aceites base son 100% de aceite puro natural. Se cree que es uno de los aceites m\u00e1s raros del mundo, el aceite de arg\u00e1n es un aceite de nuez robusto hecho en gran parte en Marruecos [&hellip;]<\/p>\n","protected":false},"featured_media":259668,"comment_status":"closed","ping_status":"open","template":"","meta":{"_angie_page":false},"product_brand":[27095],"product_cat":[23932,16460],"product_tag":[],"class_list":{"0":"post-244662","1":"product","2":"type-product","3":"status-publish","4":"has-post-thumbnail","6":"product_brand-ancient-wisdom","7":"product_cat-aceites-base","8":"product_cat-aromaterapia-y-fragancias-para-hogar","9":"pa_collection-base-oils-1-litre-es","10":"pa_made-in-marruecos","12":"first","13":"instock","14":"purchasable","15":"product-type-simple"},"supplier_id":null,"supplier_sku":"BOz-22","barcode":null,"atum_controlled":true,"out_stock_date":null,"out_stock_threshold":null,"inheritable":false,"inbound_stock":0,"stock_on_hold":0,"sold_today":0,"sales_last_days":0,"reserved_stock":0,"customer_returns":0,"warehouse_damage":0,"lost_in_post":0,"other_logs":0,"out_stock_days":14,"lost_sales":0,"has_location":false,"update_date":"2026-04-27T06:55:40","atum_locations":[],"atum_stock_status":"instock","restock_status":false,"low_stock_amount":"","sales_update_date":"2026-02-06T00:01:51","calc_backorders":null,"_links":{"self":[{"href":"https:\/\/aromasentia.com\/es\/wp-json\/wp\/v2\/product\/244662","targetHints":{"allow":["GET"]}}],"collection":[{"href":"https:\/\/aromasentia.com\/es\/wp-json\/wp\/v2\/product"}],"about":[{"href":"https:\/\/aromasentia.com\/es\/wp-json\/wp\/v2\/types\/product"}],"replies":[{"embeddable":true,"href":"https:\/\/aromasentia.com\/es\/wp-json\/wp\/v2\/comments?post=244662"}],"version-history":[{"count":0,"href":"https:\/\/aromasentia.com\/es\/wp-json\/wp\/v2\/product\/244662\/revisions"}],"wp:featuredmedia":[{"embeddable":true,"href":"https:\/\/aromasentia.com\/es\/wp-json\/wp\/v2\/media\/259668"}],"wp:attachment":[{"href":"https:\/\/aromasentia.com\/es\/wp-json\/wp\/v2\/media?parent=244662"}],"wp:term":[{"taxonomy":"product_brand","embeddable":true,"href":"https:\/\/aromasentia.com\/es\/wp-json\/wp\/v2\/product_brand?post=244662"},{"taxonomy":"product_cat","embeddable":true,"href":"https:\/\/aromasentia.com\/es\/wp-json\/wp\/v2\/product_cat?post=244662"},{"taxonomy":"product_tag","embeddable":true,"href":"https:\/\/aromasentia.com\/es\/wp-json\/wp\/v2\/product_tag?post=244662"}],"curies":[{"name":"wp","href":"https:\/\/api.w.org\/{rel}","templated":true}]}}