{"id":244642,"date":"2025-03-20T14:38:14","date_gmt":"2025-03-20T14:38:14","guid":{"rendered":"https:\/\/aromasentia.com\/product\/hazelnut-oil-1-litre\/"},"modified":"2025-05-31T21:03:35","modified_gmt":"2025-05-31T21:03:35","slug":"aceites-base-1l-avellana","status":"publish","type":"product","link":"https:\/\/aromasentia.com\/es\/aceites-base-1l-avellana\/","title":{"rendered":"Aceites Base &#8211; 1L &#8211; Avellana"},"content":{"rendered":"<p style=\"text-align: justify;\"><strong>Nuestros aceites base de avellana son ideales para diluir aceites esenciales antes de usarlos en la piel.<\/strong> Todos nuestros aceites base son 100% de aceite puro natural.<\/p>\n<p style=\"text-align: justify;\"><\/p>\n<p style=\"text-align: justify;\">La avellana com\u00fan se cultiva en todo el continente europeo y asi\u00e1tico y m\u00e1s all\u00e1. Se cultiva principalmente para la nuez, pero tambi\u00e9n se ha utilizado en Gran Breta\u00f1a y Europa como setos en tierras de cultivo durante cientos de a\u00f1os. El uso de avellanas se remonta al menos 9000 a\u00f1os con evidencia arqueol\u00f3gica de procesamiento masivo de avellanas en varios lugares de las Islas Brit\u00e1nicas.<\/p>\n<p style=\"text-align: justify;\"><\/p>\n<p style=\"text-align: justify;\">El aceite de avellana en s\u00ed es un aceite multiprop\u00f3sito. En cosm\u00e9tica, el aceite es nutritivo para la piel con algunas propiedades astringentes.<\/p>\n","protected":false},"excerpt":{"rendered":"<p>Nuestros aceites base de avellana son ideales para diluir aceites esenciales antes de usarlos en la piel. Todos nuestros aceites base son 100% de aceite puro natural. La avellana com\u00fan se cultiva en todo el continente europeo y asi\u00e1tico y m\u00e1s all\u00e1. Se cultiva principalmente para la nuez, pero tambi\u00e9n se ha utilizado en Gran [&hellip;]<\/p>\n","protected":false},"featured_media":259623,"comment_status":"closed","ping_status":"open","template":"","meta":{"_angie_page":false},"product_brand":[27095],"product_cat":[23932,16460],"product_tag":[],"class_list":{"0":"post-244642","1":"product","2":"type-product","3":"status-publish","4":"has-post-thumbnail","6":"product_brand-ancient-wisdom","7":"product_cat-aceites-base","8":"product_cat-aromaterapia-y-fragancias-para-hogar","9":"pa_collection-base-oils-1-litre-es","10":"pa_made-in-italia","12":"first","13":"instock","14":"purchasable","15":"product-type-simple"},"supplier_id":null,"supplier_sku":"BOz-17","barcode":null,"atum_controlled":true,"out_stock_date":null,"out_stock_threshold":null,"inheritable":false,"inbound_stock":null,"stock_on_hold":0,"sold_today":0,"sales_last_days":0,"reserved_stock":null,"customer_returns":null,"warehouse_damage":null,"lost_in_post":null,"other_logs":null,"out_stock_days":0,"lost_sales":0,"has_location":null,"update_date":"2026-04-27T06:55:31","atum_locations":[],"atum_stock_status":"instock","restock_status":false,"low_stock_amount":"","sales_update_date":"2026-02-06T00:01:29","calc_backorders":null,"_links":{"self":[{"href":"https:\/\/aromasentia.com\/es\/wp-json\/wp\/v2\/product\/244642","targetHints":{"allow":["GET"]}}],"collection":[{"href":"https:\/\/aromasentia.com\/es\/wp-json\/wp\/v2\/product"}],"about":[{"href":"https:\/\/aromasentia.com\/es\/wp-json\/wp\/v2\/types\/product"}],"replies":[{"embeddable":true,"href":"https:\/\/aromasentia.com\/es\/wp-json\/wp\/v2\/comments?post=244642"}],"version-history":[{"count":0,"href":"https:\/\/aromasentia.com\/es\/wp-json\/wp\/v2\/product\/244642\/revisions"}],"wp:featuredmedia":[{"embeddable":true,"href":"https:\/\/aromasentia.com\/es\/wp-json\/wp\/v2\/media\/259623"}],"wp:attachment":[{"href":"https:\/\/aromasentia.com\/es\/wp-json\/wp\/v2\/media?parent=244642"}],"wp:term":[{"taxonomy":"product_brand","embeddable":true,"href":"https:\/\/aromasentia.com\/es\/wp-json\/wp\/v2\/product_brand?post=244642"},{"taxonomy":"product_cat","embeddable":true,"href":"https:\/\/aromasentia.com\/es\/wp-json\/wp\/v2\/product_cat?post=244642"},{"taxonomy":"product_tag","embeddable":true,"href":"https:\/\/aromasentia.com\/es\/wp-json\/wp\/v2\/product_tag?post=244642"}],"curies":[{"name":"wp","href":"https:\/\/api.w.org\/{rel}","templated":true}]}}