{"id":244634,"date":"2025-03-20T14:38:14","date_gmt":"2025-03-20T14:38:14","guid":{"rendered":"https:\/\/aromasentia.com\/product\/calendula-oil-1-litre\/"},"modified":"2025-05-31T21:03:29","modified_gmt":"2025-05-31T21:03:29","slug":"aceites-base-1l-calendula","status":"publish","type":"product","link":"https:\/\/aromasentia.com\/es\/aceites-base-1l-calendula\/","title":{"rendered":"Aceites Base &#8211; 1L &#8211; Cal\u00e9ndula"},"content":{"rendered":"<p style=\"text-align: justify;\">Nuestros aceites base de cal\u00e9ndula son ideales para diluir los aceites esenciales antes de usarlos en la piel. Todos nuestros aceites base son aceite puro 100% natural.&nbsp;<\/p>\n<p style=\"text-align: justify;\">El aceite en s\u00ed es bastante vers\u00e1til. Se puede usar para tratar las afecciones de la piel con las ventajas adicionales de tener propiedades antiinflamatorias y antibacterianas.&nbsp;<\/p>\n<p style=\"text-align: justify;\">El aceite de cal\u00e9ndula es muy utilizado en la industria cosm\u00e9tica por las razones anteriores, adem\u00e1s de ser astrigente y reafirmante de la piel.&nbsp;<\/p>\n<p style=\"text-align: justify;\">Nuestro aceite base de cal\u00e9ndula al por mayor se obtiene de Francia y se fabrica con el m\u00e9todo de extracci\u00f3n por solvente.<\/p>\n","protected":false},"excerpt":{"rendered":"<p>Nuestros aceites base de cal\u00e9ndula son ideales para diluir los aceites esenciales antes de usarlos en la piel. Todos nuestros aceites base son aceite puro 100% natural.&nbsp; El aceite en s\u00ed es bastante vers\u00e1til. Se puede usar para tratar las afecciones de la piel con las ventajas adicionales de tener propiedades antiinflamatorias y antibacterianas.&nbsp; El [&hellip;]<\/p>\n","protected":false},"featured_media":259605,"comment_status":"closed","ping_status":"open","template":"","meta":{"_angie_page":false},"product_brand":[27095],"product_cat":[23932,16460],"product_tag":[],"class_list":{"0":"post-244634","1":"product","2":"type-product","3":"status-publish","4":"has-post-thumbnail","6":"product_brand-ancient-wisdom","7":"product_cat-aceites-base","8":"product_cat-aromaterapia-y-fragancias-para-hogar","9":"pa_collection-base-oils-1-litre-es","10":"pa_made-in-polonia","12":"first","13":"instock","14":"purchasable","15":"product-type-simple"},"supplier_id":null,"supplier_sku":"BOz-15","barcode":null,"atum_controlled":true,"out_stock_date":null,"out_stock_threshold":null,"inheritable":false,"inbound_stock":null,"stock_on_hold":0,"sold_today":0,"sales_last_days":0,"reserved_stock":null,"customer_returns":null,"warehouse_damage":null,"lost_in_post":null,"other_logs":null,"out_stock_days":0,"lost_sales":0,"has_location":null,"update_date":"2026-04-27T06:55:31","atum_locations":[],"atum_stock_status":"instock","restock_status":false,"low_stock_amount":"","sales_update_date":"2025-10-09T03:26:54","calc_backorders":null,"_links":{"self":[{"href":"https:\/\/aromasentia.com\/es\/wp-json\/wp\/v2\/product\/244634","targetHints":{"allow":["GET"]}}],"collection":[{"href":"https:\/\/aromasentia.com\/es\/wp-json\/wp\/v2\/product"}],"about":[{"href":"https:\/\/aromasentia.com\/es\/wp-json\/wp\/v2\/types\/product"}],"replies":[{"embeddable":true,"href":"https:\/\/aromasentia.com\/es\/wp-json\/wp\/v2\/comments?post=244634"}],"version-history":[{"count":0,"href":"https:\/\/aromasentia.com\/es\/wp-json\/wp\/v2\/product\/244634\/revisions"}],"wp:featuredmedia":[{"embeddable":true,"href":"https:\/\/aromasentia.com\/es\/wp-json\/wp\/v2\/media\/259605"}],"wp:attachment":[{"href":"https:\/\/aromasentia.com\/es\/wp-json\/wp\/v2\/media?parent=244634"}],"wp:term":[{"taxonomy":"product_brand","embeddable":true,"href":"https:\/\/aromasentia.com\/es\/wp-json\/wp\/v2\/product_brand?post=244634"},{"taxonomy":"product_cat","embeddable":true,"href":"https:\/\/aromasentia.com\/es\/wp-json\/wp\/v2\/product_cat?post=244634"},{"taxonomy":"product_tag","embeddable":true,"href":"https:\/\/aromasentia.com\/es\/wp-json\/wp\/v2\/product_tag?post=244634"}],"curies":[{"name":"wp","href":"https:\/\/api.w.org\/{rel}","templated":true}]}}