{"id":244630,"date":"2025-03-20T14:38:14","date_gmt":"2025-03-20T14:38:14","guid":{"rendered":"https:\/\/aromasentia.com\/product\/olive-oil-1-litre\/"},"modified":"2025-05-31T21:03:25","modified_gmt":"2025-05-31T21:03:25","slug":"aceites-base-1l-oliva","status":"publish","type":"product","link":"https:\/\/aromasentia.com\/es\/aceites-base-1l-oliva\/","title":{"rendered":"Aceites Base &#8211; 1L &#8211; Oliva"},"content":{"rendered":"<p style=\"text-align: justify;\">Nuestros aceites de base de aceite de oliva son ideales para diluir los aceites esenciales antes de usarlos en la piel.&nbsp;<\/p>\n<p style=\"text-align: justify;\">Todos nuestros aceites base son aceite puro 100% natural. El olivo es originario de la zona mediterr\u00e1nea de Europa y Asia Menor y se ha utilizado para la alimentaci\u00f3n y otras aplicaciones desde el a\u00f1o 8000 a. C. y se ha domesticado alrededor del 2500 a. C.&nbsp;<\/p>\n<p style=\"text-align: justify;\">El aceite se usa com\u00fanmente en cocina, cosm\u00e9ticos, productos farmac\u00e9uticos y como combustible de las l\u00e1mparas de aceite tradicionales. El aceite de oliva es excelente para la piel, ya que ayuda a mantener la piel suave, flexible e hidratada. Tambi\u00e9n funciona en el cabello.&nbsp;<\/p>\n<p style=\"text-align: justify;\">El aceite de oliva es una buena adici\u00f3n a muchos cosm\u00e9ticos ya que tiende a ser muy estable. Nuestro aceite base de oliva al por mayor se obtiene del Reino Unido y se fabrica con el m\u00e9todo de extracci\u00f3n prensado en fr\u00edo<\/p>\n","protected":false},"excerpt":{"rendered":"<p>Nuestros aceites de base de aceite de oliva son ideales para diluir los aceites esenciales antes de usarlos en la piel.&nbsp; Todos nuestros aceites base son aceite puro 100% natural. El olivo es originario de la zona mediterr\u00e1nea de Europa y Asia Menor y se ha utilizado para la alimentaci\u00f3n y otras aplicaciones desde el [&hellip;]<\/p>\n","protected":false},"featured_media":259596,"comment_status":"closed","ping_status":"open","template":"","meta":{"_angie_page":false},"product_brand":[27095],"product_cat":[23932,16460],"product_tag":[],"class_list":{"0":"post-244630","1":"product","2":"type-product","3":"status-publish","4":"has-post-thumbnail","6":"product_brand-ancient-wisdom","7":"product_cat-aceites-base","8":"product_cat-aromaterapia-y-fragancias-para-hogar","9":"pa_collection-base-oils-1-litre-es","10":"pa_made-in-espana","12":"first","13":"instock","14":"purchasable","15":"product-type-simple"},"supplier_id":null,"supplier_sku":"BOz-14","barcode":null,"atum_controlled":true,"out_stock_date":null,"out_stock_threshold":null,"inheritable":false,"inbound_stock":null,"stock_on_hold":0,"sold_today":0,"sales_last_days":0,"reserved_stock":null,"customer_returns":null,"warehouse_damage":null,"lost_in_post":null,"other_logs":null,"out_stock_days":0,"lost_sales":0,"has_location":null,"update_date":"2026-04-27T06:55:31","atum_locations":[],"atum_stock_status":"instock","restock_status":false,"low_stock_amount":"","sales_update_date":"2026-01-20T05:13:16","calc_backorders":null,"_links":{"self":[{"href":"https:\/\/aromasentia.com\/es\/wp-json\/wp\/v2\/product\/244630","targetHints":{"allow":["GET"]}}],"collection":[{"href":"https:\/\/aromasentia.com\/es\/wp-json\/wp\/v2\/product"}],"about":[{"href":"https:\/\/aromasentia.com\/es\/wp-json\/wp\/v2\/types\/product"}],"replies":[{"embeddable":true,"href":"https:\/\/aromasentia.com\/es\/wp-json\/wp\/v2\/comments?post=244630"}],"version-history":[{"count":0,"href":"https:\/\/aromasentia.com\/es\/wp-json\/wp\/v2\/product\/244630\/revisions"}],"wp:featuredmedia":[{"embeddable":true,"href":"https:\/\/aromasentia.com\/es\/wp-json\/wp\/v2\/media\/259596"}],"wp:attachment":[{"href":"https:\/\/aromasentia.com\/es\/wp-json\/wp\/v2\/media?parent=244630"}],"wp:term":[{"taxonomy":"product_brand","embeddable":true,"href":"https:\/\/aromasentia.com\/es\/wp-json\/wp\/v2\/product_brand?post=244630"},{"taxonomy":"product_cat","embeddable":true,"href":"https:\/\/aromasentia.com\/es\/wp-json\/wp\/v2\/product_cat?post=244630"},{"taxonomy":"product_tag","embeddable":true,"href":"https:\/\/aromasentia.com\/es\/wp-json\/wp\/v2\/product_tag?post=244630"}],"curies":[{"name":"wp","href":"https:\/\/api.w.org\/{rel}","templated":true}]}}