{"id":244626,"date":"2025-03-20T14:38:14","date_gmt":"2025-03-20T14:38:14","guid":{"rendered":"https:\/\/aromasentia.com\/product\/borage-oil-1-litre\/"},"modified":"2025-05-31T21:03:20","modified_gmt":"2025-05-31T21:03:20","slug":"aceites-base-1l-borraja","status":"publish","type":"product","link":"https:\/\/aromasentia.com\/es\/aceites-base-1l-borraja\/","title":{"rendered":"Aceites Base &#8211; 1L &#8211; Borraja"},"content":{"rendered":"<p style=\"text-align: justify;\"><strong>Nuestros aceites base de borraja son ideales para diluir aceites esenciales antes de usarlos en la piel.<\/strong> Todos nuestros aceites base son 100% de aceite puro natural.<\/p>\n<p style=\"text-align: justify;\"><\/p>\n<p style=\"text-align: justify;\">La planta de borraja, tambi\u00e9n conocida como Starflower, es un origen de plantas erizadas del Medio Oriente. Ahora la planta se cultiva en la mayor\u00eda de las partes m\u00e1s c\u00e1lidas del mundo, incluidas \u00e1frica, Asia, el sur de Europa y Am\u00e9rica del Sur.<\/p>\n<p style=\"text-align: justify;\"><\/p>\n<p style=\"text-align: justify;\">El aceite de borraja se extrae de las semillas de la planta. Es muy alto en Omega 6, que contiene hasta 24%. El aceite es ampliamente utilizado para dolencias de la piel como la dermatitis y tambi\u00e9n tiene propiedades antiinflamatorias.<\/p>\n","protected":false},"excerpt":{"rendered":"<p>Nuestros aceites base de borraja son ideales para diluir aceites esenciales antes de usarlos en la piel. Todos nuestros aceites base son 100% de aceite puro natural. La planta de borraja, tambi\u00e9n conocida como Starflower, es un origen de plantas erizadas del Medio Oriente. Ahora la planta se cultiva en la mayor\u00eda de las partes [&hellip;]<\/p>\n","protected":false},"featured_media":259587,"comment_status":"closed","ping_status":"open","template":"","meta":{"_angie_page":false},"product_brand":[27095],"product_cat":[23932,16460],"product_tag":[],"class_list":{"0":"post-244626","1":"product","2":"type-product","3":"status-publish","4":"has-post-thumbnail","6":"product_brand-ancient-wisdom","7":"product_cat-aceites-base","8":"product_cat-aromaterapia-y-fragancias-para-hogar","9":"pa_collection-base-oils-1-litre-es","10":"pa_made-in-china","12":"first","13":"instock","14":"purchasable","15":"product-type-simple"},"supplier_id":null,"supplier_sku":"BOz-13","barcode":null,"atum_controlled":true,"out_stock_date":null,"out_stock_threshold":null,"inheritable":false,"inbound_stock":null,"stock_on_hold":0,"sold_today":0,"sales_last_days":0,"reserved_stock":null,"customer_returns":null,"warehouse_damage":null,"lost_in_post":null,"other_logs":null,"out_stock_days":0,"lost_sales":0,"has_location":null,"update_date":"2026-05-08T05:06:06","atum_locations":[],"atum_stock_status":"instock","restock_status":false,"low_stock_amount":"","sales_update_date":"2026-01-30T01:25:23","calc_backorders":null,"_links":{"self":[{"href":"https:\/\/aromasentia.com\/es\/wp-json\/wp\/v2\/product\/244626","targetHints":{"allow":["GET"]}}],"collection":[{"href":"https:\/\/aromasentia.com\/es\/wp-json\/wp\/v2\/product"}],"about":[{"href":"https:\/\/aromasentia.com\/es\/wp-json\/wp\/v2\/types\/product"}],"replies":[{"embeddable":true,"href":"https:\/\/aromasentia.com\/es\/wp-json\/wp\/v2\/comments?post=244626"}],"version-history":[{"count":0,"href":"https:\/\/aromasentia.com\/es\/wp-json\/wp\/v2\/product\/244626\/revisions"}],"wp:featuredmedia":[{"embeddable":true,"href":"https:\/\/aromasentia.com\/es\/wp-json\/wp\/v2\/media\/259587"}],"wp:attachment":[{"href":"https:\/\/aromasentia.com\/es\/wp-json\/wp\/v2\/media?parent=244626"}],"wp:term":[{"taxonomy":"product_brand","embeddable":true,"href":"https:\/\/aromasentia.com\/es\/wp-json\/wp\/v2\/product_brand?post=244626"},{"taxonomy":"product_cat","embeddable":true,"href":"https:\/\/aromasentia.com\/es\/wp-json\/wp\/v2\/product_cat?post=244626"},{"taxonomy":"product_tag","embeddable":true,"href":"https:\/\/aromasentia.com\/es\/wp-json\/wp\/v2\/product_tag?post=244626"}],"curies":[{"name":"wp","href":"https:\/\/api.w.org\/{rel}","templated":true}]}}