{"id":244618,"date":"2025-03-20T14:38:14","date_gmt":"2025-03-20T14:38:14","guid":{"rendered":"https:\/\/aromasentia.com\/product\/evening-primrose-1-litre\/"},"modified":"2025-05-31T21:03:13","modified_gmt":"2025-05-31T21:03:13","slug":"aceites-base-1l-onagra","status":"publish","type":"product","link":"https:\/\/aromasentia.com\/es\/aceites-base-1l-onagra\/","title":{"rendered":"Aceites Base &#8211; 1L &#8211; Onagra"},"content":{"rendered":"<p style=\"text-align: justify;\"><strong>Nuestros aceites base Evening Primrose son ideales para diluir aceites esenciales antes de usarlos en la piel.&nbsp;<\/strong>Todos nuestros aceites base son 100% de aceite puro natural.<\/p>\n<p style=\"text-align: justify;\"><\/p>\n<p style=\"text-align: justify;\">Common Evening Primrose, a veces conocida como Evening Star, es una planta bienal com\u00fan en el norte<\/p>\n<p style=\"text-align: justify;\">Am\u00e9rica y otros pa\u00edses templados. La planta se llama Onagra, ya que las flores se abren completamente<\/p>\n<p style=\"text-align: justify;\">por la noche y cierra de nuevo por la ma\u00f1ana del d\u00eda siguiente.<\/p>\n<p style=\"text-align: justify;\"><\/p>\n<p style=\"text-align: justify;\">Se dice que el aceite de onagra tiene muchas propiedades, entre ellas hay una serie de efectos positivos para el<\/p>\n<p style=\"text-align: justify;\">piel como ayudar con la caspa, el eccema y la psoriasis. Tomado internamente tambi\u00e9n se dice que combate<\/p>\n<p style=\"text-align: justify;\">enfermedades degenerativas, enfermedades del coraz\u00f3n y colesterol.<\/p>\n","protected":false},"excerpt":{"rendered":"<p>Nuestros aceites base Evening Primrose son ideales para diluir aceites esenciales antes de usarlos en la piel.&nbsp;Todos nuestros aceites base son 100% de aceite puro natural. Common Evening Primrose, a veces conocida como Evening Star, es una planta bienal com\u00fan en el norte Am\u00e9rica y otros pa\u00edses templados. La planta se llama Onagra, ya que [&hellip;]<\/p>\n","protected":false},"featured_media":259569,"comment_status":"closed","ping_status":"open","template":"","meta":{"_angie_page":false},"product_brand":[27095],"product_cat":[23932,25844,16460,26835,26367],"product_tag":[],"class_list":{"0":"post-244618","1":"product","2":"type-product","3":"status-publish","4":"has-post-thumbnail","6":"product_brand-ancient-wisdom","7":"product_cat-aceites-base","8":"product_cat-aromas","9":"product_cat-aromaterapia-y-fragancias-para-hogar","10":"product_cat-floral","11":"product_cat-rosa","12":"pa_collection-base-oils-1-litre-es","13":"pa_made-in-china","15":"first","16":"instock","17":"purchasable","18":"product-type-simple"},"supplier_id":null,"supplier_sku":"BOz-10","barcode":null,"atum_controlled":true,"out_stock_date":null,"out_stock_threshold":null,"inheritable":false,"inbound_stock":null,"stock_on_hold":0,"sold_today":0,"sales_last_days":0,"reserved_stock":null,"customer_returns":null,"warehouse_damage":null,"lost_in_post":null,"other_logs":null,"out_stock_days":0,"lost_sales":0,"has_location":null,"update_date":"2026-04-27T06:55:31","atum_locations":[],"atum_stock_status":"instock","restock_status":false,"low_stock_amount":"","sales_update_date":"2026-02-06T00:01:23","calc_backorders":null,"_links":{"self":[{"href":"https:\/\/aromasentia.com\/es\/wp-json\/wp\/v2\/product\/244618","targetHints":{"allow":["GET"]}}],"collection":[{"href":"https:\/\/aromasentia.com\/es\/wp-json\/wp\/v2\/product"}],"about":[{"href":"https:\/\/aromasentia.com\/es\/wp-json\/wp\/v2\/types\/product"}],"replies":[{"embeddable":true,"href":"https:\/\/aromasentia.com\/es\/wp-json\/wp\/v2\/comments?post=244618"}],"version-history":[{"count":0,"href":"https:\/\/aromasentia.com\/es\/wp-json\/wp\/v2\/product\/244618\/revisions"}],"wp:featuredmedia":[{"embeddable":true,"href":"https:\/\/aromasentia.com\/es\/wp-json\/wp\/v2\/media\/259569"}],"wp:attachment":[{"href":"https:\/\/aromasentia.com\/es\/wp-json\/wp\/v2\/media?parent=244618"}],"wp:term":[{"taxonomy":"product_brand","embeddable":true,"href":"https:\/\/aromasentia.com\/es\/wp-json\/wp\/v2\/product_brand?post=244618"},{"taxonomy":"product_cat","embeddable":true,"href":"https:\/\/aromasentia.com\/es\/wp-json\/wp\/v2\/product_cat?post=244618"},{"taxonomy":"product_tag","embeddable":true,"href":"https:\/\/aromasentia.com\/es\/wp-json\/wp\/v2\/product_tag?post=244618"}],"curies":[{"name":"wp","href":"https:\/\/api.w.org\/{rel}","templated":true}]}}