{"id":244610,"date":"2025-03-20T14:38:14","date_gmt":"2025-03-20T14:38:14","guid":{"rendered":"https:\/\/aromasentia.com\/product\/avocado-1-litre\/"},"modified":"2025-05-31T21:03:06","modified_gmt":"2025-05-31T21:03:06","slug":"aceites-base-1l-aguacate","status":"publish","type":"product","link":"https:\/\/aromasentia.com\/es\/aceites-base-1l-aguacate\/","title":{"rendered":"Aceites Base &#8211; 1L &#8211; Aguacate"},"content":{"rendered":"<p style=\"text-align: justify;\"><strong>Nuestros aceites base Avacado son ideales para diluir aceites esenciales antes de usarlos en la piel.<\/strong> Todos nuestros aceites base son 100% de aceite puro natural.<\/p>\n<p style=\"text-align: justify;\"><\/p>\n<p style=\"text-align: justify;\">El aguacate es originario de M\u00e9xico y, por lo que podemos ver, no lleg\u00f3 a Europa hasta principios del siglo XVI. La mayor parte de los cultivos de aguacate en la actualidad a\u00fan provienen de Am\u00e9rica Central y del Sur y muchos cientos de a\u00f1os de cr\u00eda selectiva y diferentes climas han producido<\/p>\n<p style=\"text-align: justify;\">Varios tipos diferentes de fruta.<\/p>\n<p style=\"text-align: justify;\"><\/p>\n<p style=\"text-align: justify;\">El aceite de aguacate es excelente para la piel. Se absorbe f\u00e1cilmente y ayuda con problemas de la piel como el eccema. Tambi\u00e9n es bueno para el envejecimiento de la piel, ya que se dice que ayuda a mejorar la elasticidad de la piel.<\/p>\n","protected":false},"excerpt":{"rendered":"<p>Nuestros aceites base Avacado son ideales para diluir aceites esenciales antes de usarlos en la piel. Todos nuestros aceites base son 100% de aceite puro natural. El aguacate es originario de M\u00e9xico y, por lo que podemos ver, no lleg\u00f3 a Europa hasta principios del siglo XVI. La mayor parte de los cultivos de aguacate [&hellip;]<\/p>\n","protected":false},"featured_media":259551,"comment_status":"closed","ping_status":"open","template":"","meta":{"_angie_page":false},"product_brand":[27095],"product_cat":[23932,16460],"product_tag":[],"class_list":{"0":"post-244610","1":"product","2":"type-product","3":"status-publish","4":"has-post-thumbnail","6":"product_brand-ancient-wisdom","7":"product_cat-aceites-base","8":"product_cat-aromaterapia-y-fragancias-para-hogar","9":"pa_collection-base-oils-1-litre-es","10":"pa_made-in-sudafrica","12":"first","13":"instock","14":"purchasable","15":"product-type-simple"},"supplier_id":null,"supplier_sku":"BOz-08","barcode":null,"atum_controlled":true,"out_stock_date":null,"out_stock_threshold":null,"inheritable":false,"inbound_stock":null,"stock_on_hold":0,"sold_today":0,"sales_last_days":0,"reserved_stock":null,"customer_returns":null,"warehouse_damage":null,"lost_in_post":null,"other_logs":null,"out_stock_days":0,"lost_sales":0,"has_location":null,"update_date":"2026-04-27T06:55:31","atum_locations":[],"atum_stock_status":"instock","restock_status":false,"low_stock_amount":"","sales_update_date":"2025-10-09T03:26:53","calc_backorders":null,"_links":{"self":[{"href":"https:\/\/aromasentia.com\/es\/wp-json\/wp\/v2\/product\/244610","targetHints":{"allow":["GET"]}}],"collection":[{"href":"https:\/\/aromasentia.com\/es\/wp-json\/wp\/v2\/product"}],"about":[{"href":"https:\/\/aromasentia.com\/es\/wp-json\/wp\/v2\/types\/product"}],"replies":[{"embeddable":true,"href":"https:\/\/aromasentia.com\/es\/wp-json\/wp\/v2\/comments?post=244610"}],"version-history":[{"count":0,"href":"https:\/\/aromasentia.com\/es\/wp-json\/wp\/v2\/product\/244610\/revisions"}],"wp:featuredmedia":[{"embeddable":true,"href":"https:\/\/aromasentia.com\/es\/wp-json\/wp\/v2\/media\/259551"}],"wp:attachment":[{"href":"https:\/\/aromasentia.com\/es\/wp-json\/wp\/v2\/media?parent=244610"}],"wp:term":[{"taxonomy":"product_brand","embeddable":true,"href":"https:\/\/aromasentia.com\/es\/wp-json\/wp\/v2\/product_brand?post=244610"},{"taxonomy":"product_cat","embeddable":true,"href":"https:\/\/aromasentia.com\/es\/wp-json\/wp\/v2\/product_cat?post=244610"},{"taxonomy":"product_tag","embeddable":true,"href":"https:\/\/aromasentia.com\/es\/wp-json\/wp\/v2\/product_tag?post=244610"}],"curies":[{"name":"wp","href":"https:\/\/api.w.org\/{rel}","templated":true}]}}