{"id":244606,"date":"2025-03-20T14:38:14","date_gmt":"2025-03-20T14:38:14","guid":{"rendered":"https:\/\/aromasentia.com\/product\/hempseed-1-litre\/"},"modified":"2025-05-31T21:03:01","modified_gmt":"2025-05-31T21:03:01","slug":"aceites-base-1l-canamo","status":"publish","type":"product","link":"https:\/\/aromasentia.com\/es\/aceites-base-1l-canamo\/","title":{"rendered":"Aceites Base &#8211; 1L &#8211; C\u00e1\u00f1amo"},"content":{"rendered":"<p style=\"text-align: justify;\"><strong>Nuestros aceites base de semillas de c\u00e1\u00f1amo son ideales para diluir aceites esenciales antes de usarlos en la piel.<\/strong> Todos nuestros aceites base son 100% de aceite puro natural.<\/p>\n<p style=\"text-align: justify;\"><\/p>\n<p style=\"text-align: justify;\">El c\u00e1\u00f1amo se ha utilizado en todo el mundo durante muchos a\u00f1os. Es una planta muy \u00fatil y hasta el d\u00eda de hoy todav\u00eda se usa para todo, desde fibras de alta resistencia a la tracci\u00f3n, pl\u00e1sticos y combustibles hasta ropa de cama para animales, purificaci\u00f3n de suelos y joyas. Literalmente tiene tantos usos que no encajar\u00e1n en esta p\u00e1gina.<\/p>\n<p style=\"text-align: justify;\"><\/p>\n<p style=\"text-align: justify;\">El aceite de c\u00e1\u00f1amo en s\u00ed mismo es igual de \u00fatil. En su forma refinada, generalmente se usa en productos cosm\u00e9ticos y de cuidado personal y en aromaterapia. Tambi\u00e9n es un gran humectante para la piel.<\/p>\n","protected":false},"excerpt":{"rendered":"<p>Nuestros aceites base de semillas de c\u00e1\u00f1amo son ideales para diluir aceites esenciales antes de usarlos en la piel. Todos nuestros aceites base son 100% de aceite puro natural. El c\u00e1\u00f1amo se ha utilizado en todo el mundo durante muchos a\u00f1os. Es una planta muy \u00fatil y hasta el d\u00eda de hoy todav\u00eda se usa [&hellip;]<\/p>\n","protected":false},"featured_media":259542,"comment_status":"closed","ping_status":"open","template":"","meta":{"_angie_page":false},"product_brand":[27095],"product_cat":[23932,16460],"product_tag":[],"class_list":{"0":"post-244606","1":"product","2":"type-product","3":"status-publish","4":"has-post-thumbnail","6":"product_brand-ancient-wisdom","7":"product_cat-aceites-base","8":"product_cat-aromaterapia-y-fragancias-para-hogar","9":"pa_collection-base-oils-1-litre-es","10":"pa_made-in-paises-bajos","12":"first","13":"instock","14":"purchasable","15":"product-type-simple"},"supplier_id":null,"supplier_sku":"BOz-07","barcode":null,"atum_controlled":true,"out_stock_date":null,"out_stock_threshold":null,"inheritable":false,"inbound_stock":null,"stock_on_hold":0,"sold_today":0,"sales_last_days":0,"reserved_stock":null,"customer_returns":null,"warehouse_damage":null,"lost_in_post":null,"other_logs":null,"out_stock_days":0,"lost_sales":0,"has_location":null,"update_date":"2026-05-01T01:01:25","atum_locations":[],"atum_stock_status":"instock","restock_status":false,"low_stock_amount":"","sales_update_date":"2026-01-30T01:24:29","calc_backorders":null,"_links":{"self":[{"href":"https:\/\/aromasentia.com\/es\/wp-json\/wp\/v2\/product\/244606","targetHints":{"allow":["GET"]}}],"collection":[{"href":"https:\/\/aromasentia.com\/es\/wp-json\/wp\/v2\/product"}],"about":[{"href":"https:\/\/aromasentia.com\/es\/wp-json\/wp\/v2\/types\/product"}],"replies":[{"embeddable":true,"href":"https:\/\/aromasentia.com\/es\/wp-json\/wp\/v2\/comments?post=244606"}],"version-history":[{"count":0,"href":"https:\/\/aromasentia.com\/es\/wp-json\/wp\/v2\/product\/244606\/revisions"}],"wp:featuredmedia":[{"embeddable":true,"href":"https:\/\/aromasentia.com\/es\/wp-json\/wp\/v2\/media\/259542"}],"wp:attachment":[{"href":"https:\/\/aromasentia.com\/es\/wp-json\/wp\/v2\/media?parent=244606"}],"wp:term":[{"taxonomy":"product_brand","embeddable":true,"href":"https:\/\/aromasentia.com\/es\/wp-json\/wp\/v2\/product_brand?post=244606"},{"taxonomy":"product_cat","embeddable":true,"href":"https:\/\/aromasentia.com\/es\/wp-json\/wp\/v2\/product_cat?post=244606"},{"taxonomy":"product_tag","embeddable":true,"href":"https:\/\/aromasentia.com\/es\/wp-json\/wp\/v2\/product_tag?post=244606"}],"curies":[{"name":"wp","href":"https:\/\/api.w.org\/{rel}","templated":true}]}}