{"id":244598,"date":"2025-03-20T14:38:14","date_gmt":"2025-03-20T14:38:14","guid":{"rendered":"https:\/\/aromasentia.com\/product\/apricot-kernel-1-litre\/"},"modified":"2025-05-31T21:02:40","modified_gmt":"2025-05-31T21:02:40","slug":"aceites-base-1l-albaricoque","status":"publish","type":"product","link":"https:\/\/aromasentia.com\/es\/aceites-base-1l-albaricoque\/","title":{"rendered":"Aceites Base &#8211; 1L &#8211; Albaricoque"},"content":{"rendered":"<p style=\"text-align: justify;\"><strong>Nuestros aceites base de albaricoque son ideales para diluir aceites esenciales antes de usarlos en la piel.<\/strong>&nbsp;Todos nuestros aceites base son 100% de aceite puro natural.<\/p>\n<p style=\"text-align: justify;\"><\/p>\n<p style=\"text-align: justify;\">Los melocotones se han disfrutado en todo el mundo durante miles de a\u00f1os como una fruta sabrosa. Fueron introducidos en Europa por los romanos despu\u00e9s de sus campa\u00f1as militares en Persia (ahora Ir\u00e1n).<\/p>\n<p style=\"text-align: justify;\"><\/p>\n<p style=\"text-align: justify;\">El aceite en s\u00ed es prensado en fr\u00edo del grano o semilla en el centro de la fruta. Se dice que es muy bueno para la piel y proporciona alivio para la picaz\u00f3n y el eccema. Tambi\u00e9n es muy bueno para el envejecimiento de la piel y un buen aceite para masajes.<\/p>\n<p style=\"text-align: justify;\"><\/p>\n<p style=\"text-align: justify;\">El aceite base de albaricoque se obtiene de Espa\u00f1a y se hace con un m\u00e9todo de extracci\u00f3n prensado en fr\u00edo.<\/p>\n","protected":false},"excerpt":{"rendered":"<p>Nuestros aceites base de albaricoque son ideales para diluir aceites esenciales antes de usarlos en la piel.&nbsp;Todos nuestros aceites base son 100% de aceite puro natural. Los melocotones se han disfrutado en todo el mundo durante miles de a\u00f1os como una fruta sabrosa. Fueron introducidos en Europa por los romanos despu\u00e9s de sus campa\u00f1as militares [&hellip;]<\/p>\n","protected":false},"featured_media":642299,"comment_status":"closed","ping_status":"open","template":"","meta":{"_angie_page":false},"product_brand":[27095],"product_cat":[23932,16460],"product_tag":[],"class_list":{"0":"post-244598","1":"product","2":"type-product","3":"status-publish","4":"has-post-thumbnail","6":"product_brand-ancient-wisdom","7":"product_cat-aceites-base","8":"product_cat-aromaterapia-y-fragancias-para-hogar","9":"pa_collection-base-oils-1-litre-es","10":"pa_made-in-espana","12":"first","13":"instock","14":"purchasable","15":"product-type-simple"},"supplier_id":null,"supplier_sku":"BOz-05","barcode":null,"atum_controlled":true,"out_stock_date":null,"out_stock_threshold":null,"inheritable":false,"inbound_stock":0,"stock_on_hold":0,"sold_today":0,"sales_last_days":0,"reserved_stock":0,"customer_returns":0,"warehouse_damage":0,"lost_in_post":0,"other_logs":0,"out_stock_days":0,"lost_sales":0,"has_location":false,"update_date":"2026-04-27T19:09:48","atum_locations":[],"atum_stock_status":"instock","restock_status":false,"low_stock_amount":"","sales_update_date":"2025-10-09T03:26:50","calc_backorders":null,"_links":{"self":[{"href":"https:\/\/aromasentia.com\/es\/wp-json\/wp\/v2\/product\/244598","targetHints":{"allow":["GET"]}}],"collection":[{"href":"https:\/\/aromasentia.com\/es\/wp-json\/wp\/v2\/product"}],"about":[{"href":"https:\/\/aromasentia.com\/es\/wp-json\/wp\/v2\/types\/product"}],"replies":[{"embeddable":true,"href":"https:\/\/aromasentia.com\/es\/wp-json\/wp\/v2\/comments?post=244598"}],"version-history":[{"count":0,"href":"https:\/\/aromasentia.com\/es\/wp-json\/wp\/v2\/product\/244598\/revisions"}],"wp:featuredmedia":[{"embeddable":true,"href":"https:\/\/aromasentia.com\/es\/wp-json\/wp\/v2\/media\/642299"}],"wp:attachment":[{"href":"https:\/\/aromasentia.com\/es\/wp-json\/wp\/v2\/media?parent=244598"}],"wp:term":[{"taxonomy":"product_brand","embeddable":true,"href":"https:\/\/aromasentia.com\/es\/wp-json\/wp\/v2\/product_brand?post=244598"},{"taxonomy":"product_cat","embeddable":true,"href":"https:\/\/aromasentia.com\/es\/wp-json\/wp\/v2\/product_cat?post=244598"},{"taxonomy":"product_tag","embeddable":true,"href":"https:\/\/aromasentia.com\/es\/wp-json\/wp\/v2\/product_tag?post=244598"}],"curies":[{"name":"wp","href":"https:\/\/api.w.org\/{rel}","templated":true}]}}