{"id":244558,"date":"2025-03-20T14:38:52","date_gmt":"2025-03-20T14:38:52","guid":{"rendered":"https:\/\/aromasentia.com\/product\/open-hands-oil-burner-blue\/"},"modified":"2025-05-31T21:02:00","modified_gmt":"2025-05-31T21:02:00","slug":"quemador-de-fragancias-mano-azul","status":"publish","type":"product","link":"https:\/\/aromasentia.com\/es\/quemador-de-fragancias-mano-azul\/","title":{"rendered":"Quemador de fragancias &#8211; mano azul"},"content":{"rendered":"<p><\/p>\n<p><\/p>\n<p>Estos preciosos quemadores de cer\u00e1mica de dise\u00f1o elegante har\u00e1n que tus clientes se adentren en el mundo de la aromaterapia, un mundo de deliciosos aromas. Son ideales para descubrir o intensificar el efecto beneficioso de los aceites esenciales y c\u00f3mo \u00e9stos pueden ser una fuente de bienestar y placer. S\u00f3lo venta al por mayor.<\/p>\n<p>Hechos de porcelana y de color blanco o negro para no perder la naturalidad y elegancia de la pieza, de gran calidad por su buen acabado.<\/p>\n<p>Estos quemadores son un fant\u00e1stico regalo y muy vers\u00e1tiles, ya que adem\u00e1s de decorar y perfumar cualquier estancia, los budas, \u00e1ngeles y manos son una especie de llamadores de la buena suerte, que unido al poder de la aromaterapia, hacen que el conjunto sea un regalo muy valioso.<\/p>\n<p><\/p>\n<p><\/p>\n<p><\/p>\n<p><\/p>\n<p><\/p>\n","protected":false},"excerpt":{"rendered":"<p>Estos preciosos quemadores de cer\u00e1mica de dise\u00f1o elegante har\u00e1n que tus clientes se adentren en el mundo de la aromaterapia, un mundo de deliciosos aromas. Son ideales para descubrir o intensificar el efecto beneficioso de los aceites esenciales y c\u00f3mo \u00e9stos pueden ser una fuente de bienestar y placer. S\u00f3lo venta al por mayor. Hechos [&hellip;]<\/p>\n","protected":false},"featured_media":260010,"comment_status":"closed","ping_status":"open","template":"","meta":{"_angie_page":false},"product_brand":[],"product_cat":[16524,18411],"product_tag":[],"class_list":{"0":"post-244558","1":"product","2":"type-product","3":"status-publish","4":"has-post-thumbnail","6":"product_cat-difusores-de-aroma-y-barritas-aromaticas","7":"product_cat-quemadores-de-aceite","8":"pa_collection-cool-design-oil-burner-es","9":"pa_made-in-china","11":"first","12":"outofstock","13":"purchasable","14":"product-type-simple"},"supplier_id":null,"supplier_sku":"Cdes-07","barcode":null,"atum_controlled":true,"out_stock_date":"2025-09-04 22:12:42","out_stock_threshold":null,"inheritable":false,"inbound_stock":null,"stock_on_hold":0,"sold_today":0,"sales_last_days":0,"reserved_stock":null,"customer_returns":null,"warehouse_damage":null,"lost_in_post":null,"other_logs":null,"out_stock_days":34,"lost_sales":0,"has_location":null,"update_date":"2026-04-28T18:50:19","atum_locations":[],"atum_stock_status":"outofstock","restock_status":false,"low_stock_amount":"","sales_update_date":"2025-10-09T03:27:28","calc_backorders":null,"_links":{"self":[{"href":"https:\/\/aromasentia.com\/es\/wp-json\/wp\/v2\/product\/244558","targetHints":{"allow":["GET"]}}],"collection":[{"href":"https:\/\/aromasentia.com\/es\/wp-json\/wp\/v2\/product"}],"about":[{"href":"https:\/\/aromasentia.com\/es\/wp-json\/wp\/v2\/types\/product"}],"replies":[{"embeddable":true,"href":"https:\/\/aromasentia.com\/es\/wp-json\/wp\/v2\/comments?post=244558"}],"version-history":[{"count":0,"href":"https:\/\/aromasentia.com\/es\/wp-json\/wp\/v2\/product\/244558\/revisions"}],"wp:featuredmedia":[{"embeddable":true,"href":"https:\/\/aromasentia.com\/es\/wp-json\/wp\/v2\/media\/260010"}],"wp:attachment":[{"href":"https:\/\/aromasentia.com\/es\/wp-json\/wp\/v2\/media?parent=244558"}],"wp:term":[{"taxonomy":"product_brand","embeddable":true,"href":"https:\/\/aromasentia.com\/es\/wp-json\/wp\/v2\/product_brand?post=244558"},{"taxonomy":"product_cat","embeddable":true,"href":"https:\/\/aromasentia.com\/es\/wp-json\/wp\/v2\/product_cat?post=244558"},{"taxonomy":"product_tag","embeddable":true,"href":"https:\/\/aromasentia.com\/es\/wp-json\/wp\/v2\/product_tag?post=244558"}],"curies":[{"name":"wp","href":"https:\/\/api.w.org\/{rel}","templated":true}]}}