{"id":244534,"date":"2025-03-20T14:38:52","date_gmt":"2025-03-20T14:38:52","guid":{"rendered":"https:\/\/aromasentia.com\/product\/10ml-aromatherapy-car-blend-long-drive\/"},"modified":"2025-05-31T21:01:33","modified_gmt":"2025-05-31T21:01:33","slug":"10ml-aceite-esencial-para-difusor-de-coche-viaje-largo","status":"publish","type":"product","link":"https:\/\/aromasentia.com\/es\/10ml-aceite-esencial-para-difusor-de-coche-viaje-largo\/","title":{"rendered":"10ml Aceite Esencial para difusor de coche- Viaje Largo"},"content":{"rendered":"<p>Esta mezcla de aromaterapia ser\u00e1 la soluci\u00f3n para tus viajes largos. El aroma de la tangerina y la lima son la combinaci\u00f3n perfecta para estar tranquilo y sentir que estas de vacaciones.<\/p>\n<p>Este aceite de fragancia de tiene una duraci\u00f3n prolongada porque se diluye con otro aceite hecho de dipropilenglicol.<br style=\"box-sizing: inherit; color: rgb(29, 28, 29); font-family: Slack-Lato, Slack-Fractions, appleLogo, sans-serif; font-size: 15px; font-style: normal; font-variant-ligatures: common-ligatures; font-variant-caps: normal; font-weight: 400; letter-spacing: normal; orphans: 2; text-align: left; text-indent: 0px; text-transform: none; white-space: normal; widows: 2; word-spacing: 0px; -webkit-text-stroke-width: 0px; background-color: rgb(248, 248, 248); text-decoration-thickness: initial; text-decoration-style: initial; text-decoration-color: initial;\">El dipropilenglicol es un aceite com\u00fan que se utiliza para hacer aceites de fragancias m\u00e1s efectivas <\/p>\n<p><\/p>\n","protected":false},"excerpt":{"rendered":"<p>Esta mezcla de aromaterapia ser\u00e1 la soluci\u00f3n para tus viajes largos. El aroma de la tangerina y la lima son la combinaci\u00f3n perfecta para estar tranquilo y sentir que estas de vacaciones. Este aceite de fragancia de tiene una duraci\u00f3n prolongada porque se diluye con otro aceite hecho de dipropilenglicol.El dipropilenglicol es un aceite com\u00fan [&hellip;]<\/p>\n","protected":false},"featured_media":259884,"comment_status":"closed","ping_status":"open","template":"","meta":{"_angie_page":false},"product_brand":[],"product_cat":[23652,24885,16460,26652],"product_tag":[],"class_list":{"0":"post-244534","1":"product","2":"type-product","3":"status-publish","4":"has-post-thumbnail","6":"product_cat-aceites-esenciales","7":"product_cat-ambientador-de-coche","8":"product_cat-aromaterapia-y-fragancias-para-hogar","9":"product_cat-mezclas-aceites-esenciales","10":"pa_collection-aromatherapy-blends-for-car-diffusers-es","11":"pa_made-in-estados-unidos","12":"pa_size-10ml","14":"first","15":"instock","16":"purchasable","17":"product-type-simple"},"supplier_id":null,"supplier_sku":"CarEO-04","barcode":null,"atum_controlled":true,"out_stock_date":null,"out_stock_threshold":null,"inheritable":false,"inbound_stock":0,"stock_on_hold":0,"sold_today":0,"sales_last_days":0,"reserved_stock":0,"customer_returns":0,"warehouse_damage":0,"lost_in_post":0,"other_logs":0,"out_stock_days":0,"lost_sales":0,"has_location":false,"update_date":"2026-04-27T06:55:59","atum_locations":[],"atum_stock_status":"instock","restock_status":false,"low_stock_amount":"","sales_update_date":"2025-10-09T03:27:14","calc_backorders":null,"_links":{"self":[{"href":"https:\/\/aromasentia.com\/es\/wp-json\/wp\/v2\/product\/244534","targetHints":{"allow":["GET"]}}],"collection":[{"href":"https:\/\/aromasentia.com\/es\/wp-json\/wp\/v2\/product"}],"about":[{"href":"https:\/\/aromasentia.com\/es\/wp-json\/wp\/v2\/types\/product"}],"replies":[{"embeddable":true,"href":"https:\/\/aromasentia.com\/es\/wp-json\/wp\/v2\/comments?post=244534"}],"version-history":[{"count":0,"href":"https:\/\/aromasentia.com\/es\/wp-json\/wp\/v2\/product\/244534\/revisions"}],"wp:featuredmedia":[{"embeddable":true,"href":"https:\/\/aromasentia.com\/es\/wp-json\/wp\/v2\/media\/259884"}],"wp:attachment":[{"href":"https:\/\/aromasentia.com\/es\/wp-json\/wp\/v2\/media?parent=244534"}],"wp:term":[{"taxonomy":"product_brand","embeddable":true,"href":"https:\/\/aromasentia.com\/es\/wp-json\/wp\/v2\/product_brand?post=244534"},{"taxonomy":"product_cat","embeddable":true,"href":"https:\/\/aromasentia.com\/es\/wp-json\/wp\/v2\/product_cat?post=244534"},{"taxonomy":"product_tag","embeddable":true,"href":"https:\/\/aromasentia.com\/es\/wp-json\/wp\/v2\/product_tag?post=244534"}],"curies":[{"name":"wp","href":"https:\/\/api.w.org\/{rel}","templated":true}]}}