{"id":244518,"date":"2025-03-20T14:38:52","date_gmt":"2025-03-20T14:38:52","guid":{"rendered":"https:\/\/aromasentia.com\/product\/batana-oil-1-litre\/"},"modified":"2025-05-31T21:01:06","modified_gmt":"2025-05-31T21:01:06","slug":"aceite-de-batana-1-litro","status":"publish","type":"product","link":"https:\/\/aromasentia.com\/es\/aceite-de-batana-1-litro\/","title":{"rendered":"Aceite de batana &#8211; 1 litro"},"content":{"rendered":"<p><strong>Descubre el aceite de batana de 1 litro de Aroma Sentia Espa\u00f1a.&nbsp;<\/strong><\/p>\n<p>Descubre el aceite base de batana de <strong><span style=\"color: rgb(147, 101, 184);\">Aroma Sentia Espa\u00f1a<\/span><\/strong> es un aceite natural altamente beneficioso, com\u00fanmente conocido por su hidrataci\u00f3n y propiedades nutritivas.<\/p>\n<p>Al comprar al por mayor obtendr\u00e1s mayores m\u00e1rgenes de beneficios, y un mayor stock para crear aceites de masajes personalizados o vender a tus clientes.&nbsp;<\/p>\n<p>Este aceite es muy \u00f3ptimo para personas que buscan ofrecer un aceite de calidad que hidrate en profundidad y que quieran mejorar el cabello de forma natural.&nbsp;<\/p>\n<p>\u00a1Es un producto perfecto para revender tiendas de bienestar o belleza!<\/p>\n<p><strong>Si prefieres un tama\u00f1o m\u00e1s peque\u00f1o, no te pierdas el formato en de este aceite. de 100ml . Puedes verlo pinchando &quot;<\/strong><a href=\"https:\/\/aromasentia.com\/bo-35\" rel=\"noopener noreferrer\" target=\"_blank\"><strong>AQUI&quot;<\/strong><\/a><\/p>\n","protected":false},"excerpt":{"rendered":"<p>Descubre el aceite de batana de 1 litro de Aroma Sentia Espa\u00f1a.&nbsp; Descubre el aceite base de batana de Aroma Sentia Espa\u00f1a es un aceite natural altamente beneficioso, com\u00fanmente conocido por su hidrataci\u00f3n y propiedades nutritivas. Al comprar al por mayor obtendr\u00e1s mayores m\u00e1rgenes de beneficios, y un mayor stock para crear aceites de masajes [&hellip;]<\/p>\n","protected":false},"featured_media":259776,"comment_status":"closed","ping_status":"open","template":"","meta":{"_angie_page":false},"product_brand":[27095],"product_cat":[23932,16460],"product_tag":[],"class_list":{"0":"post-244518","1":"product","2":"type-product","3":"status-publish","4":"has-post-thumbnail","6":"product_brand-ancient-wisdom","7":"product_cat-aceites-base","8":"product_cat-aromaterapia-y-fragancias-para-hogar","9":"pa_collection-base-oils-1-litre-es","10":"pa_made-in-colombia","12":"first","13":"instock","14":"purchasable","15":"product-type-simple"},"supplier_id":null,"supplier_sku":"BOZ-35","barcode":null,"atum_controlled":true,"out_stock_date":null,"out_stock_threshold":null,"inheritable":false,"inbound_stock":null,"stock_on_hold":0,"sold_today":0,"sales_last_days":0,"reserved_stock":null,"customer_returns":null,"warehouse_damage":null,"lost_in_post":null,"other_logs":null,"out_stock_days":0,"lost_sales":0,"has_location":null,"update_date":"2026-04-27T06:55:40","atum_locations":[],"atum_stock_status":"instock","restock_status":false,"low_stock_amount":"","sales_update_date":"2025-10-09T03:26:59","calc_backorders":null,"_links":{"self":[{"href":"https:\/\/aromasentia.com\/es\/wp-json\/wp\/v2\/product\/244518","targetHints":{"allow":["GET"]}}],"collection":[{"href":"https:\/\/aromasentia.com\/es\/wp-json\/wp\/v2\/product"}],"about":[{"href":"https:\/\/aromasentia.com\/es\/wp-json\/wp\/v2\/types\/product"}],"replies":[{"embeddable":true,"href":"https:\/\/aromasentia.com\/es\/wp-json\/wp\/v2\/comments?post=244518"}],"version-history":[{"count":0,"href":"https:\/\/aromasentia.com\/es\/wp-json\/wp\/v2\/product\/244518\/revisions"}],"wp:featuredmedia":[{"embeddable":true,"href":"https:\/\/aromasentia.com\/es\/wp-json\/wp\/v2\/media\/259776"}],"wp:attachment":[{"href":"https:\/\/aromasentia.com\/es\/wp-json\/wp\/v2\/media?parent=244518"}],"wp:term":[{"taxonomy":"product_brand","embeddable":true,"href":"https:\/\/aromasentia.com\/es\/wp-json\/wp\/v2\/product_brand?post=244518"},{"taxonomy":"product_cat","embeddable":true,"href":"https:\/\/aromasentia.com\/es\/wp-json\/wp\/v2\/product_cat?post=244518"},{"taxonomy":"product_tag","embeddable":true,"href":"https:\/\/aromasentia.com\/es\/wp-json\/wp\/v2\/product_tag?post=244518"}],"curies":[{"name":"wp","href":"https:\/\/api.w.org\/{rel}","templated":true}]}}