{"id":244510,"date":"2025-03-20T14:38:52","date_gmt":"2025-03-20T14:38:52","guid":{"rendered":"https:\/\/aromasentia.com\/product\/black-cumin-oil-1-litre\/"},"modified":"2025-05-31T21:01:00","modified_gmt":"2025-05-31T21:01:00","slug":"aceite-de-comino-negro-1-litro","status":"publish","type":"product","link":"https:\/\/aromasentia.com\/es\/aceite-de-comino-negro-1-litro\/","title":{"rendered":"Aceite de Comino Negro 1 Litro"},"content":{"rendered":"<p>Descubra los potentes beneficios del aceite de comino negro, disponible en envase de 1 litro. Tambi\u00e9n conocido como aceite de Nigella Sativa, ha sido venerado durante siglos por sus potentes propiedades antiinflamatorias, antibacterianas y antioxidantes. Rico en timoquinona, es excelente para calmar las afecciones cut\u00e1neas, reducir el enrojecimiento y favorecer la salud general de la piel. Tambi\u00e9n puede ser beneficioso para la salud respiratoria y reforzar el sistema inmunol\u00f3gico si se utiliza adecuadamente. Un aceite realmente extraordinario para aplicaciones terap\u00e9uticas y para promover el bienestar hol\u00edstico.<\/p>\n","protected":false},"excerpt":{"rendered":"<p>Descubra los potentes beneficios del aceite de comino negro, disponible en envase de 1 litro. Tambi\u00e9n conocido como aceite de Nigella Sativa, ha sido venerado durante siglos por sus potentes propiedades antiinflamatorias, antibacterianas y antioxidantes. Rico en timoquinona, es excelente para calmar las afecciones cut\u00e1neas, reducir el enrojecimiento y favorecer la salud general de la [&hellip;]<\/p>\n","protected":false},"featured_media":259758,"comment_status":"closed","ping_status":"open","template":"","meta":[],"product_brand":[27095],"product_cat":[23932,25844,16460,26891,26165],"product_tag":[],"class_list":{"0":"post-244510","1":"product","2":"type-product","3":"status-publish","4":"has-post-thumbnail","6":"product_brand-ancient-wisdom","7":"product_cat-aceites-base","8":"product_cat-aromas","9":"product_cat-aromaterapia-y-fragancias-para-hogar","10":"product_cat-especiado","11":"product_cat-semilla-de-comino","12":"pa_collection-base-oils-1-litre-es","14":"first","15":"instock","16":"purchasable","17":"product-type-simple"},"supplier_id":null,"supplier_sku":"BOZ-28","barcode":null,"atum_controlled":true,"out_stock_date":null,"out_stock_threshold":null,"inheritable":false,"inbound_stock":0,"stock_on_hold":0,"sold_today":0,"sales_last_days":0,"reserved_stock":0,"customer_returns":0,"warehouse_damage":0,"lost_in_post":0,"other_logs":0,"out_stock_days":0,"lost_sales":0,"has_location":false,"update_date":"2026-01-30T01:25:23","atum_locations":[],"atum_stock_status":"instock","restock_status":false,"low_stock_amount":"","sales_update_date":"2026-01-30T01:25:23","calc_backorders":null,"_links":{"self":[{"href":"https:\/\/aromasentia.com\/es\/wp-json\/wp\/v2\/product\/244510","targetHints":{"allow":["GET"]}}],"collection":[{"href":"https:\/\/aromasentia.com\/es\/wp-json\/wp\/v2\/product"}],"about":[{"href":"https:\/\/aromasentia.com\/es\/wp-json\/wp\/v2\/types\/product"}],"replies":[{"embeddable":true,"href":"https:\/\/aromasentia.com\/es\/wp-json\/wp\/v2\/comments?post=244510"}],"version-history":[{"count":0,"href":"https:\/\/aromasentia.com\/es\/wp-json\/wp\/v2\/product\/244510\/revisions"}],"wp:featuredmedia":[{"embeddable":true,"href":"https:\/\/aromasentia.com\/es\/wp-json\/wp\/v2\/media\/259758"}],"wp:attachment":[{"href":"https:\/\/aromasentia.com\/es\/wp-json\/wp\/v2\/media?parent=244510"}],"wp:term":[{"taxonomy":"product_brand","embeddable":true,"href":"https:\/\/aromasentia.com\/es\/wp-json\/wp\/v2\/product_brand?post=244510"},{"taxonomy":"product_cat","embeddable":true,"href":"https:\/\/aromasentia.com\/es\/wp-json\/wp\/v2\/product_cat?post=244510"},{"taxonomy":"product_tag","embeddable":true,"href":"https:\/\/aromasentia.com\/es\/wp-json\/wp\/v2\/product_tag?post=244510"}],"curies":[{"name":"wp","href":"https:\/\/api.w.org\/{rel}","templated":true}]}}