{"id":244482,"date":"2025-03-20T14:38:52","date_gmt":"2025-03-20T14:38:52","guid":{"rendered":"https:\/\/aromasentia.com\/product\/watermelon-seed-oil-1-litre\/"},"modified":"2025-05-31T21:00:34","modified_gmt":"2025-05-31T21:00:34","slug":"aceite-de-semillas-de-sandia-1-litro","status":"publish","type":"product","link":"https:\/\/aromasentia.com\/es\/aceite-de-semillas-de-sandia-1-litro\/","title":{"rendered":"Aceite de Semillas de Sand\u00eda 1 Litro"},"content":{"rendered":"<p>Hidrate y aclare con nuestro aceite ligero de semillas de sand\u00eda en una generosa botella de 1 litro. Prensado en fr\u00edo a partir de semillas de sand\u00eda, este aceite es excepcionalmente fino y de f\u00e1cil absorci\u00f3n, por lo que es perfecto para pieles grasas o con tendencia acneica, ya que no obstruye los poros. Rico en \u00e1cido linoleico y nutrientes esenciales, ayuda a disolver el exceso de sebo, desintoxica e hidrata, dejando la piel equilibrada, suave y maravillosamente fresca. Una excelente elecci\u00f3n para el cuidado facial, la hidrataci\u00f3n corporal o como aceite portador ligero en sus mezclas de aromaterapia.<\/p>\n","protected":false},"excerpt":{"rendered":"<p>Hidrate y aclare con nuestro aceite ligero de semillas de sand\u00eda en una generosa botella de 1 litro. Prensado en fr\u00edo a partir de semillas de sand\u00eda, este aceite es excepcionalmente fino y de f\u00e1cil absorci\u00f3n, por lo que es perfecto para pieles grasas o con tendencia acneica, ya que no obstruye los poros. Rico [&hellip;]<\/p>\n","protected":false},"featured_media":259695,"comment_status":"closed","ping_status":"open","template":"","meta":{"_angie_page":false},"product_brand":[27095],"product_cat":[23932,25844,16460,26849,26500],"product_tag":[],"class_list":{"0":"post-244482","1":"product","2":"type-product","3":"status-publish","4":"has-post-thumbnail","6":"product_brand-ancient-wisdom","7":"product_cat-aceites-base","8":"product_cat-aromas","9":"product_cat-aromaterapia-y-fragancias-para-hogar","10":"product_cat-frutal","11":"product_cat-sandia","12":"pa_collection-base-oils-1-litre-es","13":"pa_made-in-sudafrica","15":"first","16":"instock","17":"purchasable","18":"product-type-simple"},"supplier_id":null,"supplier_sku":"BOZ-34","barcode":null,"atum_controlled":true,"out_stock_date":null,"out_stock_threshold":null,"inheritable":false,"inbound_stock":0,"stock_on_hold":0,"sold_today":0,"sales_last_days":0,"reserved_stock":0,"customer_returns":0,"warehouse_damage":0,"lost_in_post":0,"other_logs":0,"out_stock_days":0,"lost_sales":0,"has_location":false,"update_date":"2026-04-27T06:55:40","atum_locations":[],"atum_stock_status":"instock","restock_status":false,"low_stock_amount":"","sales_update_date":"2026-01-30T01:26:19","calc_backorders":null,"_links":{"self":[{"href":"https:\/\/aromasentia.com\/es\/wp-json\/wp\/v2\/product\/244482","targetHints":{"allow":["GET"]}}],"collection":[{"href":"https:\/\/aromasentia.com\/es\/wp-json\/wp\/v2\/product"}],"about":[{"href":"https:\/\/aromasentia.com\/es\/wp-json\/wp\/v2\/types\/product"}],"replies":[{"embeddable":true,"href":"https:\/\/aromasentia.com\/es\/wp-json\/wp\/v2\/comments?post=244482"}],"version-history":[{"count":0,"href":"https:\/\/aromasentia.com\/es\/wp-json\/wp\/v2\/product\/244482\/revisions"}],"wp:featuredmedia":[{"embeddable":true,"href":"https:\/\/aromasentia.com\/es\/wp-json\/wp\/v2\/media\/259695"}],"wp:attachment":[{"href":"https:\/\/aromasentia.com\/es\/wp-json\/wp\/v2\/media?parent=244482"}],"wp:term":[{"taxonomy":"product_brand","embeddable":true,"href":"https:\/\/aromasentia.com\/es\/wp-json\/wp\/v2\/product_brand?post=244482"},{"taxonomy":"product_cat","embeddable":true,"href":"https:\/\/aromasentia.com\/es\/wp-json\/wp\/v2\/product_cat?post=244482"},{"taxonomy":"product_tag","embeddable":true,"href":"https:\/\/aromasentia.com\/es\/wp-json\/wp\/v2\/product_tag?post=244482"}],"curies":[{"name":"wp","href":"https:\/\/api.w.org\/{rel}","templated":true}]}}