{"id":244266,"date":"2025-03-20T14:51:35","date_gmt":"2025-03-20T14:51:35","guid":{"rendered":"https:\/\/aromasentia.com\/product\/10-ml-rosewood-essential-oil\/"},"modified":"2025-05-31T20:56:47","modified_gmt":"2025-05-31T20:56:47","slug":"aceite-esencial-palo-de-rosa","status":"publish","type":"product","link":"https:\/\/aromasentia.com\/es\/aceite-esencial-palo-de-rosa\/","title":{"rendered":"Aceite Esencial Palo de rosa"},"content":{"rendered":"<p><strong>Nombre latino<\/strong>: Aniba Rosaeodora<\/p>\n<p><strong>Parte de la planta utilizada:<\/strong> madera<\/p>\n<p><strong>Fuente:<\/strong>&nbsp;India<\/p>\n<p><strong>M\u00e9todo de extracci\u00f3n:<\/strong> destilaci\u00f3n al vapor<\/p>\n<p style=\"text-align: justify;\"><\/p>\n<p style=\"text-align: justify;\">Los beneficios para la salud del aceite esencial de palo de rosa se pueden atribuir a sus propiedades como analg\u00e9sico, antidepresivo, antis\u00e9ptico, afrodis\u00edaco, antibacteriano, cef\u00e1lico, desodorante, insecticida y una sustancia estimulante. Se extrae del \u00e1rbol de palo de rosa.<\/p>\n<p style=\"text-align: justify;\"><\/p>\n<p style=\"text-align: justify;\"><strong>Este aceite esencial puede eliminar su depresi\u00f3n<\/strong> y dejarlo sonriendo en cuesti\u00f3n de minutos. El aroma suave, dulce, picante y floral de este aceite hace el truco y, por lo tanto, es favorecido por los especialistas en aromaterapia. Aleja la tristeza y la decepci\u00f3n y te prepara para asumir la vida con una perspectiva nueva y positiva. Puede ser muy bueno para aquellos que recientemente fracasaron o se sienten deprimidos, ya sea en t\u00e9rminos acad\u00e9micos, situaciones profesionales o relaciones.<\/p>\n<p style=\"text-align: justify;\"><\/p>\n<p style=\"text-align: justify;\">Aunque no es fuerte, este aceite sirve como un analg\u00e9sico suave y puede aliviar los dolores de cabeza leves, dolor de muelas y dolor en los m\u00fasculos y las articulaciones. Este aceite puede mantener su cerebro fresco, activo, agudo y alerta, y tambi\u00e9n puede eliminar los dolores de cabeza. Esto tambi\u00e9n mejorar\u00e1 su memoria y ayudar\u00e1 a protegerlo de los trastornos neur\u00f3ticos.<\/p>\n<p style=\"text-align: justify;\"><\/p>\n<p style=\"text-align: justify;\">Este aceite tiene propiedades insecticidas y puede matar peque\u00f1os insectos como mosquitos, piojos, chinches, pulgas y hormigas. Tambi\u00e9n puede usarlo en vaporizadores, aerosoles, ambientadores y lavados de pisos. Si se frota sobre la piel, tambi\u00e9n aleja a los mosquitos.<\/p>\n","protected":false},"excerpt":{"rendered":"<p>Nombre latino: Aniba Rosaeodora Parte de la planta utilizada: madera Fuente:&nbsp;India M\u00e9todo de extracci\u00f3n: destilaci\u00f3n al vapor Los beneficios para la salud del aceite esencial de palo de rosa se pueden atribuir a sus propiedades como analg\u00e9sico, antidepresivo, antis\u00e9ptico, afrodis\u00edaco, antibacteriano, cef\u00e1lico, desodorante, insecticida y una sustancia estimulante. Se extrae del \u00e1rbol de palo de [&hellip;]<\/p>\n","protected":false},"featured_media":261549,"comment_status":"closed","ping_status":"open","template":"","meta":{"_angie_page":false},"product_brand":[27095],"product_cat":[23652,26898,25844,16460,26379],"product_tag":[],"class_list":{"0":"post-244266","1":"product","2":"type-product","3":"status-publish","4":"has-post-thumbnail","6":"product_brand-ancient-wisdom","7":"product_cat-aceites-esenciales","8":"product_cat-amaderado","9":"product_cat-aromas","10":"product_cat-aromaterapia-y-fragancias-para-hogar","11":"product_cat-palo-de-rosa","12":"pa_collection-aromatherapy-essential-oils-10ml-es","13":"pa_made-in-india","14":"pa_size-10ml","16":"first","17":"instock","18":"purchasable","19":"product-type-simple"},"supplier_id":null,"supplier_sku":"EO-39","barcode":null,"atum_controlled":true,"out_stock_date":null,"out_stock_threshold":null,"inheritable":false,"inbound_stock":null,"stock_on_hold":0,"sold_today":0,"sales_last_days":0,"reserved_stock":null,"customer_returns":null,"warehouse_damage":null,"lost_in_post":null,"other_logs":null,"out_stock_days":0,"lost_sales":0,"has_location":null,"update_date":"2026-04-27T07:00:49","atum_locations":[],"atum_stock_status":"instock","restock_status":false,"low_stock_amount":"","sales_update_date":"2025-09-03T00:27:46","calc_backorders":null,"_links":{"self":[{"href":"https:\/\/aromasentia.com\/es\/wp-json\/wp\/v2\/product\/244266","targetHints":{"allow":["GET"]}}],"collection":[{"href":"https:\/\/aromasentia.com\/es\/wp-json\/wp\/v2\/product"}],"about":[{"href":"https:\/\/aromasentia.com\/es\/wp-json\/wp\/v2\/types\/product"}],"replies":[{"embeddable":true,"href":"https:\/\/aromasentia.com\/es\/wp-json\/wp\/v2\/comments?post=244266"}],"version-history":[{"count":0,"href":"https:\/\/aromasentia.com\/es\/wp-json\/wp\/v2\/product\/244266\/revisions"}],"wp:featuredmedia":[{"embeddable":true,"href":"https:\/\/aromasentia.com\/es\/wp-json\/wp\/v2\/media\/261549"}],"wp:attachment":[{"href":"https:\/\/aromasentia.com\/es\/wp-json\/wp\/v2\/media?parent=244266"}],"wp:term":[{"taxonomy":"product_brand","embeddable":true,"href":"https:\/\/aromasentia.com\/es\/wp-json\/wp\/v2\/product_brand?post=244266"},{"taxonomy":"product_cat","embeddable":true,"href":"https:\/\/aromasentia.com\/es\/wp-json\/wp\/v2\/product_cat?post=244266"},{"taxonomy":"product_tag","embeddable":true,"href":"https:\/\/aromasentia.com\/es\/wp-json\/wp\/v2\/product_tag?post=244266"}],"curies":[{"name":"wp","href":"https:\/\/api.w.org\/{rel}","templated":true}]}}