{"id":244254,"date":"2025-03-20T14:51:35","date_gmt":"2025-03-20T14:51:35","guid":{"rendered":"https:\/\/aromasentia.com\/product\/10-ml-palmarosa-essential-oil\/"},"modified":"2025-05-31T20:56:40","modified_gmt":"2025-05-31T20:56:40","slug":"aceite-esencial-palmarosa","status":"publish","type":"product","link":"https:\/\/aromasentia.com\/es\/aceite-esencial-palmarosa\/","title":{"rendered":"Aceite Esencial Palmarosa"},"content":{"rendered":"<p><strong>Nombre latino:<\/strong> Cymbopogon Martinii&nbsp;<\/p>\n<p><strong>Parte de la planta utilizada:<\/strong> hierba&nbsp;<\/p>\n<p><strong>Fuente:<\/strong> India&nbsp;<\/p>\n<p><strong>M\u00e9todo de extracci\u00f3n:<\/strong> destilaci\u00f3n al vapor&nbsp;<\/p>\n<p style=\"text-align: justify;\"><strong>El Aceite Esencial de Palmarosa tiene un aroma a rosa que lo convierte en una hermosa adici\u00f3n a su colecci\u00f3n de aceites esenciales. <\/strong><\/p>\n<p style=\"text-align: justify;\">Es un aceite esencial conocido por sus <strong>beneficios naturales para la piel. <\/strong>Palmarosa es uno de los principales defensores de la salud de la piel de la naturaleza.&nbsp;<\/p>\n<p style=\"text-align: justify;\">Regula la humedad de la piel y la producci\u00f3n de aceite y, por lo tanto, es \u00fatil tanto para la piel seca como para la grasa. Esta es la raz\u00f3n por la cual el aceite de palmarosa se agrega a los productos para la piel como jabones, cremas, etc. Al ofrecer beneficios de renovaci\u00f3n celular, el aceite esencial de palmarosa nutre y restaura la salud y la armon\u00eda de la piel.&nbsp;<\/p>\n<p style=\"text-align: justify;\">Tambi\u00e9n es conocido por su capacidad para rejuvenecer los pies cansados y adoloridos, por lo que es un excelente remojo para los pies. Con efectos calmantes y estimulantes, es un t\u00f3nico para el coraz\u00f3n y la mente.&nbsp;<\/p>\n<p style=\"text-align: justify;\">Es compatible con el sue\u00f1o profundo, eleva, calma y calma el estado de \u00e1nimo, y proporciona comodidad y apoyo para los ciclos femeninos. Al mismo tiempo, es compatible con una respuesta de bienestar saludable que hace que palmarosa sea experta en ayudar a acelerar el tiempo de recuperaci\u00f3n durante la desafiante temporada de invierno.&nbsp;<\/p>\n<p style=\"text-align: justify;\">Enfriando y humedeciendo en esencia, la palmarosa puede ofrecer alivio de las aflicciones mentales de la inseguridad, el dolor o la actitud defensiva.<\/p>\n","protected":false},"excerpt":{"rendered":"<p>Nombre latino: Cymbopogon Martinii&nbsp; Parte de la planta utilizada: hierba&nbsp; Fuente: India&nbsp; M\u00e9todo de extracci\u00f3n: destilaci\u00f3n al vapor&nbsp; El Aceite Esencial de Palmarosa tiene un aroma a rosa que lo convierte en una hermosa adici\u00f3n a su colecci\u00f3n de aceites esenciales. Es un aceite esencial conocido por sus beneficios naturales para la piel. Palmarosa es [&hellip;]<\/p>\n","protected":false},"featured_media":261506,"comment_status":"closed","ping_status":"open","template":"","meta":{"_angie_page":false},"product_brand":[27095],"product_cat":[23652,25844,16460,26835,26317],"product_tag":[],"class_list":{"0":"post-244254","1":"product","2":"type-product","3":"status-publish","4":"has-post-thumbnail","6":"product_brand-ancient-wisdom","7":"product_cat-aceites-esenciales","8":"product_cat-aromas","9":"product_cat-aromaterapia-y-fragancias-para-hogar","10":"product_cat-floral","11":"product_cat-palmarosa","12":"pa_collection-aromatherapy-essential-oils-10ml-es","13":"pa_made-in-india","14":"pa_size-10ml","16":"first","17":"instock","18":"purchasable","19":"product-type-simple"},"supplier_id":null,"supplier_sku":"EO-36","barcode":null,"atum_controlled":true,"out_stock_date":null,"out_stock_threshold":null,"inheritable":false,"inbound_stock":null,"stock_on_hold":0,"sold_today":0,"sales_last_days":0,"reserved_stock":null,"customer_returns":null,"warehouse_damage":null,"lost_in_post":null,"other_logs":null,"out_stock_days":0,"lost_sales":0,"has_location":null,"update_date":"2026-04-27T07:00:40","atum_locations":[],"atum_stock_status":"instock","restock_status":false,"low_stock_amount":"","sales_update_date":"2025-09-03T00:27:46","calc_backorders":null,"_links":{"self":[{"href":"https:\/\/aromasentia.com\/es\/wp-json\/wp\/v2\/product\/244254","targetHints":{"allow":["GET"]}}],"collection":[{"href":"https:\/\/aromasentia.com\/es\/wp-json\/wp\/v2\/product"}],"about":[{"href":"https:\/\/aromasentia.com\/es\/wp-json\/wp\/v2\/types\/product"}],"replies":[{"embeddable":true,"href":"https:\/\/aromasentia.com\/es\/wp-json\/wp\/v2\/comments?post=244254"}],"version-history":[{"count":0,"href":"https:\/\/aromasentia.com\/es\/wp-json\/wp\/v2\/product\/244254\/revisions"}],"wp:featuredmedia":[{"embeddable":true,"href":"https:\/\/aromasentia.com\/es\/wp-json\/wp\/v2\/media\/261506"}],"wp:attachment":[{"href":"https:\/\/aromasentia.com\/es\/wp-json\/wp\/v2\/media?parent=244254"}],"wp:term":[{"taxonomy":"product_brand","embeddable":true,"href":"https:\/\/aromasentia.com\/es\/wp-json\/wp\/v2\/product_brand?post=244254"},{"taxonomy":"product_cat","embeddable":true,"href":"https:\/\/aromasentia.com\/es\/wp-json\/wp\/v2\/product_cat?post=244254"},{"taxonomy":"product_tag","embeddable":true,"href":"https:\/\/aromasentia.com\/es\/wp-json\/wp\/v2\/product_tag?post=244254"}],"curies":[{"name":"wp","href":"https:\/\/api.w.org\/{rel}","templated":true}]}}