{"id":244246,"date":"2025-03-20T14:51:35","date_gmt":"2025-03-20T14:51:35","guid":{"rendered":"https:\/\/aromasentia.com\/product\/10-ml-nutmeg-essential-oil\/"},"modified":"2025-05-31T20:56:34","modified_gmt":"2025-05-31T20:56:34","slug":"aceite-esencial-nuez-moscada","status":"publish","type":"product","link":"https:\/\/aromasentia.com\/es\/aceite-esencial-nuez-moscada\/","title":{"rendered":"Aceite Esencial Nuez Moscada"},"content":{"rendered":"<p><strong>Nombre latino:<\/strong> Myristica Fragrans<\/p>\n<p><strong>Parte de la planta utilizada:<\/strong> semilla<\/p>\n<p><strong>Fuente:<\/strong> Indonesia<\/p>\n<p><strong>M\u00e9todo de extracci\u00f3n:&nbsp;<\/strong>destilaci\u00f3n al vapor<\/p>\n<p style=\"text-align: justify;\"><\/p>\n<p style=\"text-align: justify;\"><strong>El aceite esencial de nuez moscada<\/strong> destilada al vapor es un aceite que se calienta y, cuando se usa con prudencia, es un aceite esencial maravilloso para ayudar a aliviar las molestias digestivas, as\u00ed como los dolores y molestias musculares.<\/p>\n<p style=\"text-align: justify;\"><\/p>\n<p style=\"text-align: justify;\">Arom\u00e1ticamente, el&nbsp;aceite esencial de nuez moscada&nbsp;es un aceite esencial c\u00e1lido y picante que es dulce y algo amaderado. Combina maravillosamente con otros aceites esenciales de la familia de las especias. Tambi\u00e9n combina bien con aceites esenciales florales, c\u00edtricos y de madera. Puede agregar una caracter\u00edstica picante hermosa y distintiva a las mezclas suaves.<\/p>\n<p style=\"text-align: justify;\"><\/p>\n<p style=\"text-align: justify;\">Emocionalmente, el aceite esencial de nuez moscada puede ser un aceite esencial muy estimulante. Puede ser especialmente \u00fatil para apoyar la motivaci\u00f3n y el enfoque durante tiempos especialmente dif\u00edciles.<\/p>\n","protected":false},"excerpt":{"rendered":"<p>Nombre latino: Myristica Fragrans Parte de la planta utilizada: semilla Fuente: Indonesia M\u00e9todo de extracci\u00f3n:&nbsp;destilaci\u00f3n al vapor El aceite esencial de nuez moscada destilada al vapor es un aceite que se calienta y, cuando se usa con prudencia, es un aceite esencial maravilloso para ayudar a aliviar las molestias digestivas, as\u00ed como los dolores y [&hellip;]<\/p>\n","protected":false},"featured_media":261472,"comment_status":"closed","ping_status":"open","template":"","meta":{"_angie_page":false},"product_brand":[27095],"product_cat":[23652,25844,16460,26891,26303],"product_tag":[],"class_list":{"0":"post-244246","1":"product","2":"type-product","3":"status-publish","4":"has-post-thumbnail","6":"product_brand-ancient-wisdom","7":"product_cat-aceites-esenciales","8":"product_cat-aromas","9":"product_cat-aromaterapia-y-fragancias-para-hogar","10":"product_cat-especiado","11":"product_cat-nuez-moscada","12":"pa_collection-aromatherapy-essential-oils-10ml-es","13":"pa_made-in-indonesia","14":"pa_size-10ml","16":"first","17":"instock","18":"purchasable","19":"product-type-simple"},"supplier_id":null,"supplier_sku":"EO-34","barcode":null,"atum_controlled":true,"out_stock_date":null,"out_stock_threshold":null,"inheritable":false,"inbound_stock":null,"stock_on_hold":0,"sold_today":0,"sales_last_days":0,"reserved_stock":null,"customer_returns":null,"warehouse_damage":null,"lost_in_post":null,"other_logs":null,"out_stock_days":0,"lost_sales":0,"has_location":null,"update_date":"2026-04-30T01:02:51","atum_locations":[],"atum_stock_status":"instock","restock_status":false,"low_stock_amount":"","sales_update_date":"2025-09-03T00:27:45","calc_backorders":null,"_links":{"self":[{"href":"https:\/\/aromasentia.com\/es\/wp-json\/wp\/v2\/product\/244246","targetHints":{"allow":["GET"]}}],"collection":[{"href":"https:\/\/aromasentia.com\/es\/wp-json\/wp\/v2\/product"}],"about":[{"href":"https:\/\/aromasentia.com\/es\/wp-json\/wp\/v2\/types\/product"}],"replies":[{"embeddable":true,"href":"https:\/\/aromasentia.com\/es\/wp-json\/wp\/v2\/comments?post=244246"}],"version-history":[{"count":0,"href":"https:\/\/aromasentia.com\/es\/wp-json\/wp\/v2\/product\/244246\/revisions"}],"wp:featuredmedia":[{"embeddable":true,"href":"https:\/\/aromasentia.com\/es\/wp-json\/wp\/v2\/media\/261472"}],"wp:attachment":[{"href":"https:\/\/aromasentia.com\/es\/wp-json\/wp\/v2\/media?parent=244246"}],"wp:term":[{"taxonomy":"product_brand","embeddable":true,"href":"https:\/\/aromasentia.com\/es\/wp-json\/wp\/v2\/product_brand?post=244246"},{"taxonomy":"product_cat","embeddable":true,"href":"https:\/\/aromasentia.com\/es\/wp-json\/wp\/v2\/product_cat?post=244246"},{"taxonomy":"product_tag","embeddable":true,"href":"https:\/\/aromasentia.com\/es\/wp-json\/wp\/v2\/product_tag?post=244246"}],"curies":[{"name":"wp","href":"https:\/\/api.w.org\/{rel}","templated":true}]}}