{"id":244230,"date":"2025-03-20T14:51:35","date_gmt":"2025-03-20T14:51:35","guid":{"rendered":"https:\/\/aromasentia.com\/product\/10-ml-mandarin-essential-oil\/"},"modified":"2025-05-31T20:56:23","modified_gmt":"2025-05-31T20:56:23","slug":"aceite-esencial-mandarin","status":"publish","type":"product","link":"https:\/\/aromasentia.com\/es\/aceite-esencial-mandarin\/","title":{"rendered":"Aceite Esencial Mandar\u00edn"},"content":{"rendered":"<p><strong>Nombre latino:<\/strong> Citrus Nobilis<\/p>\n<p><strong>Parte de la planta utilizada:<\/strong> c\u00e1scara de fruta<\/p>\n<p><strong>Fuente:<\/strong>&nbsp;Argentina<\/p>\n<p><strong>M\u00e9todo de extracci\u00f3n<\/strong>: Cold Expressio<\/p>\n<p><\/p>\n<p style=\"text-align: justify;\"><strong>El aceite esencial de mandarina<\/strong> se obtiene de Citrus Reticulata, por compresi\u00f3n fr\u00eda de la c\u00e1scara. El aceite de mandarina Petitgrain tambi\u00e9n se extrae en peque\u00f1as cantidades por destilaci\u00f3n al vapor de las hojas y ramitas. El aceite es dorado amarillo-naranja y tiene el aroma de una naranja fresca. Todo un grupo de c\u00edtricos se encuentra bajo el paraguas de las mandarinas, incluidas Satsuma, Clementine, Dancy, Honey, Pixie y mandarinas.<\/p>\n<p style=\"text-align: justify;\"><\/p>\n<p style=\"text-align: justify;\">Este aceite es muy suave y, por lo tanto, se dice que se usa para tratar incluso a ni\u00f1os y mujeres embarazadas, uno de los pocos aceites que se usan de esta manera. Con su efecto t\u00f3nico y estimulante tanto en el est\u00f3mago como en el h\u00edgado, es \u00fatil para los problemas digestivos. El aceite de mandarina tambi\u00e9n es \u00fatil para tratar el acn\u00e9, la piel grasa y las manchas. Se supone que tambi\u00e9n ayuda a aliviar problemas como la retenci\u00f3n de l\u00edquidos y la obesidad. El aceite, diluido alrededor del 1-2% en un aceite portador, se masajea suavemente sobre la barriga de un ni\u00f1o para aliviar el dolor de barriga. Unas pocas gotas en el ba\u00f1o calma a los ni\u00f1os hiperactivos. Utilizado en un quemador de aceite, disipa la depresi\u00f3n y alivia la ansiedad.<\/p>\n<p style=\"text-align: justify;\"><\/p>\n<p style=\"text-align: justify;\"><strong>Las naranjas mandarinas<\/strong> se llaman as\u00ed porque tradicionalmente se ofrec\u00edan como regalos a las mandarinas de China. En Francia, el mandar\u00edn se considera un remedio seguro para tratar la indigesti\u00f3n en ni\u00f1os y para los ancianos, ya que ayuda a fortalecer el sistema digestivo y el h\u00edgado. Originaria del sur de China y el Lejano Oriente, la mandarina fue tra\u00edda a Europa en 1805 y a Am\u00e9rica en 1845.<\/p>\n","protected":false},"excerpt":{"rendered":"<p>Nombre latino: Citrus Nobilis Parte de la planta utilizada: c\u00e1scara de fruta Fuente:&nbsp;Argentina M\u00e9todo de extracci\u00f3n: Cold Expressio El aceite esencial de mandarina se obtiene de Citrus Reticulata, por compresi\u00f3n fr\u00eda de la c\u00e1scara. El aceite de mandarina Petitgrain tambi\u00e9n se extrae en peque\u00f1as cantidades por destilaci\u00f3n al vapor de las hojas y ramitas. El [&hellip;]<\/p>\n","protected":false},"featured_media":261412,"comment_status":"closed","ping_status":"open","template":"","meta":{"_angie_page":false},"product_brand":[27095],"product_cat":[23652,25844,16460,26261],"product_tag":[],"class_list":{"0":"post-244230","1":"product","2":"type-product","3":"status-publish","4":"has-post-thumbnail","6":"product_brand-ancient-wisdom","7":"product_cat-aceites-esenciales","8":"product_cat-aromas","9":"product_cat-aromaterapia-y-fragancias-para-hogar","10":"product_cat-mandarina","11":"pa_collection-aromatherapy-essential-oils-10ml-es","12":"pa_made-in-argentina","13":"pa_size-10ml","15":"first","16":"instock","17":"purchasable","18":"product-type-simple"},"supplier_id":null,"supplier_sku":"EO-30","barcode":null,"atum_controlled":true,"out_stock_date":null,"out_stock_threshold":null,"inheritable":false,"inbound_stock":null,"stock_on_hold":0,"sold_today":0,"sales_last_days":0,"reserved_stock":null,"customer_returns":null,"warehouse_damage":null,"lost_in_post":null,"other_logs":null,"out_stock_days":0,"lost_sales":0,"has_location":null,"update_date":"2026-04-27T07:00:40","atum_locations":[],"atum_stock_status":"instock","restock_status":false,"low_stock_amount":"","sales_update_date":"2025-09-03T00:27:45","calc_backorders":null,"_links":{"self":[{"href":"https:\/\/aromasentia.com\/es\/wp-json\/wp\/v2\/product\/244230","targetHints":{"allow":["GET"]}}],"collection":[{"href":"https:\/\/aromasentia.com\/es\/wp-json\/wp\/v2\/product"}],"about":[{"href":"https:\/\/aromasentia.com\/es\/wp-json\/wp\/v2\/types\/product"}],"replies":[{"embeddable":true,"href":"https:\/\/aromasentia.com\/es\/wp-json\/wp\/v2\/comments?post=244230"}],"version-history":[{"count":0,"href":"https:\/\/aromasentia.com\/es\/wp-json\/wp\/v2\/product\/244230\/revisions"}],"wp:featuredmedia":[{"embeddable":true,"href":"https:\/\/aromasentia.com\/es\/wp-json\/wp\/v2\/media\/261412"}],"wp:attachment":[{"href":"https:\/\/aromasentia.com\/es\/wp-json\/wp\/v2\/media?parent=244230"}],"wp:term":[{"taxonomy":"product_brand","embeddable":true,"href":"https:\/\/aromasentia.com\/es\/wp-json\/wp\/v2\/product_brand?post=244230"},{"taxonomy":"product_cat","embeddable":true,"href":"https:\/\/aromasentia.com\/es\/wp-json\/wp\/v2\/product_cat?post=244230"},{"taxonomy":"product_tag","embeddable":true,"href":"https:\/\/aromasentia.com\/es\/wp-json\/wp\/v2\/product_tag?post=244230"}],"curies":[{"name":"wp","href":"https:\/\/api.w.org\/{rel}","templated":true}]}}