{"id":244226,"date":"2025-03-20T14:51:35","date_gmt":"2025-03-20T14:51:35","guid":{"rendered":"https:\/\/aromasentia.com\/product\/10-ml-lime-essential-oil\/"},"modified":"2025-05-31T20:56:21","modified_gmt":"2025-05-31T20:56:21","slug":"aceite-esencial-lima","status":"publish","type":"product","link":"https:\/\/aromasentia.com\/es\/aceite-esencial-lima\/","title":{"rendered":"Aceite Esencial Lima"},"content":{"rendered":"<p><strong>Nombre en lat\u00edn<\/strong>: Citrus Aurantifolia<\/p>\n<p><strong>Parte de la planta utilizada:<\/strong> c\u00e1scara de fruta<\/p>\n<p><strong>Fuente:&nbsp;<\/strong>M\u00e9xico<\/p>\n<p><strong>M\u00e9todo de extracci\u00f3n:<\/strong> expresi\u00f3n en fr\u00edo<\/p>\n<p><\/p>\n<p style=\"text-align: justify;\"><strong>El aceite esencial de lima&nbsp;<\/strong>se obtiene de Citrus aurantifolia, tambi\u00e9n conocido como lima mexicana o de las Indias Occidentales, as\u00ed como lima agria. El aceite se extrae de la c\u00e1scara de la piel inmadura por expresi\u00f3n en fr\u00edo o de la c\u00e1scara y \/ o de toda la fruta madura por destilaci\u00f3n al vapor. El aceite de lima tiene un fuerte olor a c\u00edtricos que inmediatamente estimula el estado de \u00e1nimo al olerlo, y es de color amarillo p\u00e1lido a oliva claro.<\/p>\n<p style=\"text-align: justify;\"><\/p>\n<p style=\"text-align: justify;\"><strong>El aceite de lima<\/strong>, cuando se usa en un quemador de aceite, estimula la mente cansada y ayuda a aliviar la ansiedad, la apat\u00eda y la depresi\u00f3n. Es \u00fatil para reducir las fiebres asociadas con resfriados, dolor de garganta y gripe. Aumenta la inmunidad mientras alivia la tos, la bronquitis, la sinusitis y el asma. Se dice que es \u00fatil para la artritis, el reumatismo y la mala circulaci\u00f3n, as\u00ed como para la obesidad y la celulitis. Este aceite es bueno para la piel; Reduce la grasa y el acn\u00e9, ayuda con el herpes, las picaduras de insectos y los cortes. Sin embargo, el aceite que se obtiene mediante la expresi\u00f3n en fr\u00edo (a diferencia de la destilaci\u00f3n al vapor) puede causar fotosensibilidad e irritar la piel.<\/p>\n<p style=\"text-align: justify;\"><\/p>\n<p style=\"text-align: justify;\"><strong>Las limas son originarias de Asia<\/strong>, pero ahora se cultivan en la mayor\u00eda de los pa\u00edses c\u00e1lidos como Italia, las Antillas y las Am\u00e9ricas. La lima es verde cuando est\u00e1 cruda y madura a amarillo, y generalmente mide aproximadamente dos pulgadas de di\u00e1metro. Fue introducido en Europa por los moros y de all\u00ed emigr\u00f3 a las Am\u00e9ricas. Se dice que la lima tiene un contenido de vitamina C m\u00e1s bajo que los limones. Las personas a menudo transportaban limas en largos viajes en barco para evitar que los marineros se enfermaran de la deficiencia de vitamina C.<\/p>\n","protected":false},"excerpt":{"rendered":"<p>Nombre en lat\u00edn: Citrus Aurantifolia Parte de la planta utilizada: c\u00e1scara de fruta Fuente:&nbsp;M\u00e9xico M\u00e9todo de extracci\u00f3n: expresi\u00f3n en fr\u00edo El aceite esencial de lima&nbsp;se obtiene de Citrus aurantifolia, tambi\u00e9n conocido como lima mexicana o de las Indias Occidentales, as\u00ed como lima agria. El aceite se extrae de la c\u00e1scara de la piel inmadura por [&hellip;]<\/p>\n","protected":false},"featured_media":261395,"comment_status":"closed","ping_status":"open","template":"","meta":{"_angie_page":false},"product_brand":[27095],"product_cat":[23652,25844,16460,26258],"product_tag":[],"class_list":{"0":"post-244226","1":"product","2":"type-product","3":"status-publish","4":"has-post-thumbnail","6":"product_brand-ancient-wisdom","7":"product_cat-aceites-esenciales","8":"product_cat-aromas","9":"product_cat-aromaterapia-y-fragancias-para-hogar","10":"product_cat-lima","11":"pa_collection-aromatherapy-essential-oils-10ml-es","12":"pa_made-in-mexico","13":"pa_size-10ml","15":"first","16":"instock","17":"purchasable","18":"product-type-simple"},"supplier_id":null,"supplier_sku":"EO-29","barcode":null,"atum_controlled":true,"out_stock_date":null,"out_stock_threshold":null,"inheritable":false,"inbound_stock":null,"stock_on_hold":0,"sold_today":0,"sales_last_days":0,"reserved_stock":null,"customer_returns":null,"warehouse_damage":null,"lost_in_post":null,"other_logs":null,"out_stock_days":0,"lost_sales":0,"has_location":null,"update_date":"2026-04-27T07:00:40","atum_locations":[],"atum_stock_status":"instock","restock_status":false,"low_stock_amount":"","sales_update_date":"2025-09-03T00:27:45","calc_backorders":null,"_links":{"self":[{"href":"https:\/\/aromasentia.com\/es\/wp-json\/wp\/v2\/product\/244226","targetHints":{"allow":["GET"]}}],"collection":[{"href":"https:\/\/aromasentia.com\/es\/wp-json\/wp\/v2\/product"}],"about":[{"href":"https:\/\/aromasentia.com\/es\/wp-json\/wp\/v2\/types\/product"}],"replies":[{"embeddable":true,"href":"https:\/\/aromasentia.com\/es\/wp-json\/wp\/v2\/comments?post=244226"}],"version-history":[{"count":0,"href":"https:\/\/aromasentia.com\/es\/wp-json\/wp\/v2\/product\/244226\/revisions"}],"wp:featuredmedia":[{"embeddable":true,"href":"https:\/\/aromasentia.com\/es\/wp-json\/wp\/v2\/media\/261395"}],"wp:attachment":[{"href":"https:\/\/aromasentia.com\/es\/wp-json\/wp\/v2\/media?parent=244226"}],"wp:term":[{"taxonomy":"product_brand","embeddable":true,"href":"https:\/\/aromasentia.com\/es\/wp-json\/wp\/v2\/product_brand?post=244226"},{"taxonomy":"product_cat","embeddable":true,"href":"https:\/\/aromasentia.com\/es\/wp-json\/wp\/v2\/product_cat?post=244226"},{"taxonomy":"product_tag","embeddable":true,"href":"https:\/\/aromasentia.com\/es\/wp-json\/wp\/v2\/product_tag?post=244226"}],"curies":[{"name":"wp","href":"https:\/\/api.w.org\/{rel}","templated":true}]}}