{"id":244222,"date":"2025-03-20T14:51:35","date_gmt":"2025-03-20T14:51:35","guid":{"rendered":"https:\/\/aromasentia.com\/product\/10-ml-lemongrass-essential-oil\/"},"modified":"2025-05-31T20:56:18","modified_gmt":"2025-05-31T20:56:18","slug":"aceite-esencial-hierbaluisa","status":"publish","type":"product","link":"https:\/\/aromasentia.com\/es\/aceite-esencial-hierbaluisa\/","title":{"rendered":"Aceite Esencial Hierbaluisa"},"content":{"rendered":"<p><strong>Nombre latino:<\/strong> Cymbopogon Citratus<\/p>\n<p><strong>Parte de la planta utilizada:<\/strong> hojas<\/p>\n<p><strong>Fuente:<\/strong>&nbsp;India<\/p>\n<p><strong>M\u00e9todo de extracci\u00f3n:&nbsp;<\/strong>destilaci\u00f3n al vapor<\/p>\n<p style=\"text-align: justify;\"><\/p>\n<p style=\"text-align: justify;\"><strong>El aceite esencial de limoncillo<\/strong> se extrae de Cymbopogon citratus, tambi\u00e9n conocido como &#39;hierba de aceite&#39;, de las hojas frescas o parcialmente secas por destilaci\u00f3n al vapor. Se dice que este aceite combate la fatiga y ayuda a refrescar el cuerpo y la mente cansados. Tambi\u00e9n es una forma agradable de mantener a una mascota libre de pulgas y garrapatas. Lemongrass contiene citral que proporciona el sabor principal en la c\u00e1scara de lim\u00f3n.<\/p>\n<p style=\"text-align: justify;\"><\/p>\n<p style=\"text-align: justify;\"><strong>Se cree que el aceite de hierba de lim\u00f3n<\/strong> alivia el desfase horario, los dolores de cabeza, el agotamiento nervioso y el estr\u00e9s. Aumenta el sistema nervioso parasimp\u00e1tico, para una recuperaci\u00f3n m\u00e1s r\u00e1pida de una enfermedad y estimula las secreciones glandulares. Ayuda a tonificar los m\u00fasculos y los tejidos, por lo tanto, alivia el dolor muscular. Es \u00fatil para tratar el dolor de garganta, laringitis y fiebre, y ayuda a detener la propagaci\u00f3n de la infecci\u00f3n. Ayuda con colitis, indigesti\u00f3n y gastroenteritis. Limpia la piel grasa y reduce la transpiraci\u00f3n excesiva. Sin embargo, puede irritar la piel, por lo que se debe tener cuidado cuando se usa en la piel. Evitar el uso durante el embarazo.<\/p>\n<p style=\"text-align: justify;\"><\/p>\n<p style=\"text-align: justify;\"><strong>El limoncillo<\/strong> es una hierba arom\u00e1tica perenne que sol\u00eda crecer en la India, donde se conoce como choomana poolu. Tambi\u00e9n se conoce como Indian Verbena o Indian Melissa oil y se usa en Ayurveda, el antiguo arte tradicional de curaci\u00f3n, para ayudar a reducir la fiebre y tratar enfermedades infecciosas; por lo tanto, tambi\u00e9n se le llama &#39;fevergrass&#39;.<\/p>\n","protected":false},"excerpt":{"rendered":"<p>Nombre latino: Cymbopogon Citratus Parte de la planta utilizada: hojas Fuente:&nbsp;India M\u00e9todo de extracci\u00f3n:&nbsp;destilaci\u00f3n al vapor El aceite esencial de limoncillo se extrae de Cymbopogon citratus, tambi\u00e9n conocido como &#39;hierba de aceite&#39;, de las hojas frescas o parcialmente secas por destilaci\u00f3n al vapor. Se dice que este aceite combate la fatiga y ayuda a refrescar [&hellip;]<\/p>\n","protected":false},"featured_media":261378,"comment_status":"closed","ping_status":"open","template":"","meta":{"_angie_page":false},"product_brand":[27095],"product_cat":[23652,25844,16460,26255],"product_tag":[],"class_list":{"0":"post-244222","1":"product","2":"type-product","3":"status-publish","4":"has-post-thumbnail","6":"product_brand-ancient-wisdom","7":"product_cat-aceites-esenciales","8":"product_cat-aromas","9":"product_cat-aromaterapia-y-fragancias-para-hogar","10":"product_cat-hierba-limon-lemongrass","11":"pa_collection-aromatherapy-essential-oils-10ml-es","12":"pa_made-in-india","13":"pa_size-10ml","15":"first","16":"instock","17":"purchasable","18":"product-type-simple"},"supplier_id":null,"supplier_sku":"EO-28","barcode":null,"atum_controlled":true,"out_stock_date":null,"out_stock_threshold":null,"inheritable":false,"inbound_stock":0,"stock_on_hold":0,"sold_today":0,"sales_last_days":0,"reserved_stock":0,"customer_returns":0,"warehouse_damage":0,"lost_in_post":0,"other_logs":0,"out_stock_days":0,"lost_sales":0,"has_location":false,"update_date":"2026-04-27T07:00:40","atum_locations":[],"atum_stock_status":"instock","restock_status":false,"low_stock_amount":"","sales_update_date":"2026-01-30T01:26:14","calc_backorders":null,"_links":{"self":[{"href":"https:\/\/aromasentia.com\/es\/wp-json\/wp\/v2\/product\/244222","targetHints":{"allow":["GET"]}}],"collection":[{"href":"https:\/\/aromasentia.com\/es\/wp-json\/wp\/v2\/product"}],"about":[{"href":"https:\/\/aromasentia.com\/es\/wp-json\/wp\/v2\/types\/product"}],"replies":[{"embeddable":true,"href":"https:\/\/aromasentia.com\/es\/wp-json\/wp\/v2\/comments?post=244222"}],"version-history":[{"count":0,"href":"https:\/\/aromasentia.com\/es\/wp-json\/wp\/v2\/product\/244222\/revisions"}],"wp:featuredmedia":[{"embeddable":true,"href":"https:\/\/aromasentia.com\/es\/wp-json\/wp\/v2\/media\/261378"}],"wp:attachment":[{"href":"https:\/\/aromasentia.com\/es\/wp-json\/wp\/v2\/media?parent=244222"}],"wp:term":[{"taxonomy":"product_brand","embeddable":true,"href":"https:\/\/aromasentia.com\/es\/wp-json\/wp\/v2\/product_brand?post=244222"},{"taxonomy":"product_cat","embeddable":true,"href":"https:\/\/aromasentia.com\/es\/wp-json\/wp\/v2\/product_cat?post=244222"},{"taxonomy":"product_tag","embeddable":true,"href":"https:\/\/aromasentia.com\/es\/wp-json\/wp\/v2\/product_tag?post=244222"}],"curies":[{"name":"wp","href":"https:\/\/api.w.org\/{rel}","templated":true}]}}