{"id":244206,"date":"2025-03-20T14:52:06","date_gmt":"2025-03-20T14:52:06","guid":{"rendered":"https:\/\/aromasentia.com\/product\/10-ml-carrot-seed-essential-oil\/"},"modified":"2025-05-31T20:55:55","modified_gmt":"2025-05-31T20:55:55","slug":"aceite-esencial-semilla-de-zanahoria","status":"publish","type":"product","link":"https:\/\/aromasentia.com\/es\/aceite-esencial-semilla-de-zanahoria\/","title":{"rendered":"Aceite Esencial Semilla de Zanahoria"},"content":{"rendered":"<p><strong>Nombre latino<\/strong>: Daucus Carota Sativa<\/p>\n<p><strong>Parte de la planta utilizada:<\/strong> semillas secas<\/p>\n<p><strong>Fuente:<\/strong>&nbsp;India<\/p>\n<p><strong>M\u00e9todo de extracci\u00f3n:<\/strong> destilaci\u00f3n al vapor<\/p>\n<p><\/p>\n<p style=\"text-align: justify;\"><strong>Utilizado en aplicaciones de aromaterapia<\/strong>, el aceite esencial de semilla de zanahoria estimula la circulaci\u00f3n, as\u00ed como las funciones cerebrales y nerviosas. Su aroma c\u00e1lido, terroso, amaderado y herb\u00e1ceo tiene un efecto calmante, refrescante y de base que disminuye la sensaci\u00f3n de fatiga, debilidad, ansiedad y estr\u00e9s.<\/p>\n<p style=\"text-align: justify;\"><\/p>\n<p style=\"text-align: justify;\">El aceite esencial de semilla de zanahoria&nbsp;puede ayudarlo a retener su juventud. Los antioxidantes en este aceite esencial reparan los da\u00f1os causados a los tejidos por los oxidantes y evitan que hagan m\u00e1s da\u00f1o. Estos antioxidantes protegen su piel de las arrugas, evitan que su cabello se ponga blanco, sus articulaciones se endurezcan, sus m\u00fasculos se debiliten y su vista disminuya.<\/p>\n<p style=\"text-align: justify;\"><\/p>\n<p style=\"text-align: justify;\">Este poderoso aceite esencial puede tratar infecciones y proteger contra sus efectos. Tiene propiedades antis\u00e9pticas, incluida su capacidad para prevenir el t\u00e9tanos. El aceite de semilla de zanahoria se puede usar para el tratamiento de infecciones en la piel y en heridas abiertas. Se utiliza para el tratamiento de infecciones virales del sistema respiratorio, incluida la bronquitis. Tambi\u00e9n es eficaz para combatir otras infecciones virales, como la gripe, las paperas, la tos, los resfriados y el sarampi\u00f3n.<\/p>\n<p style=\"text-align: justify;\"><\/p>\n<p style=\"text-align: justify;\"><strong>El aceite de semilla de zanahoria<\/strong> tiene la capacidad de desintoxicar la sangre, los tejidos, los m\u00fasculos y los \u00f3rganos internos como el h\u00edgado y los ri\u00f1ones. Elimina toxinas como el \u00e1cido \u00farico de la sangre, los tejidos, los m\u00fasculos y las articulaciones, lo que ayuda a tratar y retrasar la progresi\u00f3n del edema, la artritis, la gota y el reumatismo.<\/p>\n","protected":false},"excerpt":{"rendered":"<p>Nombre latino: Daucus Carota Sativa Parte de la planta utilizada: semillas secas Fuente:&nbsp;India M\u00e9todo de extracci\u00f3n: destilaci\u00f3n al vapor Utilizado en aplicaciones de aromaterapia, el aceite esencial de semilla de zanahoria estimula la circulaci\u00f3n, as\u00ed como las funciones cerebrales y nerviosas. Su aroma c\u00e1lido, terroso, amaderado y herb\u00e1ceo tiene un efecto calmante, refrescante y de [&hellip;]<\/p>\n","protected":false},"featured_media":261736,"comment_status":"closed","ping_status":"open","template":"","meta":{"_angie_page":false},"product_brand":[27095],"product_cat":[23652,25844,16460,26116,26828],"product_tag":[],"class_list":{"0":"post-244206","1":"product","2":"type-product","3":"status-publish","4":"has-post-thumbnail","6":"product_brand-ancient-wisdom","7":"product_cat-aceites-esenciales","8":"product_cat-aromas","9":"product_cat-aromaterapia-y-fragancias-para-hogar","10":"product_cat-semilla-de-zanahoria","11":"product_cat-terroso-verde","12":"pa_collection-aromatherapy-essential-oils-10ml-es","13":"pa_made-in-india","14":"pa_size-10ml","16":"first","17":"instock","18":"purchasable","19":"product-type-simple"},"supplier_id":null,"supplier_sku":"EO-55","barcode":null,"atum_controlled":true,"out_stock_date":null,"out_stock_threshold":null,"inheritable":false,"inbound_stock":null,"stock_on_hold":0,"sold_today":0,"sales_last_days":0,"reserved_stock":null,"customer_returns":null,"warehouse_damage":null,"lost_in_post":null,"other_logs":null,"out_stock_days":0,"lost_sales":0,"has_location":null,"update_date":"2026-04-27T07:00:50","atum_locations":[],"atum_stock_status":"instock","restock_status":false,"low_stock_amount":"","sales_update_date":"2026-01-30T01:24:38","calc_backorders":null,"_links":{"self":[{"href":"https:\/\/aromasentia.com\/es\/wp-json\/wp\/v2\/product\/244206","targetHints":{"allow":["GET"]}}],"collection":[{"href":"https:\/\/aromasentia.com\/es\/wp-json\/wp\/v2\/product"}],"about":[{"href":"https:\/\/aromasentia.com\/es\/wp-json\/wp\/v2\/types\/product"}],"replies":[{"embeddable":true,"href":"https:\/\/aromasentia.com\/es\/wp-json\/wp\/v2\/comments?post=244206"}],"version-history":[{"count":0,"href":"https:\/\/aromasentia.com\/es\/wp-json\/wp\/v2\/product\/244206\/revisions"}],"wp:featuredmedia":[{"embeddable":true,"href":"https:\/\/aromasentia.com\/es\/wp-json\/wp\/v2\/media\/261736"}],"wp:attachment":[{"href":"https:\/\/aromasentia.com\/es\/wp-json\/wp\/v2\/media?parent=244206"}],"wp:term":[{"taxonomy":"product_brand","embeddable":true,"href":"https:\/\/aromasentia.com\/es\/wp-json\/wp\/v2\/product_brand?post=244206"},{"taxonomy":"product_cat","embeddable":true,"href":"https:\/\/aromasentia.com\/es\/wp-json\/wp\/v2\/product_cat?post=244206"},{"taxonomy":"product_tag","embeddable":true,"href":"https:\/\/aromasentia.com\/es\/wp-json\/wp\/v2\/product_tag?post=244206"}],"curies":[{"name":"wp","href":"https:\/\/api.w.org\/{rel}","templated":true}]}}