{"id":244154,"date":"2025-03-20T14:52:42","date_gmt":"2025-03-20T14:52:42","guid":{"rendered":"https:\/\/aromasentia.com\/product\/10-ml-ho-wood-essential-oil\/"},"modified":"2025-05-31T20:55:04","modified_gmt":"2025-05-31T20:55:04","slug":"aceite-esencial-ho-wood","status":"publish","type":"product","link":"https:\/\/aromasentia.com\/es\/aceite-esencial-ho-wood\/","title":{"rendered":"Aceite Esencial Ho Wood"},"content":{"rendered":"<p><strong>Nombre latino:<\/strong> Cinnamomum Camphora Var. Glavescens<\/p>\n<p><strong>Parte de la planta utilizada:&nbsp;<\/strong>madera<\/p>\n<p><strong>Fuente:&nbsp;<\/strong>China<\/p>\n<p><strong>M\u00e9todo de extracci\u00f3n:&nbsp;<\/strong>destilaci\u00f3n al vapor<\/p>\n<p style=\"text-align: justify;\"><\/p>\n<p style=\"text-align: justify;\">Ho Wood es una de las fuentes m\u00e1s potentes de linalol natural que se encuentra en cualquier aceite esencial destilado al vapor. Arom\u00e1ticamente, Ho Wood Essential Oil es un aceite de madera bellamente fragante.<\/p>\n<p style=\"text-align: justify;\"><\/p>\n<p style=\"text-align: justify;\">Emocionalmente, dado su contenido de linalol, el aceite esencial Ho Wood es un aceite &quot;pac\u00edfico&quot;. Es calmante y es una buena opci\u00f3n cuando necesita relajarse o descansar.<\/p>\n<p style=\"text-align: justify;\"><\/p>\n<p style=\"text-align: justify;\">La gran cantidad de linalol natural en el aceite de Ho Wood tiene amplios beneficios de aromaterapia, como ayuda para el insomnio, antidepresivos, estimulante inmunol\u00f3gico y ayuda a generar el crecimiento de nuevas c\u00e9lulas. Esto hace que Ho Wood sea particularmente interesante para las mezclas antienvejecimiento y para el cuidado de la piel madura. Su aroma es especialmente agradable y relajante cuando se difunde para el insomnio.<\/p>\n","protected":false},"excerpt":{"rendered":"<p>Nombre latino: Cinnamomum Camphora Var. Glavescens Parte de la planta utilizada:&nbsp;madera Fuente:&nbsp;China M\u00e9todo de extracci\u00f3n:&nbsp;destilaci\u00f3n al vapor Ho Wood es una de las fuentes m\u00e1s potentes de linalol natural que se encuentra en cualquier aceite esencial destilado al vapor. Arom\u00e1ticamente, Ho Wood Essential Oil es un aceite de madera bellamente fragante. Emocionalmente, dado su contenido [&hellip;]<\/p>\n","protected":false},"featured_media":261949,"comment_status":"closed","ping_status":"open","template":"","meta":{"_angie_page":false},"product_brand":[27095],"product_cat":[23652,26898,25844,16460,26214],"product_tag":[],"class_list":{"0":"post-244154","1":"product","2":"type-product","3":"status-publish","4":"has-post-thumbnail","6":"product_brand-ancient-wisdom","7":"product_cat-aceites-esenciales","8":"product_cat-amaderado","9":"product_cat-aromas","10":"product_cat-aromaterapia-y-fragancias-para-hogar","11":"product_cat-madera-de-ho","12":"pa_collection-aromatherapy-essential-oils-10ml-es","13":"pa_made-in-china","14":"pa_size-10ml","16":"first","17":"instock","18":"purchasable","19":"product-type-simple"},"supplier_id":null,"supplier_sku":"EO-71","barcode":null,"atum_controlled":true,"out_stock_date":null,"out_stock_threshold":null,"inheritable":false,"inbound_stock":null,"stock_on_hold":0,"sold_today":0,"sales_last_days":0,"reserved_stock":null,"customer_returns":null,"warehouse_damage":null,"lost_in_post":null,"other_logs":null,"out_stock_days":0,"lost_sales":0,"has_location":null,"update_date":"2026-05-04T00:02:52","atum_locations":[],"atum_stock_status":"instock","restock_status":false,"low_stock_amount":"","sales_update_date":"2025-09-03T00:27:51","calc_backorders":null,"_links":{"self":[{"href":"https:\/\/aromasentia.com\/es\/wp-json\/wp\/v2\/product\/244154","targetHints":{"allow":["GET"]}}],"collection":[{"href":"https:\/\/aromasentia.com\/es\/wp-json\/wp\/v2\/product"}],"about":[{"href":"https:\/\/aromasentia.com\/es\/wp-json\/wp\/v2\/types\/product"}],"replies":[{"embeddable":true,"href":"https:\/\/aromasentia.com\/es\/wp-json\/wp\/v2\/comments?post=244154"}],"version-history":[{"count":0,"href":"https:\/\/aromasentia.com\/es\/wp-json\/wp\/v2\/product\/244154\/revisions"}],"wp:featuredmedia":[{"embeddable":true,"href":"https:\/\/aromasentia.com\/es\/wp-json\/wp\/v2\/media\/261949"}],"wp:attachment":[{"href":"https:\/\/aromasentia.com\/es\/wp-json\/wp\/v2\/media?parent=244154"}],"wp:term":[{"taxonomy":"product_brand","embeddable":true,"href":"https:\/\/aromasentia.com\/es\/wp-json\/wp\/v2\/product_brand?post=244154"},{"taxonomy":"product_cat","embeddable":true,"href":"https:\/\/aromasentia.com\/es\/wp-json\/wp\/v2\/product_cat?post=244154"},{"taxonomy":"product_tag","embeddable":true,"href":"https:\/\/aromasentia.com\/es\/wp-json\/wp\/v2\/product_tag?post=244154"}],"curies":[{"name":"wp","href":"https:\/\/api.w.org\/{rel}","templated":true}]}}