{"id":244146,"date":"2025-03-20T14:52:42","date_gmt":"2025-03-20T14:52:42","guid":{"rendered":"https:\/\/aromasentia.com\/product\/10-ml-spruce-essential-oil\/"},"modified":"2025-05-31T20:55:00","modified_gmt":"2025-05-31T20:55:00","slug":"aceite-esencial-picea","status":"publish","type":"product","link":"https:\/\/aromasentia.com\/es\/aceite-esencial-picea\/","title":{"rendered":"Aceite Esencial Picea"},"content":{"rendered":"<p><strong>Nombre latino:&nbsp;<\/strong>Tsuga Canadensis<\/p>\n<p><strong>Parte de la planta utilizada<\/strong>: agujas y ramitas<\/p>\n<p><strong>Fuente:<\/strong>&nbsp;Austria<\/p>\n<p><strong>M\u00e9todo de extracci\u00f3n:<\/strong> destilaci\u00f3n al vapor<\/p>\n<p><\/p>\n<p style=\"text-align: justify;\">El aceite esencial de abeto con olor a tierra, que est\u00e1 hecho de las agujas y ramitas de los \u00e1rboles de abeto, se puede combinar con otros aceites esenciales notables para ayudar a promover la curaci\u00f3n de dolores musculares, esguinces y distensiones.<\/p>\n<p style=\"text-align: justify;\"><\/p>\n<p style=\"text-align: justify;\"><strong>El aceite de abeto<\/strong> tiene potentes propiedades antibacterianas, antiinfecciosas, anticancer\u00edgenas, antiinflamatorias, antiespasm\u00f3dicas, antivirales, antis\u00e9pticas, desinfectantes, expectorantes y estimulantes. Funciona de maravilla para enfermedades respiratorias, curaci\u00f3n de heridas, infecciones virales, artritis, reumatismo y otras formas de dolores y molestias musculares.<\/p>\n<p style=\"text-align: justify;\"><\/p>\n<p style=\"text-align: justify;\"><strong>El aceite de abeto<\/strong> se agrega con frecuencia en formulaciones de jab\u00f3n, ambientadores y limpiadores dom\u00e9sticos para dar su aroma fresco y actuar como un agente desinfectante. Debido a su agradable aroma terroso, sus efectos calmantes y su capacidad para aliviar la ansiedad y el estr\u00e9s.<\/p>\n","protected":false},"excerpt":{"rendered":"<p>Nombre latino:&nbsp;Tsuga Canadensis Parte de la planta utilizada: agujas y ramitas Fuente:&nbsp;Austria M\u00e9todo de extracci\u00f3n: destilaci\u00f3n al vapor El aceite esencial de abeto con olor a tierra, que est\u00e1 hecho de las agujas y ramitas de los \u00e1rboles de abeto, se puede combinar con otros aceites esenciales notables para ayudar a promover la curaci\u00f3n de [&hellip;]<\/p>\n","protected":false},"featured_media":261915,"comment_status":"closed","ping_status":"open","template":"","meta":[],"product_brand":[27095],"product_cat":[23652,26898,25844,16460,26397],"product_tag":[],"class_list":{"0":"post-244146","1":"product","2":"type-product","3":"status-publish","4":"has-post-thumbnail","6":"product_brand-ancient-wisdom","7":"product_cat-aceites-esenciales","8":"product_cat-amaderado","9":"product_cat-aromas","10":"product_cat-aromaterapia-y-fragancias-para-hogar","11":"product_cat-picea","12":"pa_collection-aromatherapy-essential-oils-10ml-es","13":"pa_made-in-austria","14":"pa_size-10ml","16":"first","17":"instock","18":"purchasable","19":"product-type-simple"},"supplier_id":null,"supplier_sku":"EO-68","barcode":null,"atum_controlled":true,"out_stock_date":null,"out_stock_threshold":null,"inheritable":false,"inbound_stock":null,"stock_on_hold":0,"sold_today":0,"sales_last_days":0,"reserved_stock":null,"customer_returns":null,"warehouse_damage":null,"lost_in_post":null,"other_logs":null,"out_stock_days":25,"lost_sales":0,"has_location":null,"update_date":"2026-02-10T16:34:25","atum_locations":[],"atum_stock_status":"instock","restock_status":false,"low_stock_amount":"","sales_update_date":"2026-01-30T01:24:20","calc_backorders":null,"_links":{"self":[{"href":"https:\/\/aromasentia.com\/es\/wp-json\/wp\/v2\/product\/244146","targetHints":{"allow":["GET"]}}],"collection":[{"href":"https:\/\/aromasentia.com\/es\/wp-json\/wp\/v2\/product"}],"about":[{"href":"https:\/\/aromasentia.com\/es\/wp-json\/wp\/v2\/types\/product"}],"replies":[{"embeddable":true,"href":"https:\/\/aromasentia.com\/es\/wp-json\/wp\/v2\/comments?post=244146"}],"version-history":[{"count":0,"href":"https:\/\/aromasentia.com\/es\/wp-json\/wp\/v2\/product\/244146\/revisions"}],"wp:featuredmedia":[{"embeddable":true,"href":"https:\/\/aromasentia.com\/es\/wp-json\/wp\/v2\/media\/261915"}],"wp:attachment":[{"href":"https:\/\/aromasentia.com\/es\/wp-json\/wp\/v2\/media?parent=244146"}],"wp:term":[{"taxonomy":"product_brand","embeddable":true,"href":"https:\/\/aromasentia.com\/es\/wp-json\/wp\/v2\/product_brand?post=244146"},{"taxonomy":"product_cat","embeddable":true,"href":"https:\/\/aromasentia.com\/es\/wp-json\/wp\/v2\/product_cat?post=244146"},{"taxonomy":"product_tag","embeddable":true,"href":"https:\/\/aromasentia.com\/es\/wp-json\/wp\/v2\/product_tag?post=244146"}],"curies":[{"name":"wp","href":"https:\/\/api.w.org\/{rel}","templated":true}]}}