{"id":244106,"date":"2025-03-20T14:53:15","date_gmt":"2025-03-20T14:53:15","guid":{"rendered":"https:\/\/aromasentia.com\/product\/10ml-english-lavender-essential-oil\/"},"modified":"2025-05-31T20:54:16","modified_gmt":"2025-05-31T20:54:16","slug":"aceite-esencial-de-lavanda-inglesa-10ml","status":"publish","type":"product","link":"https:\/\/aromasentia.com\/es\/aceite-esencial-de-lavanda-inglesa-10ml\/","title":{"rendered":"Aceite Esencial de Lavanda Inglesa 10ml"},"content":{"rendered":"<p><strong>Nombre latino<\/strong>: Lavendula Angustifolia&nbsp;<\/p>\n<p><strong>Parte de la planta utilizada:<\/strong> Puntas florales<\/p>\n<p><strong>Fuente:<\/strong> Inglaterra&nbsp;<\/p>\n<p><strong>M\u00e9todo de extracci\u00f3n:&nbsp;<\/strong>Destilaci\u00f3n por vapor&nbsp;<\/p>\n<p>En la antig\u00fcedad, la Lavanda Inglesa se ha utilizado para ayudar a curar diversas dolencias.<\/p>\n<p>Utilice este aceite esencial de Lavanda ingl\u00e9s para sesiones de aromaterapia. Este tiene m\u00faltiples usos: &nbsp;como perfume, vaporizador con fragancia o quemador de aceite.&nbsp;<\/p>\n<p>La lavanda Inglesa ayuda al estr\u00e9s y la fatiga. Consulte siempre a un profesional autorizado cuando utilice el aceite esencial de lavanda como remedio para la salud o para la aromaterapia.&nbsp;<\/p>\n<p>Nota: Nuestros aceites esenciales no son adecuados para uso interno.<\/p>\n","protected":false},"excerpt":{"rendered":"<p>Nombre latino: Lavendula Angustifolia&nbsp; Parte de la planta utilizada: Puntas florales Fuente: Inglaterra&nbsp; M\u00e9todo de extracci\u00f3n:&nbsp;Destilaci\u00f3n por vapor&nbsp; En la antig\u00fcedad, la Lavanda Inglesa se ha utilizado para ayudar a curar diversas dolencias. Utilice este aceite esencial de Lavanda ingl\u00e9s para sesiones de aromaterapia. Este tiene m\u00faltiples usos: &nbsp;como perfume, vaporizador con fragancia o quemador [&hellip;]<\/p>\n","protected":false},"featured_media":262179,"comment_status":"closed","ping_status":"open","template":"","meta":{"_angie_page":false},"product_brand":[27095],"product_cat":[23652,25844,16460,26835,26235],"product_tag":[],"class_list":{"0":"post-244106","1":"product","2":"type-product","3":"status-publish","4":"has-post-thumbnail","6":"product_brand-ancient-wisdom","7":"product_cat-aceites-esenciales","8":"product_cat-aromas","9":"product_cat-aromaterapia-y-fragancias-para-hogar","10":"product_cat-floral","11":"product_cat-lavanda","12":"pa_collection-aromatherapy-essential-oils-10ml-es","13":"pa_made-in-reino-unido","14":"pa_size-10ml","16":"first","17":"instock","18":"purchasable","19":"product-type-simple"},"supplier_id":null,"supplier_sku":"EO-90","barcode":null,"atum_controlled":true,"out_stock_date":null,"out_stock_threshold":null,"inheritable":false,"inbound_stock":null,"stock_on_hold":0,"sold_today":0,"sales_last_days":0,"reserved_stock":null,"customer_returns":null,"warehouse_damage":null,"lost_in_post":null,"other_logs":null,"out_stock_days":0,"lost_sales":0,"has_location":null,"update_date":"2026-05-04T00:02:52","atum_locations":[],"atum_stock_status":"instock","restock_status":false,"low_stock_amount":"","sales_update_date":"2025-09-03T00:27:58","calc_backorders":null,"_links":{"self":[{"href":"https:\/\/aromasentia.com\/es\/wp-json\/wp\/v2\/product\/244106","targetHints":{"allow":["GET"]}}],"collection":[{"href":"https:\/\/aromasentia.com\/es\/wp-json\/wp\/v2\/product"}],"about":[{"href":"https:\/\/aromasentia.com\/es\/wp-json\/wp\/v2\/types\/product"}],"replies":[{"embeddable":true,"href":"https:\/\/aromasentia.com\/es\/wp-json\/wp\/v2\/comments?post=244106"}],"version-history":[{"count":0,"href":"https:\/\/aromasentia.com\/es\/wp-json\/wp\/v2\/product\/244106\/revisions"}],"wp:featuredmedia":[{"embeddable":true,"href":"https:\/\/aromasentia.com\/es\/wp-json\/wp\/v2\/media\/262179"}],"wp:attachment":[{"href":"https:\/\/aromasentia.com\/es\/wp-json\/wp\/v2\/media?parent=244106"}],"wp:term":[{"taxonomy":"product_brand","embeddable":true,"href":"https:\/\/aromasentia.com\/es\/wp-json\/wp\/v2\/product_brand?post=244106"},{"taxonomy":"product_cat","embeddable":true,"href":"https:\/\/aromasentia.com\/es\/wp-json\/wp\/v2\/product_cat?post=244106"},{"taxonomy":"product_tag","embeddable":true,"href":"https:\/\/aromasentia.com\/es\/wp-json\/wp\/v2\/product_tag?post=244106"}],"curies":[{"name":"wp","href":"https:\/\/api.w.org\/{rel}","templated":true}]}}