{"id":244102,"date":"2025-03-20T14:53:15","date_gmt":"2025-03-20T14:53:15","guid":{"rendered":"https:\/\/aromasentia.com\/product\/10ml-bulgarian-lavender-essential-oil\/"},"modified":"2025-05-31T20:54:13","modified_gmt":"2025-05-31T20:54:13","slug":"aceite-esencial-de-lavanda-bulgara-10ml","status":"publish","type":"product","link":"https:\/\/aromasentia.com\/es\/aceite-esencial-de-lavanda-bulgara-10ml\/","title":{"rendered":"Aceite Esencial de Lavanda B\u00falgara 10ml"},"content":{"rendered":"<p><strong>Nombre latino:<\/strong> Lavendula Angustifolia<\/p>\n<p><strong>Parte de la planta utilizada<\/strong>: Puntas florales<\/p>\n<p><strong>Origen<\/strong>: Bulgaria<\/p>\n<p><strong>M\u00e9todo de extracci\u00f3n<\/strong>: Destilaci\u00f3n por vapor<\/p>\n<p>El aceite de Lavanda B\u00falgara tiene m\u00faltiples propiedades que son realmente \u00fatiles. En la antig\u00fcedad, se utilizaba para como perfume o para relajar dolencias.&nbsp;<\/p>\n<p>Su aroma ligero y aroma floral, ayuda a la relajaci\u00f3n del cuerpo, adem\u00e1s es utilizado para conciliar el sue\u00f1o.&nbsp;<\/p>\n<p>Nota: Nuestros aceites esenciales no son adecuados para uso interno.<\/p>\n<p>&nbsp;<\/p>\n","protected":false},"excerpt":{"rendered":"<p>Nombre latino: Lavendula Angustifolia Parte de la planta utilizada: Puntas florales Origen: Bulgaria M\u00e9todo de extracci\u00f3n: Destilaci\u00f3n por vapor El aceite de Lavanda B\u00falgara tiene m\u00faltiples propiedades que son realmente \u00fatiles. En la antig\u00fcedad, se utilizaba para como perfume o para relajar dolencias.&nbsp; Su aroma ligero y aroma floral, ayuda a la relajaci\u00f3n del cuerpo, [&hellip;]<\/p>\n","protected":false},"featured_media":262170,"comment_status":"closed","ping_status":"open","template":"","meta":{"_angie_page":false},"product_brand":[27095],"product_cat":[23652,25844,16460,26835,26235],"product_tag":[],"class_list":{"0":"post-244102","1":"product","2":"type-product","3":"status-publish","4":"has-post-thumbnail","6":"product_brand-ancient-wisdom","7":"product_cat-aceites-esenciales","8":"product_cat-aromas","9":"product_cat-aromaterapia-y-fragancias-para-hogar","10":"product_cat-floral","11":"product_cat-lavanda","12":"pa_collection-aromatherapy-essential-oils-10ml-es","13":"pa_made-in-bulgaria","14":"pa_size-10ml","16":"first","17":"instock","18":"purchasable","19":"product-type-simple"},"supplier_id":null,"supplier_sku":"EO-89","barcode":null,"atum_controlled":true,"out_stock_date":null,"out_stock_threshold":null,"inheritable":false,"inbound_stock":0,"stock_on_hold":0,"sold_today":0,"sales_last_days":0,"reserved_stock":0,"customer_returns":0,"warehouse_damage":0,"lost_in_post":0,"other_logs":0,"out_stock_days":9,"lost_sales":0,"has_location":false,"update_date":"2026-04-27T07:00:59","atum_locations":[],"atum_stock_status":"instock","restock_status":false,"low_stock_amount":"","sales_update_date":"2026-01-30T01:25:00","calc_backorders":null,"_links":{"self":[{"href":"https:\/\/aromasentia.com\/es\/wp-json\/wp\/v2\/product\/244102","targetHints":{"allow":["GET"]}}],"collection":[{"href":"https:\/\/aromasentia.com\/es\/wp-json\/wp\/v2\/product"}],"about":[{"href":"https:\/\/aromasentia.com\/es\/wp-json\/wp\/v2\/types\/product"}],"replies":[{"embeddable":true,"href":"https:\/\/aromasentia.com\/es\/wp-json\/wp\/v2\/comments?post=244102"}],"version-history":[{"count":0,"href":"https:\/\/aromasentia.com\/es\/wp-json\/wp\/v2\/product\/244102\/revisions"}],"wp:featuredmedia":[{"embeddable":true,"href":"https:\/\/aromasentia.com\/es\/wp-json\/wp\/v2\/media\/262170"}],"wp:attachment":[{"href":"https:\/\/aromasentia.com\/es\/wp-json\/wp\/v2\/media?parent=244102"}],"wp:term":[{"taxonomy":"product_brand","embeddable":true,"href":"https:\/\/aromasentia.com\/es\/wp-json\/wp\/v2\/product_brand?post=244102"},{"taxonomy":"product_cat","embeddable":true,"href":"https:\/\/aromasentia.com\/es\/wp-json\/wp\/v2\/product_cat?post=244102"},{"taxonomy":"product_tag","embeddable":true,"href":"https:\/\/aromasentia.com\/es\/wp-json\/wp\/v2\/product_tag?post=244102"}],"curies":[{"name":"wp","href":"https:\/\/api.w.org\/{rel}","templated":true}]}}