{"id":244098,"date":"2025-03-20T14:53:15","date_gmt":"2025-03-20T14:53:15","guid":{"rendered":"https:\/\/aromasentia.com\/product\/10ml-helichrysum-essential-oil\/"},"modified":"2025-05-31T20:54:10","modified_gmt":"2025-05-31T20:54:10","slug":"aceites-esenciales-de-helichrysum-10ml","status":"publish","type":"product","link":"https:\/\/aromasentia.com\/es\/aceites-esenciales-de-helichrysum-10ml\/","title":{"rendered":"Aceites esenciales de Helichrysum 10ml"},"content":{"rendered":"<p><strong>Nombre latino:<\/strong> Helichrysum Italicum_x000D_\n<\/p>\n<p><strong>Parte de la planta utilizada<\/strong>: Flores_x000D_\n<\/p>\n<p><strong>Fuente:<\/strong> Italia_x000D_\n<\/p>\n<p><strong>M\u00e9todo de extracci\u00f3n:&nbsp;<\/strong>Destilaci\u00f3n por vapor_x000D_\n<\/p>\n<p><strong>Descripci\u00f3n arom\u00e1tica:&nbsp;<\/strong>Herb\u00e1ceo, miel, heno<\/p>\n<p><strong>Colecci\u00f3n de m\u00e9todos:&nbsp;<\/strong>Destilaci\u00f3n al vapor<\/p>\n<p style=\"text-align: justify;\"><\/p>\n<p style=\"text-align: justify;\">Helichrysum se usa a menudo para prevenir signos de envejecimiento y se refiere a la &quot;Flor Eterna&quot; debido a sus beneficios rejuvenecedores para la piel y su capacidad para mejorar el cutis.<\/p>\n<p style=\"text-align: justify;\">Helichrysum italicum es una peque\u00f1a hierba perenne con hojas y flores angostas de plata que forman un grupo de flores de color amarillo dorado en forma de bola. El nombre &quot;Helichrysum&quot; se deriva del griego &quot;helios&quot; que significa sol y &quot;chrysos&quot; que significa oro, en referencia al color de las flores. Helichrysum se ha usado en los \u00faltimos a\u00f1os y se ha usado durante muchos a\u00f1os.<\/p>\n<p style=\"text-align: justify;\">Helichrysum es mejor conocido por sus propiedades restauradoras de la piel. Tambi\u00e9n conocida como la flor eterna o inmortal, Helichrysum se utiliza en productos antienvejecimiento por sus beneficios rejuvenecedores para la piel. Esta planta puede ayudar a reducir la aparici\u00f3n de imperfecciones y promueve una tez radiante y juvenil.<\/p>\n<p><\/p>\n","protected":false},"excerpt":{"rendered":"<p>Nombre latino: Helichrysum Italicum_x000D_ Parte de la planta utilizada: Flores_x000D_ Fuente: Italia_x000D_ M\u00e9todo de extracci\u00f3n:&nbsp;Destilaci\u00f3n por vapor_x000D_ Descripci\u00f3n arom\u00e1tica:&nbsp;Herb\u00e1ceo, miel, heno Colecci\u00f3n de m\u00e9todos:&nbsp;Destilaci\u00f3n al vapor Helichrysum se usa a menudo para prevenir signos de envejecimiento y se refiere a la &quot;Flor Eterna&quot; debido a sus beneficios rejuvenecedores para la piel y su capacidad para [&hellip;]<\/p>\n","protected":false},"featured_media":262153,"comment_status":"closed","ping_status":"open","template":"","meta":{"_angie_page":false},"product_brand":[27095],"product_cat":[23652,25844,16460,26835,26208],"product_tag":[],"class_list":{"0":"post-244098","1":"product","2":"type-product","3":"status-publish","4":"has-post-thumbnail","6":"product_brand-ancient-wisdom","7":"product_cat-aceites-esenciales","8":"product_cat-aromas","9":"product_cat-aromaterapia-y-fragancias-para-hogar","10":"product_cat-floral","11":"product_cat-helicriso-siempreviva","12":"pa_collection-aromatherapy-essential-oils-10ml-es","13":"pa_made-in-italia","14":"pa_size-10ml","16":"first","17":"instock","18":"purchasable","19":"product-type-simple"},"supplier_id":null,"supplier_sku":"EO-88","barcode":null,"atum_controlled":true,"out_stock_date":null,"out_stock_threshold":null,"inheritable":false,"inbound_stock":null,"stock_on_hold":0,"sold_today":0,"sales_last_days":0,"reserved_stock":null,"customer_returns":null,"warehouse_damage":null,"lost_in_post":null,"other_logs":null,"out_stock_days":0,"lost_sales":0,"has_location":null,"update_date":"2026-05-08T05:07:22","atum_locations":[],"atum_stock_status":"instock","restock_status":false,"low_stock_amount":"","sales_update_date":"2026-01-20T05:13:42","calc_backorders":null,"_links":{"self":[{"href":"https:\/\/aromasentia.com\/es\/wp-json\/wp\/v2\/product\/244098","targetHints":{"allow":["GET"]}}],"collection":[{"href":"https:\/\/aromasentia.com\/es\/wp-json\/wp\/v2\/product"}],"about":[{"href":"https:\/\/aromasentia.com\/es\/wp-json\/wp\/v2\/types\/product"}],"replies":[{"embeddable":true,"href":"https:\/\/aromasentia.com\/es\/wp-json\/wp\/v2\/comments?post=244098"}],"version-history":[{"count":0,"href":"https:\/\/aromasentia.com\/es\/wp-json\/wp\/v2\/product\/244098\/revisions"}],"wp:featuredmedia":[{"embeddable":true,"href":"https:\/\/aromasentia.com\/es\/wp-json\/wp\/v2\/media\/262153"}],"wp:attachment":[{"href":"https:\/\/aromasentia.com\/es\/wp-json\/wp\/v2\/media?parent=244098"}],"wp:term":[{"taxonomy":"product_brand","embeddable":true,"href":"https:\/\/aromasentia.com\/es\/wp-json\/wp\/v2\/product_brand?post=244098"},{"taxonomy":"product_cat","embeddable":true,"href":"https:\/\/aromasentia.com\/es\/wp-json\/wp\/v2\/product_cat?post=244098"},{"taxonomy":"product_tag","embeddable":true,"href":"https:\/\/aromasentia.com\/es\/wp-json\/wp\/v2\/product_tag?post=244098"}],"curies":[{"name":"wp","href":"https:\/\/api.w.org\/{rel}","templated":true}]}}