{"id":244090,"date":"2025-03-20T14:53:15","date_gmt":"2025-03-20T14:53:15","guid":{"rendered":"https:\/\/aromasentia.com\/product\/10ml-oregano-essential-oil\/"},"modified":"2025-05-31T20:54:03","modified_gmt":"2025-05-31T20:54:03","slug":"aceites-esenciales-de-oregano-10ml","status":"publish","type":"product","link":"https:\/\/aromasentia.com\/es\/aceites-esenciales-de-oregano-10ml\/","title":{"rendered":"Aceites esenciales de Or\u00e9gano 10ml"},"content":{"rendered":"<p><strong>Descripci\u00f3n arom\u00e1tica:&nbsp;<\/strong>Herb\u00e1ceo, afilado, verde, alcanforado<\/p>\n<p><strong>Colecci\u00f3n de m\u00e9todos:&nbsp;<\/strong>Destilaci\u00f3n al vapor<\/p>\n<p><strong>Parte de la planta:&nbsp;<\/strong>Hoja<\/p>\n<p><strong>Fuente: <\/strong>Espa\u00f1a<\/p>\n<p><strong>Constituyentes principales:&nbsp;<\/strong>Carvacrol, timol<\/p>\n<p style=\"text-align: justify;\"><\/p>\n<p style=\"text-align: justify;\">El or\u00e9gano es uno de los aceites esenciales m\u00e1s potentes y potentes y se ha utilizado durante siglos en las pr\u00e1cticas tradicionales. Los principales componentes qu\u00edmicos del or\u00e9gano es el carvacrol, un fenol que posee propiedades antioxidantes cuando se ingiere. Debido a su alto contenido de fenol, se debe tener precauci\u00f3n al inhalar o difundir or\u00e9gano; solo se necesitan una o dos gotas.<\/p>\n<p style=\"text-align: justify;\">Adem\u00e1s, el or\u00e9gano debe diluirse con un veh\u00edculo cuando se aplica a la piel.<\/p>\n","protected":false},"excerpt":{"rendered":"<p>Descripci\u00f3n arom\u00e1tica:&nbsp;Herb\u00e1ceo, afilado, verde, alcanforado Colecci\u00f3n de m\u00e9todos:&nbsp;Destilaci\u00f3n al vapor Parte de la planta:&nbsp;Hoja Fuente: Espa\u00f1a Constituyentes principales:&nbsp;Carvacrol, timol El or\u00e9gano es uno de los aceites esenciales m\u00e1s potentes y potentes y se ha utilizado durante siglos en las pr\u00e1cticas tradicionales. Los principales componentes qu\u00edmicos del or\u00e9gano es el carvacrol, un fenol que posee propiedades [&hellip;]<\/p>\n","protected":false},"featured_media":262119,"comment_status":"closed","ping_status":"open","template":"","meta":{"_angie_page":false},"product_brand":[27095],"product_cat":[23652,25844,16460,26863,26315],"product_tag":[],"class_list":{"0":"post-244090","1":"product","2":"type-product","3":"status-publish","4":"has-post-thumbnail","6":"product_brand-ancient-wisdom","7":"product_cat-aceites-esenciales","8":"product_cat-aromas","9":"product_cat-aromaterapia-y-fragancias-para-hogar","10":"product_cat-herbal-aromatico","11":"product_cat-oregano","12":"pa_collection-aromatherapy-essential-oils-10ml-es","13":"pa_made-in-espana","14":"pa_size-10ml","16":"first","17":"instock","18":"purchasable","19":"product-type-simple"},"supplier_id":null,"supplier_sku":"EO-86","barcode":null,"atum_controlled":true,"out_stock_date":null,"out_stock_threshold":null,"inheritable":false,"inbound_stock":null,"stock_on_hold":0,"sold_today":0,"sales_last_days":0,"reserved_stock":null,"customer_returns":null,"warehouse_damage":null,"lost_in_post":null,"other_logs":null,"out_stock_days":0,"lost_sales":0,"has_location":null,"update_date":"2026-04-27T07:00:59","atum_locations":[],"atum_stock_status":"instock","restock_status":false,"low_stock_amount":"","sales_update_date":"2025-09-03T00:27:57","calc_backorders":null,"_links":{"self":[{"href":"https:\/\/aromasentia.com\/es\/wp-json\/wp\/v2\/product\/244090","targetHints":{"allow":["GET"]}}],"collection":[{"href":"https:\/\/aromasentia.com\/es\/wp-json\/wp\/v2\/product"}],"about":[{"href":"https:\/\/aromasentia.com\/es\/wp-json\/wp\/v2\/types\/product"}],"replies":[{"embeddable":true,"href":"https:\/\/aromasentia.com\/es\/wp-json\/wp\/v2\/comments?post=244090"}],"version-history":[{"count":0,"href":"https:\/\/aromasentia.com\/es\/wp-json\/wp\/v2\/product\/244090\/revisions"}],"wp:featuredmedia":[{"embeddable":true,"href":"https:\/\/aromasentia.com\/es\/wp-json\/wp\/v2\/media\/262119"}],"wp:attachment":[{"href":"https:\/\/aromasentia.com\/es\/wp-json\/wp\/v2\/media?parent=244090"}],"wp:term":[{"taxonomy":"product_brand","embeddable":true,"href":"https:\/\/aromasentia.com\/es\/wp-json\/wp\/v2\/product_brand?post=244090"},{"taxonomy":"product_cat","embeddable":true,"href":"https:\/\/aromasentia.com\/es\/wp-json\/wp\/v2\/product_cat?post=244090"},{"taxonomy":"product_tag","embeddable":true,"href":"https:\/\/aromasentia.com\/es\/wp-json\/wp\/v2\/product_tag?post=244090"}],"curies":[{"name":"wp","href":"https:\/\/api.w.org\/{rel}","templated":true}]}}