{"id":244030,"date":"2025-03-20T14:53:48","date_gmt":"2025-03-20T14:53:48","guid":{"rendered":"https:\/\/aromasentia.com\/product\/red-thyme-essential-oil-10ml\/"},"modified":"2025-05-31T20:52:58","modified_gmt":"2025-05-31T20:52:58","slug":"aceite-esencial-de-tomillo-rojo-10ml","status":"publish","type":"product","link":"https:\/\/aromasentia.com\/es\/aceite-esencial-de-tomillo-rojo-10ml\/","title":{"rendered":"Aceite Esencial de Tomillo Rojo 10ml"},"content":{"rendered":"<p><strong>Nombre latino:<\/strong> Thymus serpyllum &nbsp;<\/p>\n<p><strong>Parte de la planta utilizada<\/strong>: Hojas&nbsp;<\/p>\n<p><strong>Origen<\/strong>: Espa\u00f1a&nbsp;<\/p>\n<p><strong>M\u00e9todo de extracci\u00f3n:<\/strong> Destilaci\u00f3n por vapor&nbsp;<\/p>\n<p>Aroma Sentia ofrece el Aceite Esencial de Tomillo Rojo al por mayor, siendo uno aceites estimulante con fuertes cualidades antis\u00e9pticas.&nbsp;<\/p>\n<p>Su aroma caracter\u00edstico es \u00fatil para aplicarlo en difusores de aromas o sprays.<\/p>\n<p>Nota: Nuestros aceites esenciales no son adecuados para uso interno.<\/p>\n","protected":false},"excerpt":{"rendered":"<p>Nombre latino: Thymus serpyllum &nbsp; Parte de la planta utilizada: Hojas&nbsp; Origen: Espa\u00f1a&nbsp; M\u00e9todo de extracci\u00f3n: Destilaci\u00f3n por vapor&nbsp; Aroma Sentia ofrece el Aceite Esencial de Tomillo Rojo al por mayor, siendo uno aceites estimulante con fuertes cualidades antis\u00e9pticas.&nbsp; Su aroma caracter\u00edstico es \u00fatil para aplicarlo en difusores de aromas o sprays. Nota: Nuestros aceites [&hellip;]<\/p>\n","protected":false},"featured_media":262205,"comment_status":"closed","ping_status":"open","template":"","meta":[],"product_brand":[27095],"product_cat":[23652,25844,16460,26863,26364],"product_tag":[],"class_list":{"0":"post-244030","1":"product","2":"type-product","3":"status-publish","4":"has-post-thumbnail","6":"product_brand-ancient-wisdom","7":"product_cat-aceites-esenciales","8":"product_cat-aromas","9":"product_cat-aromaterapia-y-fragancias-para-hogar","10":"product_cat-herbal-aromatico","11":"product_cat-tomillo-rojo","12":"pa_collection-aromatherapy-essential-oils-10ml-es","13":"pa_made-in-espana","14":"pa_size-10ml","16":"first","17":"instock","18":"purchasable","19":"product-type-simple"},"supplier_id":null,"supplier_sku":"EO-92","barcode":null,"atum_controlled":true,"out_stock_date":null,"out_stock_threshold":null,"inheritable":false,"inbound_stock":null,"stock_on_hold":0,"sold_today":0,"sales_last_days":0,"reserved_stock":null,"customer_returns":null,"warehouse_damage":null,"lost_in_post":null,"other_logs":null,"out_stock_days":13,"lost_sales":0,"has_location":null,"update_date":"2026-02-11T03:19:46","atum_locations":[],"atum_stock_status":"instock","restock_status":false,"low_stock_amount":"","sales_update_date":"2026-01-30T01:24:47","calc_backorders":null,"_links":{"self":[{"href":"https:\/\/aromasentia.com\/es\/wp-json\/wp\/v2\/product\/244030","targetHints":{"allow":["GET"]}}],"collection":[{"href":"https:\/\/aromasentia.com\/es\/wp-json\/wp\/v2\/product"}],"about":[{"href":"https:\/\/aromasentia.com\/es\/wp-json\/wp\/v2\/types\/product"}],"replies":[{"embeddable":true,"href":"https:\/\/aromasentia.com\/es\/wp-json\/wp\/v2\/comments?post=244030"}],"version-history":[{"count":0,"href":"https:\/\/aromasentia.com\/es\/wp-json\/wp\/v2\/product\/244030\/revisions"}],"wp:featuredmedia":[{"embeddable":true,"href":"https:\/\/aromasentia.com\/es\/wp-json\/wp\/v2\/media\/262205"}],"wp:attachment":[{"href":"https:\/\/aromasentia.com\/es\/wp-json\/wp\/v2\/media?parent=244030"}],"wp:term":[{"taxonomy":"product_brand","embeddable":true,"href":"https:\/\/aromasentia.com\/es\/wp-json\/wp\/v2\/product_brand?post=244030"},{"taxonomy":"product_cat","embeddable":true,"href":"https:\/\/aromasentia.com\/es\/wp-json\/wp\/v2\/product_cat?post=244030"},{"taxonomy":"product_tag","embeddable":true,"href":"https:\/\/aromasentia.com\/es\/wp-json\/wp\/v2\/product_tag?post=244030"}],"curies":[{"name":"wp","href":"https:\/\/api.w.org\/{rel}","templated":true}]}}