{"id":243746,"date":"2025-03-20T14:55:32","date_gmt":"2025-03-20T14:55:32","guid":{"rendered":"https:\/\/aromasentia.com\/product\/10x-10ml-eucalyptus-essential-oil-unlabelled\/"},"modified":"2025-05-31T20:48:17","modified_gmt":"2025-05-31T20:48:17","slug":"eucalipto-sin-etiqueta-10ml","status":"publish","type":"product","link":"https:\/\/aromasentia.com\/es\/eucalipto-sin-etiqueta-10ml\/","title":{"rendered":"Eucalipto-Sin Etiqueta 10ml"},"content":{"rendered":"<p>Nombre latino : Eucalyptus Globulus.<br \/>\nParte de la planta utilizada : Hojas y ramitas<br \/>\nOrigen : China.<br \/>\nM\u00e9todo de extracci\u00f3n : Destilaci\u00f3n por vapor.<\/p>\n<p>El aceite esencial de eucalipto es un l\u00edquido concentrado que contiene compuestos arom\u00e1ticos vol\u00e1tiles del \u00e1rbol Eucalyptus Globulus. Normalmente se destila, a veces se exprime o se extrae con disolventes. Se dice que el aceite esencial de eucalipto es antibacteriano, desinfectante y analg\u00e9sico. Se ha utilizado para aliviar la tos, los resfriados y otros problemas respiratorios. Alivia los dolores musculares y articulares y ayuda a curar heridas, quemaduras, \u00falceras y picaduras de insectos. En aromaterapia, se dice que el eucalipto favorece la actividad, la vitalidad y la energ\u00eda.<br \/>\n<br \/>\nPara los problemas respiratorios, se pueden inhalar unas gotas de este aceite colocadas en un pa\u00f1o por la boca y exhalar por la nariz durante medio minuto. Se aplica directamente sobre llagas, sarpullidos y picaduras de insectos. A\u00f1ada unas gotas al agua del ba\u00f1o para sentirse vigorizado y refrescado. Remoje los pies doloridos en una palangana de agua caliente con 4-5 gotas de este aceite para obtener alivio. Se dice que unas gotas de aceite en un difusor matan los g\u00e9rmenes y las bacterias del aire, una buena idea para una habitaci\u00f3n de enfermo.<br \/>\nEl aceite esencial de eucalipto es s\u00f3lo para uso externo; consulte siempre a un m\u00e9dico autorizado cuando lo utilice como remedio para la salud.<br \/>\n<br \/>\nSe sabe que los aceites esenciales han desempe\u00f1ado un papel en la curaci\u00f3n en la antig\u00fcedad en Egipto, China y otras partes del mundo. Se dice que son la forma m\u00e1s antigua de medicina y cosm\u00e9tica, ya que se destilan de las plantas, sin necesidad de complicados procesos ni maquinaria, pero todo un arte al fin y al cabo. Por sus propiedades curativas y arom\u00e1ticas, los antiguos las consideraban m\u00e1s valiosas que el oro.<\/p>\n","protected":false},"excerpt":{"rendered":"<p>Nombre latino : Eucalyptus Globulus. Parte de la planta utilizada : Hojas y ramitas Origen : China. M\u00e9todo de extracci\u00f3n : Destilaci\u00f3n por vapor. El aceite esencial de eucalipto es un l\u00edquido concentrado que contiene compuestos arom\u00e1ticos vol\u00e1tiles del \u00e1rbol Eucalyptus Globulus. Normalmente se destila, a veces se exprime o se extrae con disolventes. Se [&hellip;]<\/p>\n","protected":false},"featured_media":263767,"comment_status":"closed","ping_status":"open","template":"","meta":{"_angie_page":false},"product_brand":[27095],"product_cat":[25844,16460,26178,26870],"product_tag":[],"class_list":{"0":"post-243746","1":"product","2":"type-product","3":"status-publish","4":"has-post-thumbnail","6":"product_brand-ancient-wisdom","7":"product_cat-aromas","8":"product_cat-aromaterapia-y-fragancias-para-hogar","9":"product_cat-eucalipto","10":"product_cat-medicinal-alcanforado","11":"pa_collection-gifts-unbranded-essential-oils-es","12":"pa_made-in-china","13":"pa_size-10ml","15":"first","16":"instock","17":"purchasable","18":"product-type-simple"},"supplier_id":null,"supplier_sku":"EOUL-03","barcode":null,"atum_controlled":true,"out_stock_date":null,"out_stock_threshold":null,"inheritable":false,"inbound_stock":null,"stock_on_hold":0,"sold_today":0,"sales_last_days":0,"reserved_stock":null,"customer_returns":null,"warehouse_damage":null,"lost_in_post":null,"other_logs":null,"out_stock_days":0,"lost_sales":0,"has_location":null,"update_date":"2026-04-27T07:01:40","atum_locations":[],"atum_stock_status":"instock","restock_status":false,"low_stock_amount":"","sales_update_date":"2025-09-05T00:16:30","calc_backorders":null,"_links":{"self":[{"href":"https:\/\/aromasentia.com\/es\/wp-json\/wp\/v2\/product\/243746","targetHints":{"allow":["GET"]}}],"collection":[{"href":"https:\/\/aromasentia.com\/es\/wp-json\/wp\/v2\/product"}],"about":[{"href":"https:\/\/aromasentia.com\/es\/wp-json\/wp\/v2\/types\/product"}],"replies":[{"embeddable":true,"href":"https:\/\/aromasentia.com\/es\/wp-json\/wp\/v2\/comments?post=243746"}],"version-history":[{"count":0,"href":"https:\/\/aromasentia.com\/es\/wp-json\/wp\/v2\/product\/243746\/revisions"}],"wp:featuredmedia":[{"embeddable":true,"href":"https:\/\/aromasentia.com\/es\/wp-json\/wp\/v2\/media\/263767"}],"wp:attachment":[{"href":"https:\/\/aromasentia.com\/es\/wp-json\/wp\/v2\/media?parent=243746"}],"wp:term":[{"taxonomy":"product_brand","embeddable":true,"href":"https:\/\/aromasentia.com\/es\/wp-json\/wp\/v2\/product_brand?post=243746"},{"taxonomy":"product_cat","embeddable":true,"href":"https:\/\/aromasentia.com\/es\/wp-json\/wp\/v2\/product_cat?post=243746"},{"taxonomy":"product_tag","embeddable":true,"href":"https:\/\/aromasentia.com\/es\/wp-json\/wp\/v2\/product_tag?post=243746"}],"curies":[{"name":"wp","href":"https:\/\/api.w.org\/{rel}","templated":true}]}}