{"id":243730,"date":"2025-03-20T14:55:32","date_gmt":"2025-03-20T14:55:32","guid":{"rendered":"https:\/\/aromasentia.com\/product\/aromatherapy-essential-oil-set-summer\/"},"modified":"2025-05-31T20:48:05","modified_gmt":"2025-05-31T20:48:05","slug":"set-de-aceites-esenciales-de-aromaterapia-verano","status":"publish","type":"product","link":"https:\/\/aromasentia.com\/es\/set-de-aceites-esenciales-de-aromaterapia-verano\/","title":{"rendered":"Set de Aceites Esenciales de Aromaterapia &#8211; Verano"},"content":{"rendered":"<p>\u00bfBuscas sorprender a sus clientes? Aroma Sentia Espa\u00f1a ofrece este incre\u00edble pack de aceites esenciales donde su cliente podr\u00e1 encontrar una gama de &nbsp;12 aceites esenciales (5 ml cada uno) y 2 goteros. Nuestro set de regalo de aceites esenciales combina una variedad de aromas florales, mentolados, amaderados, especiados y herb\u00e1ceos.&nbsp;<\/p>\n<p>Nuestros aceites son 100% puro -Hecho a mano -Apto para veganos<\/p>\n<p><strong>\u00bfQu\u00e9 aceites contiene este pack?<\/strong><\/p>\n<p>&nbsp;&#8211; 5 ml de aceite esencial de semilla de zanahoria&nbsp;<\/p>\n<p>&#8211; 5ml de aceite esencial de Citronela&nbsp;<\/p>\n<p>&#8211; 5ml de aceite esencial de Cipr\u00e9s&nbsp;<\/p>\n<p>&#8211; 5ml de aceite esencial de Pomelo<\/p>\n<p>&nbsp;&#8211; 5ml de aceite esencial de lim\u00f3n<\/p>\n<p>&nbsp;&#8211; 5 ml de aceite esencial de Lima&nbsp;<\/p>\n<p>&#8211; 5 ml de aceite esencial de Limoncillo&nbsp;<\/p>\n<p>&#8211; 5ml de aceite esencial de Naranja&nbsp;<\/p>\n<p>&#8211; 5 ml de aceite esencial de Menta de Ma\u00edz&nbsp;<\/p>\n<p>&#8211; 5ml de aceite esencial de Menta&nbsp;<\/p>\n<p>&#8211; 5ml de aceite esencial de Mandarina&nbsp;<\/p>\n<p>&#8211; 5ml de aceite esencial de Palmarosa<\/p>\n<p>&nbsp;&#8211; 2x gotero<\/p>\n","protected":false},"excerpt":{"rendered":"<p>\u00bfBuscas sorprender a sus clientes? Aroma Sentia Espa\u00f1a ofrece este incre\u00edble pack de aceites esenciales donde su cliente podr\u00e1 encontrar una gama de &nbsp;12 aceites esenciales (5 ml cada uno) y 2 goteros. Nuestro set de regalo de aceites esenciales combina una variedad de aromas florales, mentolados, amaderados, especiados y herb\u00e1ceos.&nbsp; Nuestros aceites son 100% [&hellip;]<\/p>\n","protected":false},"featured_media":263683,"comment_status":"closed","ping_status":"open","template":"","meta":{"_angie_page":false},"product_brand":[27095],"product_cat":[23652,16460],"product_tag":[],"class_list":{"0":"post-243730","1":"product","2":"type-product","3":"status-publish","4":"has-post-thumbnail","6":"product_brand-ancient-wisdom","7":"product_cat-aceites-esenciales","8":"product_cat-aromaterapia-y-fragancias-para-hogar","9":"pa_collection-aromatherapy-essential-oil-set-starter-pack-es","10":"pa_made-in-italia","12":"first","13":"instock","14":"purchasable","15":"product-type-simple"},"supplier_id":null,"supplier_sku":"EOSET-05","barcode":null,"atum_controlled":true,"out_stock_date":null,"out_stock_threshold":null,"inheritable":false,"inbound_stock":null,"stock_on_hold":0,"sold_today":0,"sales_last_days":0,"reserved_stock":null,"customer_returns":null,"warehouse_damage":null,"lost_in_post":null,"other_logs":null,"out_stock_days":0,"lost_sales":0,"has_location":null,"update_date":"2026-04-27T07:01:40","atum_locations":[],"atum_stock_status":"instock","restock_status":false,"low_stock_amount":"","sales_update_date":"2025-09-05T00:16:27","calc_backorders":null,"_links":{"self":[{"href":"https:\/\/aromasentia.com\/es\/wp-json\/wp\/v2\/product\/243730","targetHints":{"allow":["GET"]}}],"collection":[{"href":"https:\/\/aromasentia.com\/es\/wp-json\/wp\/v2\/product"}],"about":[{"href":"https:\/\/aromasentia.com\/es\/wp-json\/wp\/v2\/types\/product"}],"replies":[{"embeddable":true,"href":"https:\/\/aromasentia.com\/es\/wp-json\/wp\/v2\/comments?post=243730"}],"version-history":[{"count":0,"href":"https:\/\/aromasentia.com\/es\/wp-json\/wp\/v2\/product\/243730\/revisions"}],"wp:featuredmedia":[{"embeddable":true,"href":"https:\/\/aromasentia.com\/es\/wp-json\/wp\/v2\/media\/263683"}],"wp:attachment":[{"href":"https:\/\/aromasentia.com\/es\/wp-json\/wp\/v2\/media?parent=243730"}],"wp:term":[{"taxonomy":"product_brand","embeddable":true,"href":"https:\/\/aromasentia.com\/es\/wp-json\/wp\/v2\/product_brand?post=243730"},{"taxonomy":"product_cat","embeddable":true,"href":"https:\/\/aromasentia.com\/es\/wp-json\/wp\/v2\/product_cat?post=243730"},{"taxonomy":"product_tag","embeddable":true,"href":"https:\/\/aromasentia.com\/es\/wp-json\/wp\/v2\/product_tag?post=243730"}],"curies":[{"name":"wp","href":"https:\/\/api.w.org\/{rel}","templated":true}]}}