{"id":243702,"date":"2025-03-20T14:55:32","date_gmt":"2025-03-20T14:55:32","guid":{"rendered":"https:\/\/aromasentia.com\/product\/100ml-essential-oil-mist-lavender-fennel\/"},"modified":"2025-05-31T20:47:35","modified_gmt":"2025-05-31T20:47:35","slug":"bruma-de-aceite-esencial-de-niebla-100-ml-lavanda-e-hinojo","status":"publish","type":"product","link":"https:\/\/aromasentia.com\/es\/bruma-de-aceite-esencial-de-niebla-100-ml-lavanda-e-hinojo\/","title":{"rendered":"Bruma de Aceite Esencial de Niebla 100 ml &#8211; Lavanda e Hinojo"},"content":{"rendered":"<p style=\"text-align: justify;\">El aceite esencial puro de lavanda e hinojo se infunde en esta delicada niebla de aromaterapia, para promover una sensaci\u00f3n de serenidad cuando sea necesario.<\/p>\n<p style=\"text-align: justify;\">Ideal para mejorar su estado de \u00e1nimo, promoviendo una sensaci\u00f3n de relajaci\u00f3n y serenidad en cualquier momento del d\u00eda o de la noche.<\/p>\n<p style=\"text-align: justify;\">Para relajarse, roc\u00ede la niebla sobre la cabeza o roc\u00ede directamente sobre la ropa de cama para alentar una mejor noche de sue\u00f1o.<\/p>\n<p style=\"text-align: justify;\"><strong>Ingredientes principales:<\/strong><\/p>\n<p style=\"text-align: justify;\"><span style=\"color: rgb(184, 49, 47);\"><strong>Lavanda<\/strong><\/span><\/p>\n<p style=\"text-align: justify;\">Al igual que el aceite esencial de lavanda puede ayudar a eliminar la ansiedad, tambi\u00e9n puede ser una forma de calmar el estr\u00e9s. Si se siente nervioso despu\u00e9s de un d\u00eda especialmente estresante en la oficina, respirar el aroma relajante del aceite de lavanda podr\u00eda ayudar a calmar su cuerpo y su mente.<\/p>\n<p style=\"text-align: justify;\"><strong><span style=\"color: rgb(184, 49, 47);\">Hinojo<\/span><\/strong><\/p>\n<p style=\"text-align: justify;\">Difundir el aceite esencial de hinojo puede ayudar a darle la sensaci\u00f3n de concentraci\u00f3n necesaria para ser productivo. Para aprovechar el aroma energizante del aceite de hinojo, dif\u00fandalo en su hogar u oficina para alentar un d\u00eda productivo.<\/p>\n<p style=\"text-align: justify;\"><strong><span style=\"color: rgb(184, 49, 47);\">Agua de Yorkshire:<\/span><\/strong><\/p>\n<p style=\"text-align: justify;\">No solo se hidrata y sabe muy bien como el agua potable, sino que tambi\u00e9n mejora la salud y la belleza de la piel. Creemos que esta agua es un ingrediente crucial en el t\u00e9 de Yorkshire e igual de perfecto en las brumas de aromaterapia Ancient Wisdom.<\/p>\n<p style=\"text-align: justify;\"><strong><span style=\"color: rgb(184, 49, 47);\">Hamamelis:<\/span><\/strong><\/p>\n<p style=\"text-align: justify;\">Agregado en lugar de alcohol para una gran evaporaci\u00f3n en la habitaci\u00f3n y la ropa de cama, el hamamelis es un astringente que a menudo se usa como un remedio t\u00f3pico natural. Contiene varios compuestos con potentes propiedades antiinflamatorias y antivirales.<\/p>\n","protected":false},"excerpt":{"rendered":"<p>El aceite esencial puro de lavanda e hinojo se infunde en esta delicada niebla de aromaterapia, para promover una sensaci\u00f3n de serenidad cuando sea necesario. Ideal para mejorar su estado de \u00e1nimo, promoviendo una sensaci\u00f3n de relajaci\u00f3n y serenidad en cualquier momento del d\u00eda o de la noche. Para relajarse, roc\u00ede la niebla sobre la [&hellip;]<\/p>\n","protected":false},"featured_media":263372,"comment_status":"closed","ping_status":"open","template":"","meta":{"_angie_page":false},"product_brand":[27095],"product_cat":[23652,25844,16460,26835,26863,26182,26235],"product_tag":[],"class_list":{"0":"post-243702","1":"product","2":"type-product","3":"status-publish","4":"has-post-thumbnail","6":"product_brand-ancient-wisdom","7":"product_cat-aceites-esenciales","8":"product_cat-aromas","9":"product_cat-aromaterapia-y-fragancias-para-hogar","10":"product_cat-floral","11":"product_cat-herbal-aromatico","12":"product_cat-hinojo","13":"product_cat-lavanda","14":"pa_collection-essential-oil-mists-100ml-es","15":"pa_made-in-reino-unido","16":"pa_size-100ml","18":"first","19":"instock","20":"purchasable","21":"product-type-simple"},"supplier_id":null,"supplier_sku":"EOM-05","barcode":null,"atum_controlled":true,"out_stock_date":null,"out_stock_threshold":null,"inheritable":false,"inbound_stock":0,"stock_on_hold":0,"sold_today":0,"sales_last_days":0,"reserved_stock":0,"customer_returns":0,"warehouse_damage":0,"lost_in_post":0,"other_logs":0,"out_stock_days":0,"lost_sales":0,"has_location":false,"update_date":"2026-05-08T05:08:28","atum_locations":[],"atum_stock_status":"instock","restock_status":false,"low_stock_amount":"","sales_update_date":"2026-02-06T00:01:49","calc_backorders":null,"_links":{"self":[{"href":"https:\/\/aromasentia.com\/es\/wp-json\/wp\/v2\/product\/243702","targetHints":{"allow":["GET"]}}],"collection":[{"href":"https:\/\/aromasentia.com\/es\/wp-json\/wp\/v2\/product"}],"about":[{"href":"https:\/\/aromasentia.com\/es\/wp-json\/wp\/v2\/types\/product"}],"replies":[{"embeddable":true,"href":"https:\/\/aromasentia.com\/es\/wp-json\/wp\/v2\/comments?post=243702"}],"version-history":[{"count":0,"href":"https:\/\/aromasentia.com\/es\/wp-json\/wp\/v2\/product\/243702\/revisions"}],"wp:featuredmedia":[{"embeddable":true,"href":"https:\/\/aromasentia.com\/es\/wp-json\/wp\/v2\/media\/263372"}],"wp:attachment":[{"href":"https:\/\/aromasentia.com\/es\/wp-json\/wp\/v2\/media?parent=243702"}],"wp:term":[{"taxonomy":"product_brand","embeddable":true,"href":"https:\/\/aromasentia.com\/es\/wp-json\/wp\/v2\/product_brand?post=243702"},{"taxonomy":"product_cat","embeddable":true,"href":"https:\/\/aromasentia.com\/es\/wp-json\/wp\/v2\/product_cat?post=243702"},{"taxonomy":"product_tag","embeddable":true,"href":"https:\/\/aromasentia.com\/es\/wp-json\/wp\/v2\/product_tag?post=243702"}],"curies":[{"name":"wp","href":"https:\/\/api.w.org\/{rel}","templated":true}]}}