{"id":243698,"date":"2025-03-20T14:55:32","date_gmt":"2025-03-20T14:55:32","guid":{"rendered":"https:\/\/aromasentia.com\/product\/100ml-essential-oil-mist-lemon-verbena\/"},"modified":"2025-05-31T20:47:33","modified_gmt":"2025-05-31T20:47:33","slug":"bruma-de-aceite-esencial-de-niebla-100-ml-verbena-de-limon","status":"publish","type":"product","link":"https:\/\/aromasentia.com\/es\/bruma-de-aceite-esencial-de-niebla-100-ml-verbena-de-limon\/","title":{"rendered":"Bruma de Aceite Esencial de Niebla 100 ml &#8211; Verbena de Limon"},"content":{"rendered":"<p style=\"text-align: justify;\">El aceite esencial de Verbena de Lim\u00f3n puro se infunde en esta delicada niebla de aromaterapia, para promover una sensaci\u00f3n de serenidad cuando sea necesario.<\/p>\n<p style=\"text-align: justify;\">Ideal para mejorar su estado de \u00e1nimo, promoviendo una sensaci\u00f3n de relajaci\u00f3n y serenidad en cualquier momento del d\u00eda o de la noche.<\/p>\n<p style=\"text-align: justify;\">Para relajarse, roc\u00ede la niebla sobre la cabeza o roc\u00ede directamente sobre la ropa de cama para alentar una mejor noche de sue\u00f1o.<\/p>\n<p style=\"text-align: justify;\"><strong><span style=\"color: rgb(0, 0, 0);\">Ingredientes principales:<\/span><\/strong><\/p>\n<p style=\"text-align: justify;\"><strong><span style=\"color: rgb(184, 49, 47);\">Aceite esencial de verbena de lim\u00f3n:<\/span><\/strong><\/p>\n<p style=\"text-align: justify;\">Este aceite cree despertar sensualidad, intuici\u00f3n e imaginaci\u00f3n. Muestra el estado de apat\u00eda. Estimula la actividad mental, especialmente el lado del pensamiento creativo y l\u00f3gico.<\/p>\n<p style=\"text-align: justify;\"><strong><span style=\"color: rgb(184, 49, 47);\">Agua de Yorkshire:<\/span><\/strong><\/p>\n<p style=\"text-align: justify;\">No solo se hidrata y sabe muy bien como el agua potable, sino que tambi\u00e9n mejora la salud y la belleza de la piel. Creemos que esta agua es un ingrediente crucial en el t\u00e9 de Yorkshire e igual de perfecto en las brumas de aromaterapia Ancient Wisdom.<\/p>\n<p style=\"text-align: justify;\"><span style=\"color: rgb(184, 49, 47);\"><strong>Hamamelis:<\/strong><\/span><\/p>\n<p style=\"text-align: justify;\">&nbsp;Agregado en lugar de alcohol para una gran evaporaci\u00f3n en la habitaci\u00f3n y la ropa de cama, el hamamelis es un astringente que a menudo se usa como un remedio t\u00f3pico natural. Contiene varios compuestos con potentes propiedades antiinflamatorias<\/p>\n","protected":false},"excerpt":{"rendered":"<p>El aceite esencial de Verbena de Lim\u00f3n puro se infunde en esta delicada niebla de aromaterapia, para promover una sensaci\u00f3n de serenidad cuando sea necesario. Ideal para mejorar su estado de \u00e1nimo, promoviendo una sensaci\u00f3n de relajaci\u00f3n y serenidad en cualquier momento del d\u00eda o de la noche. Para relajarse, roc\u00ede la niebla sobre la [&hellip;]<\/p>\n","protected":false},"featured_media":263315,"comment_status":"closed","ping_status":"open","template":"","meta":[],"product_brand":[27095],"product_cat":[23652,25844,16460,26246],"product_tag":[],"class_list":{"0":"post-243698","1":"product","2":"type-product","3":"status-publish","4":"has-post-thumbnail","6":"product_brand-ancient-wisdom","7":"product_cat-aceites-esenciales","8":"product_cat-aromas","9":"product_cat-aromaterapia-y-fragancias-para-hogar","10":"product_cat-hierbaluisa-cedron","11":"pa_collection-essential-oil-mists-100ml-es","12":"pa_made-in-reino-unido","13":"pa_size-100ml","15":"first","16":"instock","17":"purchasable","18":"product-type-simple"},"supplier_id":null,"supplier_sku":"EOM-04","barcode":null,"atum_controlled":true,"out_stock_date":null,"out_stock_threshold":null,"inheritable":false,"inbound_stock":0,"stock_on_hold":0,"sold_today":0,"sales_last_days":0,"reserved_stock":0,"customer_returns":0,"warehouse_damage":0,"lost_in_post":0,"other_logs":0,"out_stock_days":0,"lost_sales":0,"has_location":false,"update_date":"2026-02-10T11:24:08","atum_locations":[],"atum_stock_status":"instock","restock_status":false,"low_stock_amount":"","sales_update_date":"2026-02-06T00:02:36","calc_backorders":null,"_links":{"self":[{"href":"https:\/\/aromasentia.com\/es\/wp-json\/wp\/v2\/product\/243698","targetHints":{"allow":["GET"]}}],"collection":[{"href":"https:\/\/aromasentia.com\/es\/wp-json\/wp\/v2\/product"}],"about":[{"href":"https:\/\/aromasentia.com\/es\/wp-json\/wp\/v2\/types\/product"}],"replies":[{"embeddable":true,"href":"https:\/\/aromasentia.com\/es\/wp-json\/wp\/v2\/comments?post=243698"}],"version-history":[{"count":0,"href":"https:\/\/aromasentia.com\/es\/wp-json\/wp\/v2\/product\/243698\/revisions"}],"wp:featuredmedia":[{"embeddable":true,"href":"https:\/\/aromasentia.com\/es\/wp-json\/wp\/v2\/media\/263315"}],"wp:attachment":[{"href":"https:\/\/aromasentia.com\/es\/wp-json\/wp\/v2\/media?parent=243698"}],"wp:term":[{"taxonomy":"product_brand","embeddable":true,"href":"https:\/\/aromasentia.com\/es\/wp-json\/wp\/v2\/product_brand?post=243698"},{"taxonomy":"product_cat","embeddable":true,"href":"https:\/\/aromasentia.com\/es\/wp-json\/wp\/v2\/product_cat?post=243698"},{"taxonomy":"product_tag","embeddable":true,"href":"https:\/\/aromasentia.com\/es\/wp-json\/wp\/v2\/product_tag?post=243698"}],"curies":[{"name":"wp","href":"https:\/\/api.w.org\/{rel}","templated":true}]}}