{"id":243694,"date":"2025-03-20T14:56:50","date_gmt":"2025-03-20T14:56:50","guid":{"rendered":"https:\/\/aromasentia.com\/product\/10x-10ml-fennel-essential-oil-unlabelled\/"},"modified":"2025-05-31T20:47:30","modified_gmt":"2025-05-31T20:47:30","slug":"hinojo-aceite-esencial-sin-etiqueta-10ml","status":"publish","type":"product","link":"https:\/\/aromasentia.com\/es\/hinojo-aceite-esencial-sin-etiqueta-10ml\/","title":{"rendered":"Hinojo Aceite Esencial-Sin Etiqueta 10ml"},"content":{"rendered":"<p>Encuentre bienestar y claridad digestiva con este paquete de 10 unidades de Aceite Esencial de Hinojo de 10 ml sin etiquetar. El aceite de hinojo dulce tiene un distintivo aroma dulce, terroso y anisado, tradicionalmente utilizado para favorecer una digesti\u00f3n saludable, aliviar la hinchaz\u00f3n y reducir el malestar. Tambi\u00e9n es conocido por sus propiedades equilibrantes y depurativas. En aromaterapia, su aroma puede ser clarificador y reconfortante. Un aceite \u00fanico y de apoyo para aquellos que buscan una ayuda digestiva natural y un toque de dulzura similar al regaliz en sus mezclas arom\u00e1ticas, listo para marcar.<\/p>\n","protected":false},"excerpt":{"rendered":"<p>Encuentre bienestar y claridad digestiva con este paquete de 10 unidades de Aceite Esencial de Hinojo de 10 ml sin etiquetar. El aceite de hinojo dulce tiene un distintivo aroma dulce, terroso y anisado, tradicionalmente utilizado para favorecer una digesti\u00f3n saludable, aliviar la hinchaz\u00f3n y reducir el malestar. Tambi\u00e9n es conocido por sus propiedades equilibrantes [&hellip;]<\/p>\n","protected":false},"featured_media":263884,"comment_status":"closed","ping_status":"open","template":"","meta":{"_angie_page":false},"product_brand":[27095],"product_cat":[23652,25844,16460,26863,26182],"product_tag":[],"class_list":{"0":"post-243694","1":"product","2":"type-product","3":"status-publish","4":"has-post-thumbnail","6":"product_brand-ancient-wisdom","7":"product_cat-aceites-esenciales","8":"product_cat-aromas","9":"product_cat-aromaterapia-y-fragancias-para-hogar","10":"product_cat-herbal-aromatico","11":"product_cat-hinojo","12":"pa_collection-gifts-unbranded-essential-oils-es","13":"pa_made-in-ucrania","14":"pa_size-10ml","16":"first","17":"instock","18":"purchasable","19":"product-type-simple"},"supplier_id":null,"supplier_sku":"EOUL-16","barcode":null,"atum_controlled":true,"out_stock_date":null,"out_stock_threshold":null,"inheritable":false,"inbound_stock":null,"stock_on_hold":0,"sold_today":0,"sales_last_days":0,"reserved_stock":null,"customer_returns":null,"warehouse_damage":null,"lost_in_post":null,"other_logs":null,"out_stock_days":9,"lost_sales":0,"has_location":null,"update_date":"2026-04-27T07:01:47","atum_locations":[],"atum_stock_status":"instock","restock_status":false,"low_stock_amount":"","sales_update_date":"2026-01-30T01:24:57","calc_backorders":null,"_links":{"self":[{"href":"https:\/\/aromasentia.com\/es\/wp-json\/wp\/v2\/product\/243694","targetHints":{"allow":["GET"]}}],"collection":[{"href":"https:\/\/aromasentia.com\/es\/wp-json\/wp\/v2\/product"}],"about":[{"href":"https:\/\/aromasentia.com\/es\/wp-json\/wp\/v2\/types\/product"}],"replies":[{"embeddable":true,"href":"https:\/\/aromasentia.com\/es\/wp-json\/wp\/v2\/comments?post=243694"}],"version-history":[{"count":0,"href":"https:\/\/aromasentia.com\/es\/wp-json\/wp\/v2\/product\/243694\/revisions"}],"wp:featuredmedia":[{"embeddable":true,"href":"https:\/\/aromasentia.com\/es\/wp-json\/wp\/v2\/media\/263884"}],"wp:attachment":[{"href":"https:\/\/aromasentia.com\/es\/wp-json\/wp\/v2\/media?parent=243694"}],"wp:term":[{"taxonomy":"product_brand","embeddable":true,"href":"https:\/\/aromasentia.com\/es\/wp-json\/wp\/v2\/product_brand?post=243694"},{"taxonomy":"product_cat","embeddable":true,"href":"https:\/\/aromasentia.com\/es\/wp-json\/wp\/v2\/product_cat?post=243694"},{"taxonomy":"product_tag","embeddable":true,"href":"https:\/\/aromasentia.com\/es\/wp-json\/wp\/v2\/product_tag?post=243694"}],"curies":[{"name":"wp","href":"https:\/\/api.w.org\/{rel}","templated":true}]}}