{"id":243658,"date":"2025-03-20T14:56:50","date_gmt":"2025-03-20T14:56:50","guid":{"rendered":"https:\/\/aromasentia.com\/product\/10x-10ml-clary-sage-essential-oil-unlabelled\/"},"modified":"2025-05-31T20:47:00","modified_gmt":"2025-05-31T20:47:00","slug":"sabia-clara-sin-etiqueta-10ml","status":"publish","type":"product","link":"https:\/\/aromasentia.com\/es\/sabia-clara-sin-etiqueta-10ml\/","title":{"rendered":"Sabia Clara Sin Etiqueta 10ml"},"content":{"rendered":"<h2>Al por mayor 10x 10ml Aceite Esencial de Salvia Esclarea I &#8211; Etiqueta sin marca | Compre al por mayor <\/h2>\n<p>Presentamos nuestro Aceite Esencial de Salvia Esclarea 10x 10ml con etiqueta sin marca, perfecto para personalizar y marcar. Derivado de las sumidades floridas de la planta de salvia sclarea, este aceite de primera calidad ofrece un aroma herbal y terroso \u00fanico. <a href=\"https:\/\/aromasentia.com\/eoul-07\" rel=\"noopener noreferrer\" target=\"_blank\"><u>Aceite Esencial de Salvia Sclarea<\/u><\/a>es conocido por sus propiedades terap\u00e9uticas, a menudo utilizadas para promover la relajaci\u00f3n, aliviar el estr\u00e9s y apoyar el bienestar general.<\/p>\n<p>Con sus vers\u00e1tiles aplicaciones, este aceite puede mezclarse con aceites portadores para masajes, a\u00f1adirse a difusores para crear una atm\u00f3sfera calmante o incorporarse a productos para el cuidado de la piel y el cabello. Cada frasco se envasa cuidadosamente en una caja marr\u00f3n que garantiza su calidad y frescura. Aumente su colecci\u00f3n de aromaterapia y disfrute de los beneficios del Aceite Esencial de Salvia Esclarea.<\/p>\n<p><strong>Descubra el poder calmante de la naturaleza con nuestro Aceite Esencial de Salvia Esclarea sin marca hoy mismo.<\/strong><\/p>\n<p><\/p>\n","protected":false},"excerpt":{"rendered":"<p>Al por mayor 10x 10ml Aceite Esencial de Salvia Esclarea I &#8211; Etiqueta sin marca | Compre al por mayor Presentamos nuestro Aceite Esencial de Salvia Esclarea 10x 10ml con etiqueta sin marca, perfecto para personalizar y marcar. Derivado de las sumidades floridas de la planta de salvia sclarea, este aceite de primera calidad ofrece [&hellip;]<\/p>\n","protected":false},"featured_media":263803,"comment_status":"closed","ping_status":"open","template":"","meta":{"_angie_page":false},"product_brand":[27095],"product_cat":[23652,25844,16460,26863,26142],"product_tag":[],"class_list":{"0":"post-243658","1":"product","2":"type-product","3":"status-publish","4":"has-post-thumbnail","6":"product_brand-ancient-wisdom","7":"product_cat-aceites-esenciales","8":"product_cat-aromas","9":"product_cat-aromaterapia-y-fragancias-para-hogar","10":"product_cat-herbal-aromatico","11":"product_cat-salvia-sclarea","12":"pa_collection-gifts-unbranded-essential-oils-es","13":"pa_made-in-francia","14":"pa_size-10ml","16":"first","17":"instock","18":"purchasable","19":"product-type-simple"},"supplier_id":null,"supplier_sku":"EOUL-07","barcode":null,"atum_controlled":true,"out_stock_date":null,"out_stock_threshold":null,"inheritable":false,"inbound_stock":null,"stock_on_hold":0,"sold_today":0,"sales_last_days":0,"reserved_stock":null,"customer_returns":null,"warehouse_damage":null,"lost_in_post":null,"other_logs":null,"out_stock_days":0,"lost_sales":0,"has_location":null,"update_date":"2026-04-27T07:01:40","atum_locations":[],"atum_stock_status":"instock","restock_status":false,"low_stock_amount":"","sales_update_date":"2026-01-30T01:26:17","calc_backorders":null,"_links":{"self":[{"href":"https:\/\/aromasentia.com\/es\/wp-json\/wp\/v2\/product\/243658","targetHints":{"allow":["GET"]}}],"collection":[{"href":"https:\/\/aromasentia.com\/es\/wp-json\/wp\/v2\/product"}],"about":[{"href":"https:\/\/aromasentia.com\/es\/wp-json\/wp\/v2\/types\/product"}],"replies":[{"embeddable":true,"href":"https:\/\/aromasentia.com\/es\/wp-json\/wp\/v2\/comments?post=243658"}],"version-history":[{"count":0,"href":"https:\/\/aromasentia.com\/es\/wp-json\/wp\/v2\/product\/243658\/revisions"}],"wp:featuredmedia":[{"embeddable":true,"href":"https:\/\/aromasentia.com\/es\/wp-json\/wp\/v2\/media\/263803"}],"wp:attachment":[{"href":"https:\/\/aromasentia.com\/es\/wp-json\/wp\/v2\/media?parent=243658"}],"wp:term":[{"taxonomy":"product_brand","embeddable":true,"href":"https:\/\/aromasentia.com\/es\/wp-json\/wp\/v2\/product_brand?post=243658"},{"taxonomy":"product_cat","embeddable":true,"href":"https:\/\/aromasentia.com\/es\/wp-json\/wp\/v2\/product_cat?post=243658"},{"taxonomy":"product_tag","embeddable":true,"href":"https:\/\/aromasentia.com\/es\/wp-json\/wp\/v2\/product_tag?post=243658"}],"curies":[{"name":"wp","href":"https:\/\/api.w.org\/{rel}","templated":true}]}}