{"id":243630,"date":"2025-03-20T14:57:05","date_gmt":"2025-03-20T14:57:05","guid":{"rendered":"https:\/\/aromasentia.com\/product\/10x-10ml-lemongrass-essential-oil-unlabelled\/"},"modified":"2025-05-31T20:46:26","modified_gmt":"2025-05-31T20:46:26","slug":"hierba-de-limon-aceite-esencial-sin-etiqueta-10ml","status":"publish","type":"product","link":"https:\/\/aromasentia.com\/es\/hierba-de-limon-aceite-esencial-sin-etiqueta-10ml\/","title":{"rendered":"Hierba de Lim\u00f3n Aceite Esencial-Sin Etiqueta 10ml"},"content":{"rendered":"<p>Tonifique y limpie con este paquete de 10 unidades de Aceite Esencial de Hierba Lim\u00f3n de 10 ml sin etiquetar. Con su aroma fuerte, fresco, alimonado y herb\u00e1ceo, la hierba lim\u00f3n es un potente desodorante natural, repelente de insectos y agente antimicrobiano. Es edificante y estimulante, y ayuda a aumentar la energ\u00eda, aliviar el estr\u00e9s y agudizar la concentraci\u00f3n. Tambi\u00e9n es beneficioso para tonificar la piel y calmar los m\u00fasculos doloridos, es un aceite vers\u00e1til y vibrante para difusores, mezclas de limpieza y cuidado corporal vigorizante, a la espera de su toque personalizado.<\/p>\n","protected":false},"excerpt":{"rendered":"<p>Tonifique y limpie con este paquete de 10 unidades de Aceite Esencial de Hierba Lim\u00f3n de 10 ml sin etiquetar. Con su aroma fuerte, fresco, alimonado y herb\u00e1ceo, la hierba lim\u00f3n es un potente desodorante natural, repelente de insectos y agente antimicrobiano. Es edificante y estimulante, y ayuda a aumentar la energ\u00eda, aliviar el estr\u00e9s [&hellip;]<\/p>\n","protected":false},"featured_media":263974,"comment_status":"closed","ping_status":"open","template":"","meta":{"_angie_page":false},"product_brand":[27095],"product_cat":[23652,25844,16460,26255],"product_tag":[],"class_list":{"0":"post-243630","1":"product","2":"type-product","3":"status-publish","4":"has-post-thumbnail","6":"product_brand-ancient-wisdom","7":"product_cat-aceites-esenciales","8":"product_cat-aromas","9":"product_cat-aromaterapia-y-fragancias-para-hogar","10":"product_cat-hierba-limon-lemongrass","11":"pa_collection-gifts-unbranded-essential-oils-es","12":"pa_made-in-india","13":"pa_size-10ml","15":"first","16":"instock","17":"purchasable","18":"product-type-simple"},"supplier_id":null,"supplier_sku":"EOUL-28","barcode":null,"atum_controlled":true,"out_stock_date":null,"out_stock_threshold":null,"inheritable":false,"inbound_stock":null,"stock_on_hold":0,"sold_today":0,"sales_last_days":0,"reserved_stock":null,"customer_returns":null,"warehouse_damage":null,"lost_in_post":null,"other_logs":null,"out_stock_days":0,"lost_sales":0,"has_location":null,"update_date":"2026-04-27T07:01:47","atum_locations":[],"atum_stock_status":"instock","restock_status":false,"low_stock_amount":"","sales_update_date":"2026-01-30T01:26:17","calc_backorders":null,"_links":{"self":[{"href":"https:\/\/aromasentia.com\/es\/wp-json\/wp\/v2\/product\/243630","targetHints":{"allow":["GET"]}}],"collection":[{"href":"https:\/\/aromasentia.com\/es\/wp-json\/wp\/v2\/product"}],"about":[{"href":"https:\/\/aromasentia.com\/es\/wp-json\/wp\/v2\/types\/product"}],"replies":[{"embeddable":true,"href":"https:\/\/aromasentia.com\/es\/wp-json\/wp\/v2\/comments?post=243630"}],"version-history":[{"count":0,"href":"https:\/\/aromasentia.com\/es\/wp-json\/wp\/v2\/product\/243630\/revisions"}],"wp:featuredmedia":[{"embeddable":true,"href":"https:\/\/aromasentia.com\/es\/wp-json\/wp\/v2\/media\/263974"}],"wp:attachment":[{"href":"https:\/\/aromasentia.com\/es\/wp-json\/wp\/v2\/media?parent=243630"}],"wp:term":[{"taxonomy":"product_brand","embeddable":true,"href":"https:\/\/aromasentia.com\/es\/wp-json\/wp\/v2\/product_brand?post=243630"},{"taxonomy":"product_cat","embeddable":true,"href":"https:\/\/aromasentia.com\/es\/wp-json\/wp\/v2\/product_cat?post=243630"},{"taxonomy":"product_tag","embeddable":true,"href":"https:\/\/aromasentia.com\/es\/wp-json\/wp\/v2\/product_tag?post=243630"}],"curies":[{"name":"wp","href":"https:\/\/api.w.org\/{rel}","templated":true}]}}