{"id":243626,"date":"2025-03-20T14:57:05","date_gmt":"2025-03-20T14:57:05","guid":{"rendered":"https:\/\/aromasentia.com\/product\/10x-10ml-juniperberry-essential-oil-unlabelled\/"},"modified":"2025-05-31T20:46:23","modified_gmt":"2025-05-31T20:46:23","slug":"baya-de-enebro-aceite-esencial-sin-etiqueta-10ml","status":"publish","type":"product","link":"https:\/\/aromasentia.com\/es\/baya-de-enebro-aceite-esencial-sin-etiqueta-10ml\/","title":{"rendered":"Baya de Enebro Aceite Esencial-Sin Etiqueta 10ml"},"content":{"rendered":"<p>Limpie y refresque con este paquete de 10 ml de Aceite Esencial de Enebro sin etiquetar. Este aceite tiene un aroma fresco, fresco, amaderado y ligeramente dulce-bals\u00e1mico, que recuerda a la ginebra. La baya de enebro es conocida por sus propiedades desintoxicantes, diur\u00e9ticas y purificantes, y se utiliza a menudo para mejorar la funci\u00f3n renal y limpiar el organismo. Su aroma es clarificador para la mente y puede ayudar a disipar la negatividad. Una gran elecci\u00f3n para mezclas desintoxicantes, difusiones purificantes o para a\u00f1adir una nota limpia y resinosa a tus f\u00f3rmulas.<\/p>\n","protected":false},"excerpt":{"rendered":"<p>Limpie y refresque con este paquete de 10 ml de Aceite Esencial de Enebro sin etiquetar. Este aceite tiene un aroma fresco, fresco, amaderado y ligeramente dulce-bals\u00e1mico, que recuerda a la ginebra. La baya de enebro es conocida por sus propiedades desintoxicantes, diur\u00e9ticas y purificantes, y se utiliza a menudo para mejorar la funci\u00f3n renal [&hellip;]<\/p>\n","protected":false},"featured_media":263965,"comment_status":"closed","ping_status":"open","template":"","meta":{"_angie_page":false},"product_brand":[27095],"product_cat":[23652,26898,25844,16460,26228],"product_tag":[],"class_list":{"0":"post-243626","1":"product","2":"type-product","3":"status-publish","4":"has-post-thumbnail","6":"product_brand-ancient-wisdom","7":"product_cat-aceites-esenciales","8":"product_cat-amaderado","9":"product_cat-aromas","10":"product_cat-aromaterapia-y-fragancias-para-hogar","11":"product_cat-baya-de-enebro","12":"pa_collection-gifts-unbranded-essential-oils-es","13":"pa_made-in-croacia","14":"pa_size-10ml","16":"first","17":"instock","18":"purchasable","19":"product-type-simple"},"supplier_id":null,"supplier_sku":"EOUL-27","barcode":null,"atum_controlled":true,"out_stock_date":null,"out_stock_threshold":null,"inheritable":false,"inbound_stock":null,"stock_on_hold":0,"sold_today":0,"sales_last_days":0,"reserved_stock":null,"customer_returns":null,"warehouse_damage":null,"lost_in_post":null,"other_logs":null,"out_stock_days":9,"lost_sales":0,"has_location":null,"update_date":"2026-04-27T07:01:47","atum_locations":[],"atum_stock_status":"instock","restock_status":false,"low_stock_amount":"","sales_update_date":"2026-01-30T01:25:01","calc_backorders":null,"_links":{"self":[{"href":"https:\/\/aromasentia.com\/es\/wp-json\/wp\/v2\/product\/243626","targetHints":{"allow":["GET"]}}],"collection":[{"href":"https:\/\/aromasentia.com\/es\/wp-json\/wp\/v2\/product"}],"about":[{"href":"https:\/\/aromasentia.com\/es\/wp-json\/wp\/v2\/types\/product"}],"replies":[{"embeddable":true,"href":"https:\/\/aromasentia.com\/es\/wp-json\/wp\/v2\/comments?post=243626"}],"version-history":[{"count":0,"href":"https:\/\/aromasentia.com\/es\/wp-json\/wp\/v2\/product\/243626\/revisions"}],"wp:featuredmedia":[{"embeddable":true,"href":"https:\/\/aromasentia.com\/es\/wp-json\/wp\/v2\/media\/263965"}],"wp:attachment":[{"href":"https:\/\/aromasentia.com\/es\/wp-json\/wp\/v2\/media?parent=243626"}],"wp:term":[{"taxonomy":"product_brand","embeddable":true,"href":"https:\/\/aromasentia.com\/es\/wp-json\/wp\/v2\/product_brand?post=243626"},{"taxonomy":"product_cat","embeddable":true,"href":"https:\/\/aromasentia.com\/es\/wp-json\/wp\/v2\/product_cat?post=243626"},{"taxonomy":"product_tag","embeddable":true,"href":"https:\/\/aromasentia.com\/es\/wp-json\/wp\/v2\/product_tag?post=243626"}],"curies":[{"name":"wp","href":"https:\/\/api.w.org\/{rel}","templated":true}]}}