{"id":243614,"date":"2025-03-20T14:57:05","date_gmt":"2025-03-20T14:57:05","guid":{"rendered":"https:\/\/aromasentia.com\/product\/10x-10ml-cypress-essential-oil-unlabelled\/"},"modified":"2025-05-31T20:46:15","modified_gmt":"2025-05-31T20:46:15","slug":"cipres-aceite-esencial-sin-etiqueta-10ml","status":"publish","type":"product","link":"https:\/\/aromasentia.com\/es\/cipres-aceite-esencial-sin-etiqueta-10ml\/","title":{"rendered":"Cipr\u00e9s Aceite Esencial-Sin Etiqueta 10ml"},"content":{"rendered":"<p>Aterrice y purifique con este paquete de 10 aceites esenciales de cipr\u00e9s de 10 ml sin etiquetar. Este aceite ofrece un aroma fresco, limpio, ligeramente le\u00f1oso y de hoja perenne que es a la vez enraizante y edificante. El cipr\u00e9s es conocido por sus propiedades astringentes, que benefician a la piel grasa y favorecen la circulaci\u00f3n. En aromaterapia, se utiliza para reconfortar en momentos de dolor, fomentar la fortaleza emocional y purificar el aire. Un maravilloso aceite equilibrante para crear una sensaci\u00f3n de estabilidad y frescura, perfecto para difusores o mezclas para el cuidado de la piel.<\/p>\n","protected":false},"excerpt":{"rendered":"<p>Aterrice y purifique con este paquete de 10 aceites esenciales de cipr\u00e9s de 10 ml sin etiquetar. Este aceite ofrece un aroma fresco, limpio, ligeramente le\u00f1oso y de hoja perenne que es a la vez enraizante y edificante. El cipr\u00e9s es conocido por sus propiedades astringentes, que benefician a la piel grasa y favorecen la [&hellip;]<\/p>\n","protected":false},"featured_media":263938,"comment_status":"closed","ping_status":"open","template":"","meta":{"_angie_page":false},"product_brand":[27095],"product_cat":[23652,26898,25844,16460,26167],"product_tag":[],"class_list":{"0":"post-243614","1":"product","2":"type-product","3":"status-publish","4":"has-post-thumbnail","6":"product_brand-ancient-wisdom","7":"product_cat-aceites-esenciales","8":"product_cat-amaderado","9":"product_cat-aromas","10":"product_cat-aromaterapia-y-fragancias-para-hogar","11":"product_cat-cipres","12":"pa_collection-gifts-unbranded-essential-oils-es","13":"pa_made-in-espana","14":"pa_size-10ml","16":"first","17":"instock","18":"purchasable","19":"product-type-simple"},"supplier_id":null,"supplier_sku":"EOUL-23","barcode":null,"atum_controlled":true,"out_stock_date":null,"out_stock_threshold":null,"inheritable":false,"inbound_stock":0,"stock_on_hold":0,"sold_today":0,"sales_last_days":0,"reserved_stock":0,"customer_returns":0,"warehouse_damage":0,"lost_in_post":0,"other_logs":0,"out_stock_days":0,"lost_sales":0,"has_location":false,"update_date":"2026-04-27T07:01:47","atum_locations":[],"atum_stock_status":"instock","restock_status":false,"low_stock_amount":"","sales_update_date":"2026-02-06T00:01:32","calc_backorders":null,"_links":{"self":[{"href":"https:\/\/aromasentia.com\/es\/wp-json\/wp\/v2\/product\/243614","targetHints":{"allow":["GET"]}}],"collection":[{"href":"https:\/\/aromasentia.com\/es\/wp-json\/wp\/v2\/product"}],"about":[{"href":"https:\/\/aromasentia.com\/es\/wp-json\/wp\/v2\/types\/product"}],"replies":[{"embeddable":true,"href":"https:\/\/aromasentia.com\/es\/wp-json\/wp\/v2\/comments?post=243614"}],"version-history":[{"count":0,"href":"https:\/\/aromasentia.com\/es\/wp-json\/wp\/v2\/product\/243614\/revisions"}],"wp:featuredmedia":[{"embeddable":true,"href":"https:\/\/aromasentia.com\/es\/wp-json\/wp\/v2\/media\/263938"}],"wp:attachment":[{"href":"https:\/\/aromasentia.com\/es\/wp-json\/wp\/v2\/media?parent=243614"}],"wp:term":[{"taxonomy":"product_brand","embeddable":true,"href":"https:\/\/aromasentia.com\/es\/wp-json\/wp\/v2\/product_brand?post=243614"},{"taxonomy":"product_cat","embeddable":true,"href":"https:\/\/aromasentia.com\/es\/wp-json\/wp\/v2\/product_cat?post=243614"},{"taxonomy":"product_tag","embeddable":true,"href":"https:\/\/aromasentia.com\/es\/wp-json\/wp\/v2\/product_tag?post=243614"}],"curies":[{"name":"wp","href":"https:\/\/api.w.org\/{rel}","templated":true}]}}