{"id":243582,"date":"2025-03-20T14:57:34","date_gmt":"2025-03-20T14:57:34","guid":{"rendered":"https:\/\/aromasentia.com\/product\/10x-10ml-pine-sylvestris-essential-oil-unlabelled\/"},"modified":"2025-05-31T20:45:54","modified_gmt":"2025-05-31T20:45:54","slug":"pine-sylvestris-aceite-esencial-sin-etiqueta-10ml","status":"publish","type":"product","link":"https:\/\/aromasentia.com\/es\/pine-sylvestris-aceite-esencial-sin-etiqueta-10ml\/","title":{"rendered":"Pine Sylvestris Aceite Esencial-Sin Etiqueta 10ml"},"content":{"rendered":"<p>Lleve el bosque al interior con este paquete de 10 ml de Aceite Esencial de Pino Sylvestris sin etiquetar. Capturando el aroma fresco, crujiente, bals\u00e1mico y resinoso de un bosque de pinos, este aceite es maravillosamente edificante y purificador. El pino silvestre es conocido por su capacidad para favorecer la salud respiratoria, descongestionar y energizar la mente. Su aroma limpio y vigorizante tambi\u00e9n puede ayudar a neutralizar los olores y crear una atm\u00f3sfera refrescante. Ideal para difundir para evocar una sensaci\u00f3n de espacio abierto y vitalidad natural.<\/p>\n","protected":false},"excerpt":{"rendered":"<p>Lleve el bosque al interior con este paquete de 10 ml de Aceite Esencial de Pino Sylvestris sin etiquetar. Capturando el aroma fresco, crujiente, bals\u00e1mico y resinoso de un bosque de pinos, este aceite es maravillosamente edificante y purificador. El pino silvestre es conocido por su capacidad para favorecer la salud respiratoria, descongestionar y energizar [&hellip;]<\/p>\n","protected":false},"featured_media":264100,"comment_status":"closed","ping_status":"open","template":"","meta":{"_angie_page":false},"product_brand":[27095],"product_cat":[23652,26898,25844,16460,26347],"product_tag":[],"class_list":{"0":"post-243582","1":"product","2":"type-product","3":"status-publish","4":"has-post-thumbnail","6":"product_brand-ancient-wisdom","7":"product_cat-aceites-esenciales","8":"product_cat-amaderado","9":"product_cat-aromas","10":"product_cat-aromaterapia-y-fragancias-para-hogar","11":"product_cat-pino-silvestre-pino-albar","12":"pa_collection-gifts-unbranded-essential-oils-es","13":"pa_made-in-serbia","14":"pa_size-10ml","16":"first","17":"instock","18":"purchasable","19":"product-type-simple"},"supplier_id":null,"supplier_sku":"EOUL-45","barcode":null,"atum_controlled":true,"out_stock_date":null,"out_stock_threshold":null,"inheritable":false,"inbound_stock":null,"stock_on_hold":0,"sold_today":0,"sales_last_days":0,"reserved_stock":null,"customer_returns":null,"warehouse_damage":null,"lost_in_post":null,"other_logs":null,"out_stock_days":9,"lost_sales":0,"has_location":null,"update_date":"2026-04-27T07:01:53","atum_locations":[],"atum_stock_status":"instock","restock_status":false,"low_stock_amount":"","sales_update_date":"2026-01-30T01:24:56","calc_backorders":null,"_links":{"self":[{"href":"https:\/\/aromasentia.com\/es\/wp-json\/wp\/v2\/product\/243582","targetHints":{"allow":["GET"]}}],"collection":[{"href":"https:\/\/aromasentia.com\/es\/wp-json\/wp\/v2\/product"}],"about":[{"href":"https:\/\/aromasentia.com\/es\/wp-json\/wp\/v2\/types\/product"}],"replies":[{"embeddable":true,"href":"https:\/\/aromasentia.com\/es\/wp-json\/wp\/v2\/comments?post=243582"}],"version-history":[{"count":0,"href":"https:\/\/aromasentia.com\/es\/wp-json\/wp\/v2\/product\/243582\/revisions"}],"wp:featuredmedia":[{"embeddable":true,"href":"https:\/\/aromasentia.com\/es\/wp-json\/wp\/v2\/media\/264100"}],"wp:attachment":[{"href":"https:\/\/aromasentia.com\/es\/wp-json\/wp\/v2\/media?parent=243582"}],"wp:term":[{"taxonomy":"product_brand","embeddable":true,"href":"https:\/\/aromasentia.com\/es\/wp-json\/wp\/v2\/product_brand?post=243582"},{"taxonomy":"product_cat","embeddable":true,"href":"https:\/\/aromasentia.com\/es\/wp-json\/wp\/v2\/product_cat?post=243582"},{"taxonomy":"product_tag","embeddable":true,"href":"https:\/\/aromasentia.com\/es\/wp-json\/wp\/v2\/product_tag?post=243582"}],"curies":[{"name":"wp","href":"https:\/\/api.w.org\/{rel}","templated":true}]}}